{"id":9865,"date":"2024-07-31T09:42:34","date_gmt":"2024-07-31T07:42:34","guid":{"rendered":"https:\/\/www.tresmer.ch\/?page_id=9865"},"modified":"2024-11-19T13:43:09","modified_gmt":"2024-11-19T12:43:09","slug":"petite-machine-a-trier-les-pieces-de-monnaie-tcc-601","status":"publish","type":"page","link":"https:\/\/www.tresmer.ch\/fr\/petite-machine-a-trier-les-pieces-de-monnaie-tcc-601\/","title":{"rendered":"Petite machine \u00e0 trier les pi\u00e8ces de monnaie TCC 601"},"content":{"rendered":"<div id=\"pg-9865-0\"  class=\"panel-grid\" ><div class=\"panel-grid-core\"><div id=\"pgc-9865-0-0\"  class=\"panel-grid-cell    \" ><div class=\"panel-widget-style\" ><h1>Petite machine \u00e0 trier les pi\u00e8ces de monnaie TCC 601<\/h1><hr \/><p>Petite trieuse de pi\u00e8ces de monnaie avec addition des r\u00e9sultats. Trie les CHF dans des compartiments individuels. Il est possible de r\u00e9gler un arr\u00eat de comptage individuel pour chaque valeur de pi\u00e8ce. \u00c0 la fin du processus de comptage, il est possible de consulter aussi bien les totaux des diff\u00e9rentes bo\u00eetes \u00e0 monnaie que le total g\u00e9n\u00e9ral.<\/p><\/div><div class=\"panel-widget-style\" ><a href=\"https:\/\/www.tresmer.ch\/wp-content\/uploads\/2024\/07\/TCC-601.webp\"><img decoding=\"async\" src=\"https:\/\/www.tresmer.ch\/wp-content\/uploads\/2024\/07\/TCC-601-300x296.webp\" alt=\"\" \/ ><\/a><\/div><div class=\"panel-widget-style\" >\r\n\t<div class=\"tabs style2\">\r\n\r\n\t\t<div id=\"thinkupshortcodesthinkup_builder_tabs\" class=\"tab-buttons tab-buttons-left\">\r\n\t\t<ul class=\"nav nav-tabs\">\r\n\t\t\r\n\t\t\t\t\r\n\t\t\r\n\t\t<li class=\"active\"><a href=\"#thinkupshortcodesthinkup_builder_tabs-0\" data-toggle=\"tab\">Caract\u00e9ristiques<\/a><\/li>\r\n\r\n\t\t\r\n\t\t\t\t\r\n\t\t\r\n\t\t<li><a href=\"#thinkupshortcodesthinkup_builder_tabs-1\" data-toggle=\"tab\">Donn\u00e9es techniques<\/a><\/li>\r\n\r\n\t\t\r\n\t\t\t\t\r\n\t\t\r\n\t\t<li><a href=\"#thinkupshortcodesthinkup_builder_tabs-2\" data-toggle=\"tab\">Domaine d'utilisation<\/a><\/li>\r\n\r\n\t\t\r\n\t\t\t\t\r\n\t\t<\/ul><div class=\"clearboth\"><\/div>\r\n\t\t<\/div>\r\n\t\r\n\t\t\t\r\n\t\t<div class=\"tab-content\">\r\n\t\t\r\n\t\t\t\t\t\r\n\t\t\r\n\t\t<div class=\"tab-pane fade  active in\" id=\"thinkupshortcodesthinkup_builder_tabs-0\">\u2022 Fonctions: Compter et trier toutes les pi\u00e8ces de monnaie en CHF <br>\n\u2022 Capacit\u00e9 du hopper: env. 200 pi\u00e8ces de monnaie <br>\n\u2022 Puissance: env. 220 pi\u00e8ces par minute <br>\n\u2022 Arr\u00eat du comptage: Librement s\u00e9lectionnable pour chaque compartiment \u00e0 pi\u00e8ces <br>\n\u2022 \u00c9cran: Affichage LED pour la valeur individuelle et la somme, ainsi que le nombre de pi\u00e8ces compt\u00e9es <br>\n\u2022 Raccordement: 230V <br><\/div>\r\n\r\n\t\t\r\n\t\t\t\t\t\r\n\t\t\r\n\t\t<div class=\"tab-pane fade\" id=\"thinkupshortcodesthinkup_builder_tabs-1\">Dimensions (H x L x P): 321 x 321 x 270 mm <br>\nPoids: 4.5 kg <br>\n\n<\/div>\r\n\r\n\t\t\r\n\t\t\t\t\t\r\n\t\t\r\n\t\t<div class=\"tab-pane fade\" id=\"thinkupshortcodesthinkup_builder_tabs-2\">Petites quantit\u00e9s de pi\u00e8ces, p. ex. gastronomie, magasins sp\u00e9cialis\u00e9s, kiosques, etc.<\/div>\r\n\r\n\t\t\r\n\t\t\r\n\t\t\r\n\t\t<\/div>\r\n\r\n\t<\/div><\/div><div class=\"panel-widget-style\" ><a target=\"_blank\" href=\"https:\/\/www.tresmer.ch\/wp-content\/uploads\/2024\/11\/Muenzsortierer-TCC-601_2024_FR.pdf\" id=\"thinkupshortcodesthinkup_builder_buttontheme\" class=\"button style1 themebutton large standard\">Fiche technique  <\/a><\/div><\/div><\/div><\/div>","protected":false},"excerpt":{"rendered":"<p>Petite machine \u00e0 trier les pi\u00e8ces de monnaie TCC 601Petite trieuse de pi\u00e8ces de monnaie avec addition des r\u00e9sultats. Trie les CHF dans des compartiments individuels. Il est possible de r\u00e9gler un arr\u00eat de comptage individuel pour chaque valeur de pi\u00e8ce. \u00c0 la fin du processus de comptage, il est possible de consulter aussi bien&hellip;<\/p>\n<p class=\"more-link\"><a href=\"https:\/\/www.tresmer.ch\/fr\/petite-machine-a-trier-les-pieces-de-monnaie-tcc-601\/\" class=\"themebutton\">Read More<\/a><\/p>\n","protected":false},"author":6,"featured_media":0,"parent":0,"menu_order":0,"comment_status":"closed","ping_status":"closed","template":"","meta":{"_sitemap_exclude":false,"_sitemap_priority":"","_sitemap_frequency":"","footnotes":""},"categories":[],"tags":[],"class_list":["post-9865","page","type-page","status-publish","hentry"],"jetpack_sharing_enabled":true,"_links":{"self":[{"href":"https:\/\/www.tresmer.ch\/fr\/wp-json\/wp\/v2\/pages\/9865","targetHints":{"allow":["GET"]}}],"collection":[{"href":"https:\/\/www.tresmer.ch\/fr\/wp-json\/wp\/v2\/pages"}],"about":[{"href":"https:\/\/www.tresmer.ch\/fr\/wp-json\/wp\/v2\/types\/page"}],"author":[{"embeddable":true,"href":"https:\/\/www.tresmer.ch\/fr\/wp-json\/wp\/v2\/users\/6"}],"replies":[{"embeddable":true,"href":"https:\/\/www.tresmer.ch\/fr\/wp-json\/wp\/v2\/comments?post=9865"}],"version-history":[{"count":8,"href":"https:\/\/www.tresmer.ch\/fr\/wp-json\/wp\/v2\/pages\/9865\/revisions"}],"predecessor-version":[{"id":10606,"href":"https:\/\/www.tresmer.ch\/fr\/wp-json\/wp\/v2\/pages\/9865\/revisions\/10606"}],"wp:attachment":[{"href":"https:\/\/www.tresmer.ch\/fr\/wp-json\/wp\/v2\/media?parent=9865"}],"wp:term":[{"taxonomy":"category","embeddable":true,"href":"https:\/\/www.tresmer.ch\/fr\/wp-json\/wp\/v2\/categories?post=9865"},{"taxonomy":"post_tag","embeddable":true,"href":"https:\/\/www.tresmer.ch\/fr\/wp-json\/wp\/v2\/tags?post=9865"}],"curies":[{"name":"wp","href":"https:\/\/api.w.org\/{rel}","templated":true}]}}