{"id":9728,"date":"2024-07-25T10:47:01","date_gmt":"2024-07-25T08:47:01","guid":{"rendered":"https:\/\/www.tresmer.ch\/notenpruefer-pro-cl-16-ir-lcd\/"},"modified":"2024-11-19T13:39:15","modified_gmt":"2024-11-19T12:39:15","slug":"notenpruefer-pro-cl-16-ir-lcd","status":"publish","type":"page","link":"https:\/\/www.tresmer.ch\/fr\/notenpruefer-pro-cl-16-ir-lcd\/","title":{"rendered":"Contr\u00f4leur de notes PRO CL-16 IR LCD"},"content":{"rendered":"<div id=\"pg-9728-0\"  class=\"panel-grid\" ><div class=\"panel-grid-core\"><div id=\"pgc-9728-0-0\"  class=\"panel-grid-cell    \" ><div class=\"panel-widget-style\" ><h1>Contr\u00f4leur de notes PRO CL-16 IR LCD<\/h1><hr \/><p>Le PRO CL-16 IR LCD a \u00e9t\u00e9 con\u00e7u pour un travail agr\u00e9able et s\u00fbr \u00e0 la caisse. Cet appareil convient parfaitement \u00e0 une utilisation dans les bureaux de change, dans les magasins et surtout dans les banques. Ce validateur de billets convainc par son utilisation simple et confortable et son design attrayant.<\/p><\/div><div class=\"panel-widget-style\" ><a href=\"https:\/\/www.tresmer.ch\/wp-content\/uploads\/2024\/07\/Pro-CL-16.jpg\"><img decoding=\"async\" src=\"https:\/\/www.tresmer.ch\/wp-content\/uploads\/2024\/07\/Pro-CL-16-300x284.jpg\" alt=\"\" \/ ><\/a><\/div><div class=\"panel-widget-style\" >\r\n\t<div class=\"tabs style1\">\r\n\r\n\t\t<div id=\"thinkupshortcodesthinkup_builder_tabs\" class=\"tab-buttons tab-buttons-left\">\r\n\t\t<ul class=\"nav nav-tabs\">\r\n\t\t\r\n\t\t\t\t\r\n\t\t\r\n\t\t<li class=\"active\"><a href=\"#thinkupshortcodesthinkup_builder_tabs-0\" data-toggle=\"tab\">Caract\u00e9ristiques<\/a><\/li>\r\n\r\n\t\t\r\n\t\t\t\t\r\n\t\t\r\n\t\t<li><a href=\"#thinkupshortcodesthinkup_builder_tabs-1\" data-toggle=\"tab\">Donn\u00e9es techniques<\/a><\/li>\r\n\r\n\t\t\r\n\t\t\t\t\r\n\t\t<\/ul><div class=\"clearboth\"><\/div>\r\n\t\t<\/div>\r\n\t\r\n\t\t\t\r\n\t\t<div class=\"tab-content\">\r\n\t\t\r\n\t\t\t\t\t\r\n\t\t\r\n\t\t<div class=\"tab-pane fade  active in\" id=\"thinkupshortcodesthinkup_builder_tabs-0\">Propri\u00e9t\u00e9s d'essai: <br>\n\u2022 IR, UV, lumi\u00e8re blanche r\u00e9fl\u00e9chie et lumi\u00e8re transmise <br>\n\u2022 D\u00e9tection du magn\u00e9tisme <br>\n\u2022 Reconna\u00eetre les couleurs changeantes <br>\n\u2022 Reconna\u00eetre les param\u00e8tres g\u00e9om\u00e9triques du billet <br><\/div>\r\n\r\n\t\t\r\n\t\t\t\t\t\r\n\t\t\r\n\t\t<div class=\"tab-pane fade\" id=\"thinkupshortcodesthinkup_builder_tabs-1\">\u2022 Dimensions: 27 x 25 x 15.5 cm <br>\n\u2022 Poids: 1.9 kg <br><\/div>\r\n\r\n\t\t\r\n\t\t\r\n\t\t\r\n\t\t<\/div>\r\n\r\n\t<\/div><\/div><div class=\"panel-widget-style\" ><a href=\"https:\/\/www.tresmer.ch\/wp-content\/uploads\/2024\/11\/Pro-CL-16_2024_FR.pdf\" id=\"thinkupshortcodesthinkup_builder_buttontheme\" class=\"button style1 themebutton small standard\">Fiche technique<\/a><\/div><\/div><\/div><\/div>","protected":false},"excerpt":{"rendered":"<p>Contr\u00f4leur de notes PRO CL-16 IR LCDLe PRO CL-16 IR LCD a \u00e9t\u00e9 con\u00e7u pour un travail agr\u00e9able et s\u00fbr \u00e0 la caisse. Cet appareil convient parfaitement \u00e0 une utilisation dans les bureaux de change, dans les magasins et surtout dans les banques. Ce validateur de billets convainc par son utilisation simple et confortable et&hellip;<\/p>\n<p class=\"more-link\"><a href=\"https:\/\/www.tresmer.ch\/fr\/notenpruefer-pro-cl-16-ir-lcd\/\" class=\"themebutton\">Read More<\/a><\/p>\n","protected":false},"author":6,"featured_media":0,"parent":0,"menu_order":0,"comment_status":"closed","ping_status":"closed","template":"","meta":{"_sitemap_exclude":false,"_sitemap_priority":"","_sitemap_frequency":"","footnotes":""},"categories":[],"tags":[],"class_list":["post-9728","page","type-page","status-publish","hentry"],"jetpack_sharing_enabled":true,"_links":{"self":[{"href":"https:\/\/www.tresmer.ch\/fr\/wp-json\/wp\/v2\/pages\/9728","targetHints":{"allow":["GET"]}}],"collection":[{"href":"https:\/\/www.tresmer.ch\/fr\/wp-json\/wp\/v2\/pages"}],"about":[{"href":"https:\/\/www.tresmer.ch\/fr\/wp-json\/wp\/v2\/types\/page"}],"author":[{"embeddable":true,"href":"https:\/\/www.tresmer.ch\/fr\/wp-json\/wp\/v2\/users\/6"}],"replies":[{"embeddable":true,"href":"https:\/\/www.tresmer.ch\/fr\/wp-json\/wp\/v2\/comments?post=9728"}],"version-history":[{"count":5,"href":"https:\/\/www.tresmer.ch\/fr\/wp-json\/wp\/v2\/pages\/9728\/revisions"}],"predecessor-version":[{"id":10590,"href":"https:\/\/www.tresmer.ch\/fr\/wp-json\/wp\/v2\/pages\/9728\/revisions\/10590"}],"wp:attachment":[{"href":"https:\/\/www.tresmer.ch\/fr\/wp-json\/wp\/v2\/media?parent=9728"}],"wp:term":[{"taxonomy":"category","embeddable":true,"href":"https:\/\/www.tresmer.ch\/fr\/wp-json\/wp\/v2\/categories?post=9728"},{"taxonomy":"post_tag","embeddable":true,"href":"https:\/\/www.tresmer.ch\/fr\/wp-json\/wp\/v2\/tags?post=9728"}],"curies":[{"name":"wp","href":"https:\/\/api.w.org\/{rel}","templated":true}]}}