{"id":9673,"date":"2024-07-23T16:35:36","date_gmt":"2024-07-23T14:35:36","guid":{"rendered":"https:\/\/www.tresmer.ch\/notenpruefer-pf-9007\/"},"modified":"2024-11-19T13:38:08","modified_gmt":"2024-11-19T12:38:08","slug":"notenpruefer-pf-9007","status":"publish","type":"page","link":"https:\/\/www.tresmer.ch\/fr\/notenpruefer-pf-9007\/","title":{"rendered":"Testeur de notes PF-9007"},"content":{"rendered":"<div id=\"pg-9673-0\"  class=\"panel-grid\" ><div class=\"panel-grid-core\"><div id=\"pgc-9673-0-0\"  class=\"panel-grid-cell    \" ><div class=\"panel-widget-style\" ><h1>Testeur de notes PF-9007<\/h1><hr \/><p>PF-9007 est un outil professionnel qui vous permet de d\u00e9tecter facilement les faux billets de banque de la plus haute qualit\u00e9 avec vos yeux ! Il vous offre une possibilit\u00e9 tr\u00e8s s\u00fbre de reconna\u00eetre les faux billets de banque, \u00e9ventuellement de les comparer.<\/p><\/div><div class=\"panel-widget-style\" ><p><img decoding=\"async\" src=\"https:\/\/www.tresmer.ch\/wp-content\/uploads\/2024\/07\/PF-9007-Durchlicht.jpg\" alt=\"\" \/ ><\/p><\/div><div class=\"panel-widget-style\" >\r\n\t<div class=\"tabs style2\">\r\n\r\n\t\t<div id=\"thinkupshortcodesthinkup_builder_tabs\" class=\"tab-buttons tab-buttons-left\">\r\n\t\t<ul class=\"nav nav-tabs\">\r\n\t\t\r\n\t\t\t\t\r\n\t\t\r\n\t\t<li class=\"active\"><a href=\"#thinkupshortcodesthinkup_builder_tabs-0\" data-toggle=\"tab\">Caract\u00e9ristiques<\/a><\/li>\r\n\r\n\t\t\r\n\t\t\t\t\r\n\t\t\r\n\t\t<li><a href=\"#thinkupshortcodesthinkup_builder_tabs-1\" data-toggle=\"tab\">Donn\u00e9es techniques<\/a><\/li>\r\n\r\n\t\t\r\n\t\t\t\t\r\n\t\t<\/ul><div class=\"clearboth\"><\/div>\r\n\t\t<\/div>\r\n\t\r\n\t\t\t\r\n\t\t<div class=\"tab-content\">\r\n\t\t\r\n\t\t\t\t\t\r\n\t\t\r\n\t\t<div class=\"tab-pane fade  active in\" id=\"thinkupshortcodesthinkup_builder_tabs-0\">\u2022 Reconnaissance de l'\u00e9l\u00e9ment sp\u00e9cial \u00ab\u041c\u00bb (visualisation en cas de double \u00e9clairage IR) <br>\n\u2022 Reconnaissance des caract\u00e9ristiques UV et IR <br>\n\u2022 Contr\u00f4le des points magn\u00e9tiques (couleur, inserts) <br>\n\u2022 Contr\u00f4le de la luminescence anti-Stokes (hologrammes) <br>\n\u2022 D\u00e9tection de filigranes au moyen d'une lumi\u00e8re blanche d'arri\u00e8re-plan <br>\n\u2022 Reconnaissance de certaines caract\u00e9ristiques sous lumi\u00e8re blanche r\u00e9fl\u00e9chissante <br>\n\u2022 D\u00e9tection de certaines caract\u00e9ristiques sous une lumi\u00e8re blanche oblique <br>\n\u2022 V\u00e9rification des param\u00e8tres g\u00e9om\u00e9triques du billet <br>\n\u2022 Loupe vid\u00e9o 20x avec \u00e9clairage LED <br>\n\u2022 Possibilit\u00e9 d'examiner plusieurs billets en m\u00eame temps <br>\n\u2022 Fente dans le bo\u00eetier permettant de v\u00e9rifier des documents jusqu'au format A4 <br>\n\u2022 V\u00e9rification des micro-impressions gr\u00e2ce \u00e0 une cam\u00e9ra macro \u00e0 zoom 10x et 20x int\u00e9gr\u00e9e <br><\/div>\r\n\r\n\t\t\r\n\t\t\t\t\t\r\n\t\t\r\n\t\t<div class=\"tab-pane fade\" id=\"thinkupshortcodesthinkup_builder_tabs-1\">\u2022 Dimensions (L x P x H): 268 x 193 x 223 mm <br>\n\u2022 Poids: 1.9 kg <br><\/div>\r\n\r\n\t\t\r\n\t\t\r\n\t\t\r\n\t\t<\/div>\r\n\r\n\t<\/div><\/div><div class=\"panel-widget-style\" ><a target=\"_blank\" href=\"https:\/\/www.tresmer.ch\/wp-content\/uploads\/2024\/11\/PF-9007-Notenpruefgeraet_2024_FR.pdf\" id=\"thinkupshortcodesthinkup_builder_buttontheme\" class=\"button style1 themebutton large standard\">Fiche technique<\/a><\/div><\/div><\/div><\/div>","protected":false},"excerpt":{"rendered":"<p>Testeur de notes PF-9007PF-9007 est un outil professionnel qui vous permet de d\u00e9tecter facilement les faux billets de banque de la plus haute qualit\u00e9 avec vos yeux ! Il vous offre une possibilit\u00e9 tr\u00e8s s\u00fbre de reconna\u00eetre les faux billets de banque, \u00e9ventuellement de les comparer. Caract\u00e9ristiques Donn\u00e9es techniques \u2022 Reconnaissance de l&rsquo;\u00e9l\u00e9ment sp\u00e9cial \u00ab\u041c\u00bb&hellip;<\/p>\n<p class=\"more-link\"><a href=\"https:\/\/www.tresmer.ch\/fr\/notenpruefer-pf-9007\/\" class=\"themebutton\">Read More<\/a><\/p>\n","protected":false},"author":6,"featured_media":0,"parent":0,"menu_order":0,"comment_status":"closed","ping_status":"closed","template":"","meta":{"_sitemap_exclude":false,"_sitemap_priority":"","_sitemap_frequency":"","footnotes":""},"categories":[],"tags":[],"class_list":["post-9673","page","type-page","status-publish","hentry"],"jetpack_sharing_enabled":true,"_links":{"self":[{"href":"https:\/\/www.tresmer.ch\/fr\/wp-json\/wp\/v2\/pages\/9673","targetHints":{"allow":["GET"]}}],"collection":[{"href":"https:\/\/www.tresmer.ch\/fr\/wp-json\/wp\/v2\/pages"}],"about":[{"href":"https:\/\/www.tresmer.ch\/fr\/wp-json\/wp\/v2\/types\/page"}],"author":[{"embeddable":true,"href":"https:\/\/www.tresmer.ch\/fr\/wp-json\/wp\/v2\/users\/6"}],"replies":[{"embeddable":true,"href":"https:\/\/www.tresmer.ch\/fr\/wp-json\/wp\/v2\/comments?post=9673"}],"version-history":[{"count":7,"href":"https:\/\/www.tresmer.ch\/fr\/wp-json\/wp\/v2\/pages\/9673\/revisions"}],"predecessor-version":[{"id":10586,"href":"https:\/\/www.tresmer.ch\/fr\/wp-json\/wp\/v2\/pages\/9673\/revisions\/10586"}],"wp:attachment":[{"href":"https:\/\/www.tresmer.ch\/fr\/wp-json\/wp\/v2\/media?parent=9673"}],"wp:term":[{"taxonomy":"category","embeddable":true,"href":"https:\/\/www.tresmer.ch\/fr\/wp-json\/wp\/v2\/categories?post=9673"},{"taxonomy":"post_tag","embeddable":true,"href":"https:\/\/www.tresmer.ch\/fr\/wp-json\/wp\/v2\/tags?post=9673"}],"curies":[{"name":"wp","href":"https:\/\/api.w.org\/{rel}","templated":true}]}}