{"id":9558,"date":"2024-11-19T14:30:36","date_gmt":"2024-11-19T13:30:36","guid":{"rendered":"https:\/\/www.tresmer.ch\/?page_id=9558"},"modified":"2024-11-19T14:30:39","modified_gmt":"2024-11-19T13:30:39","slug":"machine-de-banderolage-ob-360-2","status":"publish","type":"page","link":"https:\/\/www.tresmer.ch\/fr\/machine-de-banderolage-ob-360-2\/","title":{"rendered":"Machine de banderolage OB-360"},"content":{"rendered":"<div id=\"pg-9558-0\"  class=\"panel-grid\" ><div class=\"panel-grid-core\"><div id=\"pgc-9558-0-0\"  class=\"panel-grid-cell    \" ><div class=\"panel-widget-style\" ><h1>Machine de banderolage OB-360<\/h1><h1>Banderoler des liasses de billets<\/h1><hr \/><p>Le point fort de l'OB-360 est l'utilisation d'une bande de film extra fine. Les co\u00fbts des consommables sont ainsi r\u00e9duits de moiti\u00e9 par rapport \u00e0 l'ancien film de 110 my d\u2019\u00e9paisseur!<br \/>Bien entendu, les rubans en papier et en plastique blancs ou bruns peuvent toujours \u00eatre utilis\u00e9s.<br \/>Une autre nouveaut\u00e9 exclusive est le cadre m\u00e9tallique de guidage du ruban, qui est largement insensible \u00e0 l'\u00e9lectricit\u00e9 statique, ainsi que l'\u00e9l\u00e9ment chauffant nouvellement con\u00e7u et sans usure. Le cadre prot\u00e8ge en outre le ruban et l'am\u00e8ne toujours \u00e0 la bonne longueur.<\/p><\/div><div class=\"panel-widget-style\" ><a href=\"https:\/\/www.tresmer.ch\/wp-content\/uploads\/2024\/07\/OB360.jpg\"><img decoding=\"async\" src=\"https:\/\/www.tresmer.ch\/wp-content\/uploads\/2024\/07\/OB360.jpg\" alt=\"\" \/ ><\/a><\/div><div class=\"panel-widget-style\" >\r\n\t<div class=\"tabs style2\">\r\n\r\n\t\t<div id=\"thinkupshortcodesthinkup_builder_tabs\" class=\"tab-buttons tab-buttons-left\">\r\n\t\t<ul class=\"nav nav-tabs\">\r\n\t\t\r\n\t\t\t\t\r\n\t\t\r\n\t\t<li class=\"active\"><a href=\"#thinkupshortcodesthinkup_builder_tabs-0\" data-toggle=\"tab\">Caract\u00e9ristiques<\/a><\/li>\r\n\r\n\t\t\r\n\t\t\t\t\r\n\t\t\r\n\t\t<li><a href=\"#thinkupshortcodesthinkup_builder_tabs-1\" data-toggle=\"tab\">Donn\u00e9es techniques<\/a><\/li>\r\n\r\n\t\t\r\n\t\t\t\t\r\n\t\t\r\n\t\t<li><a href=\"#thinkupshortcodesthinkup_builder_tabs-2\" data-toggle=\"tab\">Banderoles<\/a><\/li>\r\n\r\n\t\t\r\n\t\t\t\t\r\n\t\t<\/ul><div class=\"clearboth\"><\/div>\r\n\t\t<\/div>\r\n\t\r\n\t\t\t\r\n\t\t<div class=\"tab-content\">\r\n\t\t\r\n\t\t\t\t\t\r\n\t\t\r\n\t\t<div class=\"tab-pane fade  active in\" id=\"thinkupshortcodesthinkup_builder_tabs-0\">\u2022 Commande par p\u00e9dale <br>\n\u2022 Enfilage automatique facile <br>\n\u2022 Temps de chauffe rapide <br>\n\u2022 Pression de la bande r\u00e9glable <br>\n<\/div>\r\n\r\n\t\t\r\n\t\t\t\t\t\r\n\t\t\r\n\t\t<div class=\"tab-pane fade\" id=\"thinkupshortcodesthinkup_builder_tabs-1\">\u2022 Mat\u00e9riau de la bande : film 60 ou 110 my <br>\n\u2022 largeur de la botte : 30 \u00e0 380 mm <br>\n\u2022 largeur de bande : 29 mm <br>\n\u2022 Longueur du rouleau de bande de film : 60 my : 350 m <br>\n\u2022 Bande papier : 180 m Rendement 26 - 30 bottes \/ minute <br>\n\u2022 Hauteur de la botte : 10 \u00e0 200 mm <br>\n\u2022 Bande de film : 110 my : 200 m <br>\n\u2022 Tension de la bande : 0.5 \u00e0 3 Kg <br>\n\u2022 Raccordement \u00e9lectrique : 230V 50Hz 3A <br>\n\u2022 Dimensions \/ poids : 570 x 282 x 488 mm \/ 28.5kg <br><\/div>\r\n\r\n\t\t\r\n\t\t\t\t\t\r\n\t\t\r\n\t\t<div class=\"tab-pane fade\" id=\"thinkupshortcodesthinkup_builder_tabs-2\">\u2022 Ruban de papier <br>\n\u2022 Bande de film <br>\n\u2022 Banderoles imprim\u00e9es individuelles <br><\/div>\r\n\r\n\t\t\r\n\t\t\r\n\t\t\r\n\t\t<\/div>\r\n\r\n\t<\/div><\/div><div class=\"panel-widget-style\" ><a target=\"_blank\" href=\"https:\/\/www.tresmer.ch\/wp-content\/uploads\/2024\/11\/Banderolierer-OB360_2024_FR.pdf\" id=\"thinkupshortcodesthinkup_builder_buttontheme\" class=\"button style1 themebutton large standard\">Fiche technique<\/a><\/div><\/div><\/div><\/div>","protected":false},"excerpt":{"rendered":"<p>Machine de banderolage OB-360Banderoler des liasses de billetsLe point fort de l&rsquo;OB-360 est l&rsquo;utilisation d&rsquo;une bande de film extra fine. Les co\u00fbts des consommables sont ainsi r\u00e9duits de moiti\u00e9 par rapport \u00e0 l&rsquo;ancien film de 110 my d\u2019\u00e9paisseur!Bien entendu, les rubans en papier et en plastique blancs ou bruns peuvent toujours \u00eatre utilis\u00e9s.Une autre nouveaut\u00e9&hellip;<\/p>\n<p class=\"more-link\"><a href=\"https:\/\/www.tresmer.ch\/fr\/machine-de-banderolage-ob-360-2\/\" class=\"themebutton\">Read More<\/a><\/p>\n","protected":false},"author":6,"featured_media":0,"parent":0,"menu_order":0,"comment_status":"closed","ping_status":"closed","template":"","meta":{"_sitemap_exclude":false,"_sitemap_priority":"","_sitemap_frequency":"","footnotes":""},"categories":[],"tags":[],"class_list":["post-9558","page","type-page","status-publish","hentry"],"jetpack_sharing_enabled":true,"_links":{"self":[{"href":"https:\/\/www.tresmer.ch\/fr\/wp-json\/wp\/v2\/pages\/9558","targetHints":{"allow":["GET"]}}],"collection":[{"href":"https:\/\/www.tresmer.ch\/fr\/wp-json\/wp\/v2\/pages"}],"about":[{"href":"https:\/\/www.tresmer.ch\/fr\/wp-json\/wp\/v2\/types\/page"}],"author":[{"embeddable":true,"href":"https:\/\/www.tresmer.ch\/fr\/wp-json\/wp\/v2\/users\/6"}],"replies":[{"embeddable":true,"href":"https:\/\/www.tresmer.ch\/fr\/wp-json\/wp\/v2\/comments?post=9558"}],"version-history":[{"count":2,"href":"https:\/\/www.tresmer.ch\/fr\/wp-json\/wp\/v2\/pages\/9558\/revisions"}],"predecessor-version":[{"id":10654,"href":"https:\/\/www.tresmer.ch\/fr\/wp-json\/wp\/v2\/pages\/9558\/revisions\/10654"}],"wp:attachment":[{"href":"https:\/\/www.tresmer.ch\/fr\/wp-json\/wp\/v2\/media?parent=9558"}],"wp:term":[{"taxonomy":"category","embeddable":true,"href":"https:\/\/www.tresmer.ch\/fr\/wp-json\/wp\/v2\/categories?post=9558"},{"taxonomy":"post_tag","embeddable":true,"href":"https:\/\/www.tresmer.ch\/fr\/wp-json\/wp\/v2\/tags?post=9558"}],"curies":[{"name":"wp","href":"https:\/\/api.w.org\/{rel}","templated":true}]}}