{"id":9460,"date":"2024-07-31T08:54:45","date_gmt":"2024-07-31T06:54:45","guid":{"rendered":"https:\/\/www.tresmer.ch\/?page_id=9460"},"modified":"2024-11-19T11:09:30","modified_gmt":"2024-11-19T10:09:30","slug":"cds-804-coffre-fort-2","status":"publish","type":"page","link":"https:\/\/www.tresmer.ch\/fr\/cds-804-coffre-fort-2\/","title":{"rendered":"CDS-804 Coffre-fort"},"content":{"rendered":"<div id=\"pg-9460-0\"  class=\"panel-grid\" ><div class=\"panel-grid-core\"><div id=\"pgc-9460-0-0\"  class=\"panel-grid-cell    \" ><div class=\"panel-widget-style\" ><h1>CDS-804 Coffre-fort<\/h1><hr \/><p>Le CDS 804 est la nouvelle machine de recyclage de pi\u00e8ces \u00e0 haute capacit\u00e9 de CIMA. C'est la solution parfaite pour g\u00e9rer des volumes importants dans le monde de la distribution et de l'h\u00f4tellerie. Gr\u00e2ce \u00e0 la flexibilit\u00e9 des possibilit\u00e9s de s\u00e9lection et de distribution, elle convient \u00e9galement aux centres de distribution automatique. Associ\u00e9e \u00e0 l'un de nos coffres-forts intelligents leaders du secteur, cette solution r\u00e9duit consid\u00e9rablement le temps n\u00e9cessaire \u00e0 la pr\u00e9paration de la journ\u00e9e, \u00e0 la collecte des esp\u00e8ces en fin de journ\u00e9e et \u00e0 la r\u00e9conciliation.<\/p><\/div><div class=\"panel-widget-style\" ><a href=\"https:\/\/www.tresmer.ch\/wp-content\/uploads\/2024\/07\/CDS-804.webp\"><img decoding=\"async\" src=\"https:\/\/www.tresmer.ch\/wp-content\/uploads\/2024\/07\/CDS-804.webp\" alt=\"\" \/ ><\/a><\/div><div class=\"panel-widget-style\" ><p>Vitesse de d\u00e9p\u00f4t : A partir de 10 pi\u00e8ces par seconde<br \/>Vitesse de distribution : Jusqu'\u00e0 45 pi\u00e8ces par seconde<br \/>Capacit\u00e9 du bac d'alimentation : Pi\u00e8ces m\u00e9lang\u00e9es env. 900<br \/>Capacit\u00e9 de recyclage : 31'000 pi\u00e8ces<br \/>Dimensions ( L x P x H) 550 x 950 x 1250 mm<\/p><\/div><div class=\"panel-widget-style\" ><a target=\"_blank\" href=\"https:\/\/www.tresmer.ch\/wp-content\/uploads\/2024\/11\/Kassentresor_CDS804_2024_FR.pdf\" id=\"thinkupshortcodesthinkup_builder_buttontheme\" class=\"button style1 themebutton large standard\">Fiche technique<\/a><\/div><\/div><\/div><\/div>","protected":false},"excerpt":{"rendered":"<p>CDS-804 Coffre-fortLe CDS 804 est la nouvelle machine de recyclage de pi\u00e8ces \u00e0 haute capacit\u00e9 de CIMA. C&rsquo;est la solution parfaite pour g\u00e9rer des volumes importants dans le monde de la distribution et de l&rsquo;h\u00f4tellerie. Gr\u00e2ce \u00e0 la flexibilit\u00e9 des possibilit\u00e9s de s\u00e9lection et de distribution, elle convient \u00e9galement aux centres de distribution automatique. Associ\u00e9e&hellip;<\/p>\n<p class=\"more-link\"><a href=\"https:\/\/www.tresmer.ch\/fr\/cds-804-coffre-fort-2\/\" class=\"themebutton\">Read More<\/a><\/p>\n","protected":false},"author":6,"featured_media":0,"parent":0,"menu_order":0,"comment_status":"closed","ping_status":"closed","template":"","meta":{"_sitemap_exclude":false,"_sitemap_priority":"","_sitemap_frequency":"","footnotes":""},"categories":[],"tags":[],"class_list":["post-9460","page","type-page","status-publish","hentry"],"jetpack_sharing_enabled":true,"_links":{"self":[{"href":"https:\/\/www.tresmer.ch\/fr\/wp-json\/wp\/v2\/pages\/9460","targetHints":{"allow":["GET"]}}],"collection":[{"href":"https:\/\/www.tresmer.ch\/fr\/wp-json\/wp\/v2\/pages"}],"about":[{"href":"https:\/\/www.tresmer.ch\/fr\/wp-json\/wp\/v2\/types\/page"}],"author":[{"embeddable":true,"href":"https:\/\/www.tresmer.ch\/fr\/wp-json\/wp\/v2\/users\/6"}],"replies":[{"embeddable":true,"href":"https:\/\/www.tresmer.ch\/fr\/wp-json\/wp\/v2\/comments?post=9460"}],"version-history":[{"count":6,"href":"https:\/\/www.tresmer.ch\/fr\/wp-json\/wp\/v2\/pages\/9460\/revisions"}],"predecessor-version":[{"id":10492,"href":"https:\/\/www.tresmer.ch\/fr\/wp-json\/wp\/v2\/pages\/9460\/revisions\/10492"}],"wp:attachment":[{"href":"https:\/\/www.tresmer.ch\/fr\/wp-json\/wp\/v2\/media?parent=9460"}],"wp:term":[{"taxonomy":"category","embeddable":true,"href":"https:\/\/www.tresmer.ch\/fr\/wp-json\/wp\/v2\/categories?post=9460"},{"taxonomy":"post_tag","embeddable":true,"href":"https:\/\/www.tresmer.ch\/fr\/wp-json\/wp\/v2\/tags?post=9460"}],"curies":[{"name":"wp","href":"https:\/\/api.w.org\/{rel}","templated":true}]}}