{"id":9407,"date":"2024-07-31T09:03:11","date_gmt":"2024-07-31T07:03:11","guid":{"rendered":"https:\/\/www.tresmer.ch\/?page_id=9407"},"modified":"2024-11-19T11:03:02","modified_gmt":"2024-11-19T10:03:02","slug":"sdm-505-coffre-fort-automatique-avec-recycleur","status":"publish","type":"page","link":"https:\/\/www.tresmer.ch\/fr\/sdm-505-coffre-fort-automatique-avec-recycleur\/","title":{"rendered":"SDM-505 Coffre-fort automatique avec recycleur"},"content":{"rendered":"<div id=\"pg-9407-0\"  class=\"panel-grid\" ><div class=\"panel-grid-core\"><div id=\"pgc-9407-0-0\"  class=\"panel-grid-cell   \" ><div class=\"panel-widget-style\" ><h1>SDM-505 Coffre-fort automatique avec recycleur<\/h1><hr \/><p>Le SDM 505 S est un automate unique de d\u00e9p\u00f4t et de recyclage de billets de CIMA. Il est \u00e9quip\u00e9 de cinq tambours de recyclage d'une capacit\u00e9 de 500 billets chacun et d'une solution innovante de sacs empilables pour stocker l'argent exc\u00e9dentaire (jusqu'\u00e0 4000 billets).<\/p><p>La SDM 505S est la solution id\u00e9ale pour les commerces de d\u00e9tail et les \u00e9tablissements de restauration de taille moyenne. L'appareil g\u00e8re jusqu'\u00e0 6500 billets, 2500 en recyclage et 4000 en d\u00e9p\u00f4t. Le bac d'entr\u00e9e peut contenir jusqu'\u00e0 200 billets en alimentation continue. Le bac de sortie peut contenir 30 billets. Le v\u00e9rificateur de billets BV 5000, d\u00e9velopp\u00e9 par Cima, garantit l'authenticit\u00e9 totale de l'image et la conformit\u00e9 avec toutes les grandes banques centrales du monde.<\/p><\/div><div class=\"panel-widget-style\" ><a href=\"https:\/\/www.tresmer.ch\/wp-content\/uploads\/2024\/07\/SDM-505.webp\"><img decoding=\"async\" src=\"https:\/\/www.tresmer.ch\/wp-content\/uploads\/2024\/07\/SDM-505.webp\" alt=\"\" \/ ><\/a><\/div><div class=\"panel-widget-style\" ><a target=\"_blank\" href=\"https:\/\/www.tresmer.ch\/wp-content\/uploads\/2024\/11\/Kassentresor_SDM505S-_2024_FR.pdf\" id=\"thinkupshortcodesthinkup_builder_buttontheme\" class=\"button style1 themebutton large standard\">Fiche technique<\/a><\/div><\/div><\/div><\/div>","protected":false},"excerpt":{"rendered":"<p>SDM-505 Coffre-fort automatique avec recycleurLe SDM 505 S est un automate unique de d\u00e9p\u00f4t et de recyclage de billets de CIMA. Il est \u00e9quip\u00e9 de cinq tambours de recyclage d&rsquo;une capacit\u00e9 de 500 billets chacun et d&rsquo;une solution innovante de sacs empilables pour stocker l&rsquo;argent exc\u00e9dentaire (jusqu&rsquo;\u00e0 4000 billets).La SDM 505S est la solution id\u00e9ale&hellip;<\/p>\n<p class=\"more-link\"><a href=\"https:\/\/www.tresmer.ch\/fr\/sdm-505-coffre-fort-automatique-avec-recycleur\/\" class=\"themebutton\">Read More<\/a><\/p>\n","protected":false},"author":6,"featured_media":0,"parent":0,"menu_order":0,"comment_status":"closed","ping_status":"closed","template":"","meta":{"_sitemap_exclude":false,"_sitemap_priority":"","_sitemap_frequency":"","footnotes":""},"categories":[],"tags":[],"class_list":["post-9407","page","type-page","status-publish","hentry"],"jetpack_sharing_enabled":true,"_links":{"self":[{"href":"https:\/\/www.tresmer.ch\/fr\/wp-json\/wp\/v2\/pages\/9407","targetHints":{"allow":["GET"]}}],"collection":[{"href":"https:\/\/www.tresmer.ch\/fr\/wp-json\/wp\/v2\/pages"}],"about":[{"href":"https:\/\/www.tresmer.ch\/fr\/wp-json\/wp\/v2\/types\/page"}],"author":[{"embeddable":true,"href":"https:\/\/www.tresmer.ch\/fr\/wp-json\/wp\/v2\/users\/6"}],"replies":[{"embeddable":true,"href":"https:\/\/www.tresmer.ch\/fr\/wp-json\/wp\/v2\/comments?post=9407"}],"version-history":[{"count":4,"href":"https:\/\/www.tresmer.ch\/fr\/wp-json\/wp\/v2\/pages\/9407\/revisions"}],"predecessor-version":[{"id":10472,"href":"https:\/\/www.tresmer.ch\/fr\/wp-json\/wp\/v2\/pages\/9407\/revisions\/10472"}],"wp:attachment":[{"href":"https:\/\/www.tresmer.ch\/fr\/wp-json\/wp\/v2\/media?parent=9407"}],"wp:term":[{"taxonomy":"category","embeddable":true,"href":"https:\/\/www.tresmer.ch\/fr\/wp-json\/wp\/v2\/categories?post=9407"},{"taxonomy":"post_tag","embeddable":true,"href":"https:\/\/www.tresmer.ch\/fr\/wp-json\/wp\/v2\/tags?post=9407"}],"curies":[{"name":"wp","href":"https:\/\/api.w.org\/{rel}","templated":true}]}}