{"id":9291,"date":"2024-07-31T12:01:19","date_gmt":"2024-07-31T10:01:19","guid":{"rendered":"https:\/\/www.tresmer.ch\/?page_id=9291"},"modified":"2024-11-19T13:52:35","modified_gmt":"2024-11-19T12:52:35","slug":"imprimante-cashmaster-one-2","status":"publish","type":"page","link":"https:\/\/www.tresmer.ch\/fr\/imprimante-cashmaster-one-2\/","title":{"rendered":"Imprimante Cashmaster one"},"content":{"rendered":"<div id=\"pg-9291-0\"  class=\"panel-grid\" ><div class=\"panel-grid-core\"><div id=\"pgc-9291-0-0\"  class=\"panel-grid-cell \" ><div class=\"panel-widget-style\" ><h1><span style=\"font-size: 24pt;\">Cashmaster Printer One<\/span><\/h1><p>Pour la ligne de produits Cashmaster One<\/p><hr \/><p>L'imprimante Cashmaster One est plus petite, plus silencieuse et plus \u00e9conome en \u00e9nergie que ses pr\u00e9d\u00e9cesseurs. L'imprimante Cashmaster One a \u00e9t\u00e9 sp\u00e9cialement con\u00e7ue pour \u00eatre utilis\u00e9e avec la ligne de produits Cashmaster One et se place sous l'appareil de votre choix. Votre appareil Cashmaster One est enti\u00e8rement portable avec l'imprimante et toujours pr\u00eat \u00e0 l'emploi sans fil, avec un encombrement minimal.<\/p><\/div><\/div><\/div><\/div><div id=\"pg-9291-1\"  class=\"panel-grid\" ><div class=\"panel-grid-core\"><div id=\"pgc-9291-1-0\"  class=\"panel-grid-cell  \" ><div class=\"panel-widget-style\" ><a href=\"https:\/\/www.tresmer.ch\/wp-content\/uploads\/2024\/07\/Drucker-zu-Cashmaster-One.webp\"><img decoding=\"async\" src=\"https:\/\/www.tresmer.ch\/wp-content\/uploads\/2024\/07\/Drucker-zu-Cashmaster-One.webp\" alt=\"\" \/ ><\/a><\/div><div class=\"panel-widget-style\" ><a target=\"_blank\" href=\"https:\/\/www.tresmer.ch\/wp-content\/uploads\/2024\/11\/Cashmaster-Printer-One_2024_FR.pdf\" id=\"thinkupshortcodesthinkup_builder_buttontheme\" class=\"button style1 themebutton large standard\">Fiche technique <\/a><\/div><\/div><\/div><\/div>","protected":false},"excerpt":{"rendered":"<p>Cashmaster Printer OnePour la ligne de produits Cashmaster OneL&rsquo;imprimante Cashmaster One est plus petite, plus silencieuse et plus \u00e9conome en \u00e9nergie que ses pr\u00e9d\u00e9cesseurs. L&rsquo;imprimante Cashmaster One a \u00e9t\u00e9 sp\u00e9cialement con\u00e7ue pour \u00eatre utilis\u00e9e avec la ligne de produits Cashmaster One et se place sous l&rsquo;appareil de votre choix. Votre appareil Cashmaster One est enti\u00e8rement&hellip;<\/p>\n<p class=\"more-link\"><a href=\"https:\/\/www.tresmer.ch\/fr\/imprimante-cashmaster-one-2\/\" class=\"themebutton\">Read More<\/a><\/p>\n","protected":false},"author":6,"featured_media":0,"parent":0,"menu_order":0,"comment_status":"closed","ping_status":"closed","template":"","meta":{"_sitemap_exclude":false,"_sitemap_priority":"","_sitemap_frequency":"","footnotes":""},"categories":[],"tags":[],"class_list":["post-9291","page","type-page","status-publish","hentry"],"jetpack_sharing_enabled":true,"_links":{"self":[{"href":"https:\/\/www.tresmer.ch\/fr\/wp-json\/wp\/v2\/pages\/9291","targetHints":{"allow":["GET"]}}],"collection":[{"href":"https:\/\/www.tresmer.ch\/fr\/wp-json\/wp\/v2\/pages"}],"about":[{"href":"https:\/\/www.tresmer.ch\/fr\/wp-json\/wp\/v2\/types\/page"}],"author":[{"embeddable":true,"href":"https:\/\/www.tresmer.ch\/fr\/wp-json\/wp\/v2\/users\/6"}],"replies":[{"embeddable":true,"href":"https:\/\/www.tresmer.ch\/fr\/wp-json\/wp\/v2\/comments?post=9291"}],"version-history":[{"count":4,"href":"https:\/\/www.tresmer.ch\/fr\/wp-json\/wp\/v2\/pages\/9291\/revisions"}],"predecessor-version":[{"id":10630,"href":"https:\/\/www.tresmer.ch\/fr\/wp-json\/wp\/v2\/pages\/9291\/revisions\/10630"}],"wp:attachment":[{"href":"https:\/\/www.tresmer.ch\/fr\/wp-json\/wp\/v2\/media?parent=9291"}],"wp:term":[{"taxonomy":"category","embeddable":true,"href":"https:\/\/www.tresmer.ch\/fr\/wp-json\/wp\/v2\/categories?post=9291"},{"taxonomy":"post_tag","embeddable":true,"href":"https:\/\/www.tresmer.ch\/fr\/wp-json\/wp\/v2\/tags?post=9291"}],"curies":[{"name":"wp","href":"https:\/\/api.w.org\/{rel}","templated":true}]}}