{"id":9189,"date":"2024-11-19T14:25:10","date_gmt":"2024-11-19T13:25:10","guid":{"rendered":"https:\/\/www.tresmer.ch\/?page_id=9189"},"modified":"2024-11-19T14:47:42","modified_gmt":"2024-11-19T13:47:42","slug":"compteur-de-billets-ms-4200-2","status":"publish","type":"page","link":"https:\/\/www.tresmer.ch\/fr\/compteur-de-billets-ms-4200-2\/","title":{"rendered":"Compteur de billets MS-4200"},"content":{"rendered":"<div id=\"pg-9189-0\"  class=\"panel-grid\" ><div class=\"panel-grid-core\"><div id=\"pgc-9189-0-0\"  class=\"panel-grid-cell    \" ><div class=\"panel-widget-style\" ><h1>Compteur de billets MS-4200<\/h1><h1>rapide, fiable, pr\u00e9cis et multifonctionnel<\/h1><hr \/><p>Le MS-4200 est une trieuse rapide, fiable, pr\u00e9cise et multifonctionnelle qui offre un large choix d'options. C'est le choix id\u00e9al pour le back-office des banques et des soci\u00e9t\u00e9s de transport de fonds, ainsi que pour les casinos et le commerce de d\u00e9tail.<\/p><\/div><div class=\"panel-widget-style\" ><a href=\"https:\/\/www.tresmer.ch\/wp-content\/uploads\/2024\/07\/MS-4200_Verlaengerung_1.webp\"><img decoding=\"async\" src=\"https:\/\/www.tresmer.ch\/wp-content\/uploads\/2024\/07\/MS-4200_Verlaengerung_1.webp\" alt=\"\" \/ ><\/a><\/div><div class=\"panel-widget-style\" >\r\n\t<div class=\"tabs style2\">\r\n\r\n\t\t<div id=\"thinkupshortcodesthinkup_builder_tabs\" class=\"tab-buttons tab-buttons-left\">\r\n\t\t<ul class=\"nav nav-tabs\">\r\n\t\t\r\n\t\t\t\t\r\n\t\t\r\n\t\t<li class=\"active\"><a href=\"#thinkupshortcodesthinkup_builder_tabs-0\" data-toggle=\"tab\">Caract\u00e9ristiques<\/a><\/li>\r\n\r\n\t\t\r\n\t\t\t\t\r\n\t\t\r\n\t\t<li><a href=\"#thinkupshortcodesthinkup_builder_tabs-1\" data-toggle=\"tab\">Donn\u00e9es techniques<\/a><\/li>\r\n\r\n\t\t\r\n\t\t\t\t\r\n\t\t\r\n\t\t<li><a href=\"#thinkupshortcodesthinkup_builder_tabs-2\" data-toggle=\"tab\">Accessoires<\/a><\/li>\r\n\r\n\t\t\r\n\t\t\t\t\r\n\t\t\r\n\t\t<li><a href=\"#thinkupshortcodesthinkup_builder_tabs-3\" data-toggle=\"tab\">Possibilit\u00e9s d'utilisation<\/a><\/li>\r\n\r\n\t\t\r\n\t\t\t\t\r\n\t\t<\/ul><div class=\"clearboth\"><\/div>\r\n\t\t<\/div>\r\n\t\r\n\t\t\t\r\n\t\t<div class=\"tab-content\">\r\n\t\t\r\n\t\t\t\t\t\r\n\t\t\r\n\t\t<div class=\"tab-pane fade  active in\" id=\"thinkupshortcodesthinkup_builder_tabs-0\">D\u00e9bit \u00e9lev\u00e9 et grande pr\u00e9cision\n1. optimis\u00e9 pour un d\u00e9bit plus \u00e9lev\u00e9, une efficacit\u00e9 am\u00e9lior\u00e9e et une utilisation simple <br>\n2. instructions simples pour tous les op\u00e9rateurs <br>\n3. affichage du point d'accumulation \u00e0 l'\u00e9cran <br>\n4. m\u00e9canisme d'alimentation assist\u00e9 automatiquement <br>\n5. poche d'empilage descendante <br>\n6. extension de 4 compartiments (en option) <br>\n7. fonction de banderolage automatis\u00e9e (en option) <br>\n<\/div>\r\n\r\n\t\t\r\n\t\t\t\t\t\r\n\t\t\r\n\t\t<div class=\"tab-pane fade\" id=\"thinkupshortcodesthinkup_builder_tabs-1\">\u2022 Dimensions (L x P x H) 860 x 425 x 680 mm <br>\n\u2022 poids : 86 kg <br>\n\n\n<\/div>\r\n\r\n\t\t\r\n\t\t\t\t\t\r\n\t\t\r\n\t\t<div class=\"tab-pane fade\" id=\"thinkupshortcodesthinkup_builder_tabs-2\">\u2022 Contr\u00f4le de capacit\u00e9 (en option)<br>\n\u2022 Imprimante thermique externe (en option)<br>\n\u2022 Compatibilit\u00e9 \u00e9tendue des interfaces<\/div>\r\n\r\n\t\t\r\n\t\t\t\t\t\r\n\t\t\r\n\t\t<div class=\"tab-pane fade\" id=\"thinkupshortcodesthinkup_builder_tabs-3\">\u2022 Utile pour traiter des volumes de billets moyens \u00e0 importants\n<br>\n\u2022 Banques, caisses, centres de cash et casinos, ...<\/div>\r\n\r\n\t\t\r\n\t\t\r\n\t\t\r\n\t\t<\/div>\r\n\r\n\t<\/div><\/div><div class=\"panel-widget-style\" ><a target=\"_blank\" href=\"https:\/\/www.tresmer.ch\/wp-content\/uploads\/2024\/11\/MS-4200_2024_FR.pdf\" id=\"thinkupshortcodesthinkup_builder_buttontheme\" class=\"button style1 themebutton large standard\">Fiche technique  <\/a><\/div><\/div><\/div><\/div>","protected":false},"excerpt":{"rendered":"<p>Compteur de billets MS-4200rapide, fiable, pr\u00e9cis et multifonctionnelLe MS-4200 est une trieuse rapide, fiable, pr\u00e9cise et multifonctionnelle qui offre un large choix d&rsquo;options. C&rsquo;est le choix id\u00e9al pour le back-office des banques et des soci\u00e9t\u00e9s de transport de fonds, ainsi que pour les casinos et le commerce de d\u00e9tail. Caract\u00e9ristiques Donn\u00e9es techniques Accessoires Possibilit\u00e9s d&rsquo;utilisation&hellip;<\/p>\n<p class=\"more-link\"><a href=\"https:\/\/www.tresmer.ch\/fr\/compteur-de-billets-ms-4200-2\/\" class=\"themebutton\">Read More<\/a><\/p>\n","protected":false},"author":6,"featured_media":0,"parent":0,"menu_order":0,"comment_status":"closed","ping_status":"closed","template":"","meta":{"_sitemap_exclude":false,"_sitemap_priority":"","_sitemap_frequency":"","footnotes":""},"categories":[],"tags":[],"class_list":["post-9189","page","type-page","status-publish","hentry"],"jetpack_sharing_enabled":true,"_links":{"self":[{"href":"https:\/\/www.tresmer.ch\/fr\/wp-json\/wp\/v2\/pages\/9189","targetHints":{"allow":["GET"]}}],"collection":[{"href":"https:\/\/www.tresmer.ch\/fr\/wp-json\/wp\/v2\/pages"}],"about":[{"href":"https:\/\/www.tresmer.ch\/fr\/wp-json\/wp\/v2\/types\/page"}],"author":[{"embeddable":true,"href":"https:\/\/www.tresmer.ch\/fr\/wp-json\/wp\/v2\/users\/6"}],"replies":[{"embeddable":true,"href":"https:\/\/www.tresmer.ch\/fr\/wp-json\/wp\/v2\/comments?post=9189"}],"version-history":[{"count":6,"href":"https:\/\/www.tresmer.ch\/fr\/wp-json\/wp\/v2\/pages\/9189\/revisions"}],"predecessor-version":[{"id":10658,"href":"https:\/\/www.tresmer.ch\/fr\/wp-json\/wp\/v2\/pages\/9189\/revisions\/10658"}],"wp:attachment":[{"href":"https:\/\/www.tresmer.ch\/fr\/wp-json\/wp\/v2\/media?parent=9189"}],"wp:term":[{"taxonomy":"category","embeddable":true,"href":"https:\/\/www.tresmer.ch\/fr\/wp-json\/wp\/v2\/categories?post=9189"},{"taxonomy":"post_tag","embeddable":true,"href":"https:\/\/www.tresmer.ch\/fr\/wp-json\/wp\/v2\/tags?post=9189"}],"curies":[{"name":"wp","href":"https:\/\/api.w.org\/{rel}","templated":true}]}}