{"id":9139,"date":"2024-11-19T14:19:34","date_gmt":"2024-11-19T13:19:34","guid":{"rendered":"https:\/\/www.tresmer.ch\/?page_id=9139"},"modified":"2025-10-10T08:39:33","modified_gmt":"2025-10-10T06:39:33","slug":"dp-8150","status":"publish","type":"page","link":"https:\/\/www.tresmer.ch\/fr\/dp-8150\/","title":{"rendered":"DP-8150"},"content":{"rendered":"<div id=\"pg-9139-0\"  class=\"panel-grid\" ><div class=\"panel-grid-core\"><div id=\"pgc-9139-0-0\"  class=\"panel-grid-cell    \" ><div class=\"panel-widget-style\" ><h1>DP-8150<\/h1><h1>1+1 Compteuse de billets de poche avec fonction de tri<\/h1><hr \/><\/div><div class=\"panel-widget-style\" ><a href=\"https:\/\/www.tresmer.ch\/wp-content\/uploads\/2025\/09\/8150-1-3-scaled.jpg\"><img decoding=\"async\" src=\"https:\/\/www.tresmer.ch\/wp-content\/uploads\/2025\/09\/8150-1-3-300x300.jpg\" alt=\"\" \/ ><\/a><\/div><div class=\"panel-widget-style\" ><ul><li><strong>Reconnaissance automatique des devises: <\/strong>reconna\u00eet les devises et les coupures sans intervention manuelle.<\/li><li><strong>Devise: <\/strong>disponible jusqu\u2019\u00e0 128 devises, dont 64 utilisables simultan\u00e9ment en mode Auto\/Multi<\/li><li><strong>Adaptation flexible des devises: <\/strong>La configuration individuelle facilite la maintenance et les mises \u00e0 jour.<\/li><li><strong>Certifi\u00e9 officiellement: <\/strong>Distingu\u00e9 par le certificat Gold de la BCE et de la BOE pour les normes de s\u00e9curit\u00e9 les plus \u00e9lev\u00e9es.<\/li><li><strong>Mise \u00e0 jour facile du logiciel: <\/strong>mises \u00e0 jour via une cl\u00e9 USB, un c\u00e2ble USB, une carte SD ou, en option, via le r\u00e9seau.<\/li><li><strong>Utilisation intuitive: <\/strong>nouvelle interface conviviale pour un travail efficace.<\/li><li><strong>Reconnaissance du num\u00e9ro de s\u00e9rie: <\/strong>disponible en option pour certaines devises.<\/li><\/ul><\/div><div class=\"panel-widget-style\" ><a target=\"_blank\" href=\"https:\/\/www.tresmer.ch\/wp-content\/uploads\/2025\/10\/DP-8150_2025_FR_Version-1.1.pdf\" id=\"thinkupshortcodesthinkup_builder_buttontheme\" class=\"button style1 themebutton large standard\">Fiche technique <\/a><\/div><\/div><\/div><\/div>","protected":false},"excerpt":{"rendered":"<p>DP-81501+1 Compteuse de billets de poche avec fonction de triReconnaissance automatique des devises: reconna\u00eet les devises et les coupures sans intervention manuelle.Devise: disponible jusqu\u2019\u00e0 128 devises, dont 64 utilisables simultan\u00e9ment en mode Auto\/MultiAdaptation flexible des devises: La configuration individuelle facilite la maintenance et les mises \u00e0 jour.Certifi\u00e9 officiellement: Distingu\u00e9 par le certificat Gold de la&hellip;<\/p>\n<p class=\"more-link\"><a href=\"https:\/\/www.tresmer.ch\/fr\/dp-8150\/\" class=\"themebutton\">Read More<\/a><\/p>\n","protected":false},"author":6,"featured_media":0,"parent":0,"menu_order":0,"comment_status":"closed","ping_status":"closed","template":"","meta":{"_sitemap_exclude":false,"_sitemap_priority":"","_sitemap_frequency":"","footnotes":""},"categories":[],"tags":[],"class_list":["post-9139","page","type-page","status-publish","hentry"],"jetpack_sharing_enabled":true,"_links":{"self":[{"href":"https:\/\/www.tresmer.ch\/fr\/wp-json\/wp\/v2\/pages\/9139","targetHints":{"allow":["GET"]}}],"collection":[{"href":"https:\/\/www.tresmer.ch\/fr\/wp-json\/wp\/v2\/pages"}],"about":[{"href":"https:\/\/www.tresmer.ch\/fr\/wp-json\/wp\/v2\/types\/page"}],"author":[{"embeddable":true,"href":"https:\/\/www.tresmer.ch\/fr\/wp-json\/wp\/v2\/users\/6"}],"replies":[{"embeddable":true,"href":"https:\/\/www.tresmer.ch\/fr\/wp-json\/wp\/v2\/comments?post=9139"}],"version-history":[{"count":5,"href":"https:\/\/www.tresmer.ch\/fr\/wp-json\/wp\/v2\/pages\/9139\/revisions"}],"predecessor-version":[{"id":11254,"href":"https:\/\/www.tresmer.ch\/fr\/wp-json\/wp\/v2\/pages\/9139\/revisions\/11254"}],"wp:attachment":[{"href":"https:\/\/www.tresmer.ch\/fr\/wp-json\/wp\/v2\/media?parent=9139"}],"wp:term":[{"taxonomy":"category","embeddable":true,"href":"https:\/\/www.tresmer.ch\/fr\/wp-json\/wp\/v2\/categories?post=9139"},{"taxonomy":"post_tag","embeddable":true,"href":"https:\/\/www.tresmer.ch\/fr\/wp-json\/wp\/v2\/tags?post=9139"}],"curies":[{"name":"wp","href":"https:\/\/api.w.org\/{rel}","templated":true}]}}