{"id":6111,"date":"2020-08-25T11:46:45","date_gmt":"2020-08-25T09:46:45","guid":{"rendered":"http:\/\/www.tresmer.ch\/?page_id=6111"},"modified":"2026-04-30T11:15:40","modified_gmt":"2026-04-30T09:15:40","slug":"locations-occasions-actions","status":"publish","type":"page","link":"https:\/\/www.tresmer.ch\/fr\/locations-occasions-actions\/","title":{"rendered":"Locations \/ Occasions \/ Actions"},"content":{"rendered":"<div id=\"pg-6111-0\"  class=\"panel-grid\" ><div class=\"panel-grid-core\"><div id=\"pgc-6111-0-0\"  class=\"panel-grid-cell  \" ><div class=\"panel-widget-style\" ><p style=\"text-align: left;\"><a href=\"http:\/\/www.tresmer.ch\/fr\/locations\/\"><span style=\"font-size: 18pt;\">Locations<\/span><\/a><br \/><a href=\"http:\/\/www.tresmer.ch\/fr\/locations\/\">Pour vos manifestations; nous vous louons nos machine pour g\u00e9rer l'argent en circulation.<\/a>\u00a0\u00a0<\/p><\/div><div class=\"panel-widget-style\" ><a target=\"_blank\" href=\"http:\/\/www.tresmer.ch\/fr\/locations\/\" id=\"thinkupshortcodesthinkup_builder_buttontheme\" class=\"button style1 themebutton large standard\">Plus d'informations<\/a><\/div><\/div><div id=\"pgc-6111-0-1\"  class=\"panel-grid-cell  \" ><div class=\"panel-widget-style\" ><p><a href=\"http:\/\/www.tresmer.ch\/fr\/occasions\/\"><span style=\"font-size: 18pt;\">Occasions &amp; actions<br \/><\/span>Nous disposons en permanence de mat\u00e9riel d'occasion \u00e0 des prix int\u00e9ressants.<\/a><\/p><\/div><div class=\"panel-widget-style\" ><a target=\"_blank\" href=\"https:\/\/www.tresmer.ch\/wp-content\/uploads\/2026\/04\/Aktionen-Occasionen-Homepage_04_2026_FR_Version-1.2.pdf\" id=\"thinkupshortcodesthinkup_builder_buttontheme1\" class=\"button style1 themebutton large standard\">Plus d'informations<\/a><\/div><\/div><\/div><\/div>","protected":false},"excerpt":{"rendered":"<p>LocationsPour vos manifestations; nous vous louons nos machine pour g\u00e9rer l&rsquo;argent en circulation.\u00a0\u00a0Plus d&rsquo;informationsOccasions &amp; actionsNous disposons en permanence de mat\u00e9riel d&rsquo;occasion \u00e0 des prix int\u00e9ressants.Plus d&rsquo;informations<\/p>\n","protected":false},"author":4,"featured_media":0,"parent":0,"menu_order":0,"comment_status":"closed","ping_status":"closed","template":"","meta":{"_sitemap_exclude":false,"_sitemap_priority":"","_sitemap_frequency":"","footnotes":""},"categories":[],"tags":[],"class_list":["post-6111","page","type-page","status-publish","hentry"],"jetpack_sharing_enabled":true,"_links":{"self":[{"href":"https:\/\/www.tresmer.ch\/fr\/wp-json\/wp\/v2\/pages\/6111","targetHints":{"allow":["GET"]}}],"collection":[{"href":"https:\/\/www.tresmer.ch\/fr\/wp-json\/wp\/v2\/pages"}],"about":[{"href":"https:\/\/www.tresmer.ch\/fr\/wp-json\/wp\/v2\/types\/page"}],"author":[{"embeddable":true,"href":"https:\/\/www.tresmer.ch\/fr\/wp-json\/wp\/v2\/users\/4"}],"replies":[{"embeddable":true,"href":"https:\/\/www.tresmer.ch\/fr\/wp-json\/wp\/v2\/comments?post=6111"}],"version-history":[{"count":45,"href":"https:\/\/www.tresmer.ch\/fr\/wp-json\/wp\/v2\/pages\/6111\/revisions"}],"predecessor-version":[{"id":11491,"href":"https:\/\/www.tresmer.ch\/fr\/wp-json\/wp\/v2\/pages\/6111\/revisions\/11491"}],"wp:attachment":[{"href":"https:\/\/www.tresmer.ch\/fr\/wp-json\/wp\/v2\/media?parent=6111"}],"wp:term":[{"taxonomy":"category","embeddable":true,"href":"https:\/\/www.tresmer.ch\/fr\/wp-json\/wp\/v2\/categories?post=6111"},{"taxonomy":"post_tag","embeddable":true,"href":"https:\/\/www.tresmer.ch\/fr\/wp-json\/wp\/v2\/tags?post=6111"}],"curies":[{"name":"wp","href":"https:\/\/api.w.org\/{rel}","templated":true}]}}