{"id":6107,"date":"2020-08-25T11:35:55","date_gmt":"2020-08-25T09:35:55","guid":{"rendered":"http:\/\/www.tresmer.ch\/?page_id=6107"},"modified":"2024-08-09T13:33:01","modified_gmt":"2024-08-09T11:33:01","slug":"locations","status":"publish","type":"page","link":"https:\/\/www.tresmer.ch\/fr\/locations\/","title":{"rendered":"Locations"},"content":{"rendered":"<div id=\"pg-6107-0\"  class=\"panel-grid\" ><div class=\"panel-grid-core\"><div id=\"pgc-6107-0-0\"  class=\"panel-grid-cell \" ><div class=\"panel-widget-style\" ><h1>Locations<\/h1><hr \/><p>Pour votre manifestation, nous vous louons nos machines \u00e0 compter et \u00e0 conditionner l'argent. Que ce soit pour une f\u00eate en plein air, pour l'Oktoberfest, un festival, une exposition ou tout autre \u00e9v\u00e9nement - nous serons heureux de vous conseiller et de vous pr\u00e9parer une offre sans engagement.<\/p><p>Notre offre comprend les services suivants :<\/p><ul><li>Conseil\u00a0<\/li><li>V\u00e9rification des dispositifs avant la livraison<\/li><li>Formation sur place<\/li><li>Soutien pendant l'\u00e9v\u00e9nement (sur demande)<\/li><li>Nettoyage complet et r\u00e9vision du mat\u00e9riel apr\u00e8s sa restitution<\/li><\/ul><p>Les frais de location varient en fonction de l'\u00e9quipement et de la dur\u00e9e de l'\u00e9v\u00e9nement.<\/p><div class=\"xperto_fliesstext\"><p>Vous trouverez ci-dessous de plus amples informations sur notre \u00e9quipement.<\/p><p>En fonction des disponibilit\u00e9s, nous nous permettons de vous proposer des \u00e9quipements de location autres que ceux indiqu\u00e9s.<\/p><\/div><\/div><\/div><\/div><\/div><div id=\"pg-6107-1\"  class=\"panel-grid\" ><div class=\"panel-grid-core\"><div id=\"pgc-6107-1-0\"  class=\"panel-grid-cell \" ><div class=\"panel-widget-style\" ><p><strong><span style=\"font-size: 24pt;\">Tarifs de location<\/span><\/strong><\/p><hr \/><p><strong>Compteur de billets<\/strong><\/p><p>Taxe de base\u00a0\u00a0\u00a0\u00a0\u00a0\u00a0\u00a0\u00a0\u00a0\u00a0\u00a0\u00a0\u00a0\u00a0\u00a0\u00a0\u00a0\u00a0\u00a0\u00a0\u00a0\u00a0\u00a0\u00a0\u00a0\u00a0\u00a0\u00a0\u00a0\u00a0 300.00\u00a0\u00a0\u00a0\u00a0\u00a0\u00a0\u00a0\u00a0\u00a0\u00a0\u00a0\u00a0\u00a0 pour 2 jours\u00a0\u00a0\u00a0\u00a0\u00a0\u00a0\u00a0\u00a0\u00a0\u00a0\u00a0\u00a0\u00a0\u00a0\u00a0\u00a0 D\u00e9p\u00f4t : Fr. 750.00<\/p><p>Par jour suppl\u00e9mentaire\u00a0\u00a0\u00a0\u00a0\u00a0\u00a0\u00a0\u00a0\u00a0 75.00\u00a0\u00a0\u00a0\u00a0\u00a0\u00a0\u00a0\u00a0\u00a0\u00a0\u00a0\u00a0\u00a0\u00a0 \u00a0\u00a0 par jour\u00a0\u00a0\u00a0\u00a0\u00a0\u00a0\u00a0\u00a0\u00a0\u00a0\u00a0\u00a0\u00a0\u00a0\u00a0\u00a0\u00a0\u00a0\u00a0\u00a0\u00a0\u00a0\u00a0\u00a0 (1 semaine =520.00 \/ 2 semaines = 740.00)<\/p><hr \/><p><strong>Machine \u00e0 trier les pi\u00e8ces<\/strong><\/p><p>Taxe de base\u00a0\u00a0\u00a0\u00a0\u00a0\u00a0\u00a0\u00a0\u00a0\u00a0\u00a0\u00a0\u00a0\u00a0\u00a0\u00a0\u00a0\u00a0\u00a0\u00a0\u00a0\u00a0\u00a0\u00a0\u00a0\u00a0\u00a0\u00a0\u00a0 300.00\u00a0\u00a0\u00a0\u00a0\u00a0\u00a0\u00a0\u00a0\u00a0\u00a0\u00a0\u00a0\u00a0 pour 2 jours\u00a0\u00a0\u00a0\u00a0\u00a0\u00a0\u00a0\u00a0\u00a0\u00a0\u00a0\u00a0\u00a0\u00a0\u00a0\u00a0\u00a0\u00a0 D\u00e9p\u00f4t : Fr. 900.00<\/p><p>Par jour suppl\u00e9mentaire\u00a0\u00a0\u00a0\u00a0\u00a0\u00a0\u00a0 80.00\u00a0\u00a0\u00a0\u00a0\u00a0\u00a0\u00a0\u00a0\u00a0\u00a0\u00a0\u00a0\u00a0\u00a0\u00a0 \u00a0 par jour\u00a0\u00a0\u00a0\u00a0\u00a0\u00a0\u00a0\u00a0\u00a0\u00a0\u00a0\u00a0\u00a0\u00a0\u00a0\u00a0\u00a0\u00a0\u00a0\u00a0\u00a0\u00a0\u00a0\u00a0\u00a0 (1 semaine = 520.00 \/ 2 semaines = 740.00)<\/p><hr \/><p><strong>Balance de comptage avec imprimante<\/strong><\/p><p>Taxe de base\u00a0\u00a0\u00a0\u00a0\u00a0\u00a0\u00a0\u00a0\u00a0\u00a0\u00a0\u00a0\u00a0\u00a0\u00a0\u00a0\u00a0\u00a0\u00a0\u00a0\u00a0\u00a0\u00a0\u00a0\u00a0\u00a0\u00a0\u00a0 90.00\u00a0\u00a0\u00a0\u00a0\u00a0\u00a0\u00a0\u00a0\u00a0\u00a0\u00a0\u00a0\u00a0\u00a0\u00a0\u00a0 pour 2 jours\u00a0\u00a0\u00a0\u00a0\u00a0\u00a0\u00a0\u00a0\u00a0\u00a0\u00a0\u00a0\u00a0\u00a0\u00a0\u00a0\u00a0\u00a0\u00a0 D\u00e9p\u00f4t : Fr. 300.00<\/p><p>Par jour suppl\u00e9mentaire\u00a0\u00a0\u00a0\u00a0\u00a0\u00a0 30.00\u00a0\u00a0\u00a0\u00a0\u00a0\u00a0\u00a0\u00a0\u00a0\u00a0\u00a0\u00a0\u00a0\u00a0\u00a0\u00a0\u00a0 par jour\u00a0\u00a0\u00a0\u00a0\u00a0\u00a0\u00a0\u00a0\u00a0\u00a0\u00a0\u00a0\u00a0\u00a0\u00a0\u00a0\u00a0\u00a0\u00a0\u00a0\u00a0\u00a0\u00a0\u00a0\u00a0\u00a0\u00a0 (1 semaine = 195.00 \/ 2 semaines = 280.00)<\/p><hr \/><p><strong>Livraison\/enl\u00e8vement:<\/strong><\/p><p>Canton de Zurich\u00a0\u00a0\u00a0\u00a0\u00a0\u00a0\u00a0\u00a0\u00a0\u00a0 140.00\u00a0\u00a0\u00a0\u00a0\u00a0\u00a0\u00a0\u00a0\u00a0\u00a0\u00a0 y compris l'instruction<\/p><p>GR, JU, VS, GE\u00a0\u00a0\u00a0\u00a0\u00a0\u00a0\u00a0\u00a0\u00a0\u00a0\u00a0\u00a0 240.00\u00a0\u00a0\u00a0\u00a0\u00a0\u00a0\u00a0\u00a0\u00a0\u00a0\u00a0\u00a0 y compris l'instruction<\/p><p>Reste de la Suisse\u00a0\u00a0\u00a0\u00a0\u00a0\u00a0\u00a0\u00a0 190.00\u00a0\u00a0\u00a0\u00a0\u00a0\u00a0\u00a0\u00a0\u00a0\u00a0\u00a0\u00a0\u00a0 instruction incluse<\/p><hr \/><p><strong>D\u00e9p\u00f4t de garantie:<\/strong><\/p><p>Pour les clients priv\u00e9s, nous demandons un paiement anticip\u00e9 du d\u00e9p\u00f4t, soit en esp\u00e8ces, soit par virement bancaire. Vos frais de location seront directement d\u00e9duits du d\u00e9p\u00f4t et nous vous rembourserons le montant restant en toute simplicit\u00e9.<\/p><hr \/><p>tous les prix sont hors TVA<\/p><\/div><\/div><\/div><\/div>","protected":false},"excerpt":{"rendered":"<p>LocationsPour votre manifestation, nous vous louons nos machines \u00e0 compter et \u00e0 conditionner l&rsquo;argent. Que ce soit pour une f\u00eate en plein air, pour l&rsquo;Oktoberfest, un festival, une exposition ou tout autre \u00e9v\u00e9nement &#8211; nous serons heureux de vous conseiller et de vous pr\u00e9parer une offre sans engagement.Notre offre comprend les services suivants :Conseil\u00a0V\u00e9rification des&hellip;<\/p>\n<p class=\"more-link\"><a href=\"https:\/\/www.tresmer.ch\/fr\/locations\/\" class=\"themebutton\">Read More<\/a><\/p>\n","protected":false},"author":4,"featured_media":0,"parent":0,"menu_order":0,"comment_status":"closed","ping_status":"closed","template":"","meta":{"_sitemap_exclude":false,"_sitemap_priority":"","_sitemap_frequency":"","footnotes":""},"categories":[],"tags":[],"class_list":["post-6107","page","type-page","status-publish","hentry"],"jetpack_sharing_enabled":true,"_links":{"self":[{"href":"https:\/\/www.tresmer.ch\/fr\/wp-json\/wp\/v2\/pages\/6107","targetHints":{"allow":["GET"]}}],"collection":[{"href":"https:\/\/www.tresmer.ch\/fr\/wp-json\/wp\/v2\/pages"}],"about":[{"href":"https:\/\/www.tresmer.ch\/fr\/wp-json\/wp\/v2\/types\/page"}],"author":[{"embeddable":true,"href":"https:\/\/www.tresmer.ch\/fr\/wp-json\/wp\/v2\/users\/4"}],"replies":[{"embeddable":true,"href":"https:\/\/www.tresmer.ch\/fr\/wp-json\/wp\/v2\/comments?post=6107"}],"version-history":[{"count":10,"href":"https:\/\/www.tresmer.ch\/fr\/wp-json\/wp\/v2\/pages\/6107\/revisions"}],"predecessor-version":[{"id":9928,"href":"https:\/\/www.tresmer.ch\/fr\/wp-json\/wp\/v2\/pages\/6107\/revisions\/9928"}],"wp:attachment":[{"href":"https:\/\/www.tresmer.ch\/fr\/wp-json\/wp\/v2\/media?parent=6107"}],"wp:term":[{"taxonomy":"category","embeddable":true,"href":"https:\/\/www.tresmer.ch\/fr\/wp-json\/wp\/v2\/categories?post=6107"},{"taxonomy":"post_tag","embeddable":true,"href":"https:\/\/www.tresmer.ch\/fr\/wp-json\/wp\/v2\/tags?post=6107"}],"curies":[{"name":"wp","href":"https:\/\/api.w.org\/{rel}","templated":true}]}}