{"id":5930,"date":"2020-08-24T11:35:01","date_gmt":"2020-08-24T09:35:01","guid":{"rendered":"http:\/\/www.tresmer.ch\/?page_id=5930"},"modified":"2020-08-24T12:00:09","modified_gmt":"2020-08-24T10:00:09","slug":"tresomat-g","status":"publish","type":"page","link":"https:\/\/www.tresmer.ch\/fr\/tresomat-g\/","title":{"rendered":"TRESOMAT G"},"content":{"rendered":"<div id=\"pg-5930-0\"  class=\"panel-grid\" ><div class=\"panel-grid-core\"><div id=\"pgc-5930-0-0\"  class=\"panel-grid-cell \" ><div class=\"panel-widget-style\" ><h1>TRESOMAT G<\/h1><hr \/><div class=\"xperto_fliesstext\"><div class=\"xperto_fliesstext\"><h2>Station de paiement pour les terrains de golf\u00a0<br \/>Borne de paiement en libre-service<\/h2><\/div><div><div>\u2022 Mod\u00e8le encastrable ou en borne<br \/>\u2022 Utilisation intuitive gr\u00e2ce \u00e0 l'\u00e9cran tactile<br \/>\u2022 Paiement par carte sans contact\u00a0<br \/>\u2022 Paiement en esp\u00e8ces en option<br \/>\u2022 Possibilit\u00e9 d'installer Twint<\/div><div>\u2022 Acc\u00e8s \u00e0 distance pour les op\u00e9rateurs<br \/>\u2022 La liste des produits peut \u00eatre g\u00e9r\u00e9e par le propri\u00e9taire<br \/>\u2022 Imprimante pour les re\u00e7us de 120gm2 sur papier \u00e9cologique<br \/>\u2022 Ouverture de la machine par l'arri\u00e8re (par l'avant en option)\u00a0<\/div><\/div><\/div><\/div><\/div><\/div><\/div><div id=\"pg-5930-1\"  class=\"panel-grid\" ><div class=\"panel-grid-core\"><div id=\"pgc-5930-1-0\"  class=\"panel-grid-cell \" ><div class=\"panel-widget-style\" ><p><img decoding=\"async\" src=\"https:\/\/www.tresmer.ch\/wp-content\/uploads\/2020\/08\/tresomatG.png\" alt=\"\" \/ ><\/p><\/div><\/div><div id=\"pgc-5930-1-1\"  class=\"panel-grid-cell \" ><div class=\"panel-widget-style\" ><p><img decoding=\"async\" src=\"https:\/\/www.tresmer.ch\/wp-content\/uploads\/2020\/08\/TresomatG-photo-169x300.jpg\" alt=\"\" \/ ><\/p><\/div><\/div><\/div><\/div>","protected":false},"excerpt":{"rendered":"<p>TRESOMAT GStation de paiement pour les terrains de golf\u00a0Borne de paiement en libre-service\u2022 Mod\u00e8le encastrable ou en borne\u2022 Utilisation intuitive gr\u00e2ce \u00e0 l&rsquo;\u00e9cran tactile\u2022 Paiement par carte sans contact\u00a0\u2022 Paiement en esp\u00e8ces en option\u2022 Possibilit\u00e9 d&rsquo;installer Twint\u2022 Acc\u00e8s \u00e0 distance pour les op\u00e9rateurs\u2022 La liste des produits peut \u00eatre g\u00e9r\u00e9e par le propri\u00e9taire\u2022 Imprimante pour&hellip;<\/p>\n<p class=\"more-link\"><a href=\"https:\/\/www.tresmer.ch\/fr\/tresomat-g\/\" class=\"themebutton\">Read More<\/a><\/p>\n","protected":false},"author":4,"featured_media":0,"parent":0,"menu_order":0,"comment_status":"closed","ping_status":"closed","template":"","meta":{"_sitemap_exclude":false,"_sitemap_priority":"","_sitemap_frequency":"","footnotes":""},"categories":[],"tags":[],"class_list":["post-5930","page","type-page","status-publish","hentry"],"jetpack_sharing_enabled":true,"_links":{"self":[{"href":"https:\/\/www.tresmer.ch\/fr\/wp-json\/wp\/v2\/pages\/5930","targetHints":{"allow":["GET"]}}],"collection":[{"href":"https:\/\/www.tresmer.ch\/fr\/wp-json\/wp\/v2\/pages"}],"about":[{"href":"https:\/\/www.tresmer.ch\/fr\/wp-json\/wp\/v2\/types\/page"}],"author":[{"embeddable":true,"href":"https:\/\/www.tresmer.ch\/fr\/wp-json\/wp\/v2\/users\/4"}],"replies":[{"embeddable":true,"href":"https:\/\/www.tresmer.ch\/fr\/wp-json\/wp\/v2\/comments?post=5930"}],"version-history":[{"count":13,"href":"https:\/\/www.tresmer.ch\/fr\/wp-json\/wp\/v2\/pages\/5930\/revisions"}],"predecessor-version":[{"id":5960,"href":"https:\/\/www.tresmer.ch\/fr\/wp-json\/wp\/v2\/pages\/5930\/revisions\/5960"}],"wp:attachment":[{"href":"https:\/\/www.tresmer.ch\/fr\/wp-json\/wp\/v2\/media?parent=5930"}],"wp:term":[{"taxonomy":"category","embeddable":true,"href":"https:\/\/www.tresmer.ch\/fr\/wp-json\/wp\/v2\/categories?post=5930"},{"taxonomy":"post_tag","embeddable":true,"href":"https:\/\/www.tresmer.ch\/fr\/wp-json\/wp\/v2\/tags?post=5930"}],"curies":[{"name":"wp","href":"https:\/\/api.w.org\/{rel}","templated":true}]}}