{"id":5891,"date":"2020-08-24T11:18:33","date_gmt":"2020-08-24T09:18:33","guid":{"rendered":"http:\/\/www.tresmer.ch\/?page_id=5891"},"modified":"2025-01-22T11:13:33","modified_gmt":"2025-01-22T10:13:33","slug":"cima-inlane","status":"publish","type":"page","link":"https:\/\/www.tresmer.ch\/fr\/cima-inlane\/","title":{"rendered":"CIMA InLane"},"content":{"rendered":"<div id=\"pg-5891-0\"  class=\"panel-grid\" ><div class=\"panel-grid-core\"><div id=\"pgc-5891-0-0\"  class=\"panel-grid-cell  \" ><div class=\"panel-widget-style\" ><h2 style=\"font-style: normal;\"><span>CIMA InLane POS Automate de paiement avec recyclage<\/span><\/h2><\/div><div class=\"panel-widget-style\" ><h1 style=\"font-style: normal;\"><span>Paiement automatique en esp\u00e8ces au point de vente avec int\u00e9gration du syst\u00e8me<\/span><\/h1><\/div><\/div><\/div><\/div><div id=\"pg-5891-1\"  class=\"panel-grid\" ><div class=\"panel-grid-core\"><div id=\"pgc-5891-1-0\"  class=\"panel-grid-cell \" ><div class=\"panel-widget-style\" ><h3><span style=\"font-size: 14pt;\">CIMA InLane peut \u00eatre utilis\u00e9 comme terminal de paiement POS flexible avec recyclage de billets et de pi\u00e8ces ou comme kiosque avec boutique d'articles.<\/span><\/h3><ul><li>Mod\u00e8le sur pied avec coffre-fort ou encastrable dans ou sur un comptoir.<\/li><li>Connectable \u00e0 tout logiciel de caisse<\/li><li>Interfaces individuelles de logiciels de caisse<\/li><li>Avec recyclage des pi\u00e8ces et des billets<\/li><li>3 x 100 billets de monnaie sur rouleaux<\/li><li>7 r\u00e9cup\u00e9rateurs de pi\u00e8ces avec 200 \u00e0 700 pi\u00e8ces de monnaie comme monnaie de change<\/li><li>Assure un d\u00e9roulement rapide des paiements en esp\u00e8ces<\/li><li>Vitesse d'introduction de 6 billets\/seconde<\/li><li>Compartiment d'introduction capacit\u00e9 jusqu'\u00e0 50 billets<\/li><li>Compartiment de retour Capacit\u00e9 jusqu'\u00e0 15 billets<\/li><li>En option avec le logiciel de caisse TRESMER et l'\u00e9cran tactile<\/li><\/ul><\/div><\/div><\/div><\/div><div id=\"pg-5891-2\"  class=\"panel-grid\" ><div class=\"panel-grid-core\"><div id=\"pgc-5891-2-0\"  class=\"panel-grid-cell\" ><\/div><div id=\"pgc-5891-2-1\"  class=\"panel-grid-cell\" ><div class=\"panel-widget-style\" ><div id=\"thinkupshortcodesthinkup_builder_calltoaction\" class=\"thinkupshortcodesthinkup_builder_calltoaction sc-action\"><div class=\"sc-action-core\"><div class=\"action-message\"><div class=\"action-text\"><\/div><div class=\"action-teaser\"><\/div><\/div><div class=\"action-link\"><a class=\"themebutton\" href=\"https:\/\/www.tresmer.ch\/wp-content\/uploads\/2024\/11\/Flyer_FR_Tresmer_INLANE_A4.pdf\"current>Fiche technique<\/a><\/div><div class=\"clearboth\"><\/div><\/div><\/div><\/div><\/div><div id=\"pgc-5891-2-2\"  class=\"panel-grid-cell\" ><\/div><\/div><\/div><div id=\"pg-5891-3\"  class=\"panel-grid\" ><div class=\"panel-grid-core\"><div id=\"pgc-5891-3-0\"  class=\"panel-grid-cell \" ><div class=\"panel-widget-style\" ><div class=\"margin40\"><\/div><\/div><\/div><\/div><\/div><div id=\"pg-5891-4\"  class=\"panel-grid\" ><div class=\"panel-grid-core\"><div id=\"pgc-5891-4-0\"  class=\"panel-grid-cell   \" ><div class=\"panel-widget-style\" ><a href=\"https:\/\/www.tresmer.ch\/wp-content\/uploads\/2024\/04\/InLane_basimetzg.jpg\"><img decoding=\"async\" src=\"https:\/\/www.tresmer.ch\/wp-content\/uploads\/2024\/04\/InLane_basimetzg-225x300.jpg\" alt=\"\" \/ ><\/a><\/div><div class=\"panel-widget-style\" ><a href=\"https:\/\/www.tresmer.ch\/wp-content\/uploads\/2025\/01\/InLane-300-Kasse-Supermarkt_1-1.jpg\"><img decoding=\"async\" src=\"https:\/\/www.tresmer.ch\/wp-content\/uploads\/2025\/01\/InLane-300-Kasse-Supermarkt_1-1-300x225.jpg\" alt=\"\" \/ ><\/a><\/div><div class=\"panel-widget-style\" ><a href=\"https:\/\/www.tresmer.ch\/wp-content\/uploads\/2025\/01\/InLane-300-Self-Check-out-1.jpg\"><img decoding=\"async\" src=\"https:\/\/www.tresmer.ch\/wp-content\/uploads\/2025\/01\/InLane-300-Self-Check-out-1-300x225.jpg\" alt=\"\" \/ ><\/a><\/div><\/div><div id=\"pgc-5891-4-1\"  class=\"panel-grid-cell   \" ><div class=\"panel-widget-style\" ><a href=\"https:\/\/www.tresmer.ch\/wp-content\/uploads\/2025\/01\/InLane-300-Kassentheke-1.webp\"><img decoding=\"async\" src=\"https:\/\/www.tresmer.ch\/wp-content\/uploads\/2025\/01\/InLane-300-Kassentheke-1-169x300.webp\" alt=\"\" \/ ><\/a><\/div><div class=\"panel-widget-style\" ><a href=\"https:\/\/www.tresmer.ch\/wp-content\/uploads\/2025\/01\/InLane-300-Apotheke-2.jpg\"><img decoding=\"async\" src=\"https:\/\/www.tresmer.ch\/wp-content\/uploads\/2025\/01\/InLane-300-Apotheke-2-300x200.jpg\" alt=\"\" \/ ><\/a><\/div><div class=\"panel-widget-style\" ><div class=\"margin30\"><\/div><\/div><div class=\"panel-widget-style\" ><a href=\"https:\/\/www.tresmer.ch\/wp-content\/uploads\/2025\/01\/maxresdefault-1.jpg\"><img decoding=\"async\" src=\"https:\/\/www.tresmer.ch\/wp-content\/uploads\/2025\/01\/maxresdefault-1-300x169.jpg\" alt=\"\" \/ ><\/a><\/div><\/div><\/div><\/div><div id=\"pg-5891-5\"  class=\"panel-grid\" ><div class=\"panel-grid-core\"><div id=\"pgc-5891-5-0\"  class=\"panel-grid-cell  \" ><div class=\"panel-widget-style\" ><div class=\"margin30\"><\/div><\/div><div class=\"panel-widget-style\" ><div style=\"width: 640px;\" class=\"wp-video\"><video class=\"wp-video-shortcode\" id=\"video-5891-1\" width=\"640\" height=\"360\" preload=\"metadata\" controls=\"controls\"><source type=\"video\/mp4\" src=\"https:\/\/www.tresmer.ch\/wp-content\/uploads\/2020\/05\/Cima-InLane-Store-Revolution_2.mp4?_=1\" \/><a href=\"https:\/\/www.tresmer.ch\/wp-content\/uploads\/2020\/05\/Cima-InLane-Store-Revolution_2.mp4\">https:\/\/www.tresmer.ch\/wp-content\/uploads\/2020\/05\/Cima-InLane-Store-Revolution_2.mp4<\/a><\/video><\/div><\/div><\/div><\/div><\/div><div id=\"pg-5891-6\"  class=\"panel-grid\" ><div class=\"panel-grid-core\"><div id=\"pgc-5891-6-0\"  class=\"panel-grid-cell \" ><div class=\"panel-widget-style\" ><div class=\"divider\"><\/div><\/div><\/div><\/div><\/div>","protected":false},"excerpt":{"rendered":"<p>CIMA InLane POS Automate de paiement avec recyclagePaiement automatique en esp\u00e8ces au point de vente avec int\u00e9gration du syst\u00e8meCIMA InLane peut \u00eatre utilis\u00e9 comme terminal de paiement POS flexible avec recyclage de billets et de pi\u00e8ces ou comme kiosque avec boutique d&rsquo;articles.Mod\u00e8le sur pied avec coffre-fort ou encastrable dans ou sur un comptoir.Connectable \u00e0 tout&hellip;<\/p>\n<p class=\"more-link\"><a href=\"https:\/\/www.tresmer.ch\/fr\/cima-inlane\/\" class=\"themebutton\">Read More<\/a><\/p>\n","protected":false},"author":4,"featured_media":0,"parent":0,"menu_order":0,"comment_status":"closed","ping_status":"closed","template":"","meta":{"_sitemap_exclude":false,"_sitemap_priority":"","_sitemap_frequency":"","footnotes":""},"categories":[],"tags":[],"class_list":["post-5891","page","type-page","status-publish","hentry"],"jetpack_sharing_enabled":true,"_links":{"self":[{"href":"https:\/\/www.tresmer.ch\/fr\/wp-json\/wp\/v2\/pages\/5891","targetHints":{"allow":["GET"]}}],"collection":[{"href":"https:\/\/www.tresmer.ch\/fr\/wp-json\/wp\/v2\/pages"}],"about":[{"href":"https:\/\/www.tresmer.ch\/fr\/wp-json\/wp\/v2\/types\/page"}],"author":[{"embeddable":true,"href":"https:\/\/www.tresmer.ch\/fr\/wp-json\/wp\/v2\/users\/4"}],"replies":[{"embeddable":true,"href":"https:\/\/www.tresmer.ch\/fr\/wp-json\/wp\/v2\/comments?post=5891"}],"version-history":[{"count":29,"href":"https:\/\/www.tresmer.ch\/fr\/wp-json\/wp\/v2\/pages\/5891\/revisions"}],"predecessor-version":[{"id":11080,"href":"https:\/\/www.tresmer.ch\/fr\/wp-json\/wp\/v2\/pages\/5891\/revisions\/11080"}],"wp:attachment":[{"href":"https:\/\/www.tresmer.ch\/fr\/wp-json\/wp\/v2\/media?parent=5891"}],"wp:term":[{"taxonomy":"category","embeddable":true,"href":"https:\/\/www.tresmer.ch\/fr\/wp-json\/wp\/v2\/categories?post=5891"},{"taxonomy":"post_tag","embeddable":true,"href":"https:\/\/www.tresmer.ch\/fr\/wp-json\/wp\/v2\/tags?post=5891"}],"curies":[{"name":"wp","href":"https:\/\/api.w.org\/{rel}","templated":true}]}}