{"id":5844,"date":"2020-08-24T10:29:38","date_gmt":"2020-08-24T08:29:38","guid":{"rendered":"http:\/\/www.tresmer.ch\/?page_id=5844"},"modified":"2020-08-24T11:58:24","modified_gmt":"2020-08-24T09:58:24","slug":"tresomat","status":"publish","type":"page","link":"https:\/\/www.tresmer.ch\/fr\/tresomat\/","title":{"rendered":"TRESOMAT"},"content":{"rendered":"<div id=\"pg-5844-0\"  class=\"panel-grid\" ><div class=\"panel-grid-core\"><div id=\"pgc-5844-0-0\"  class=\"panel-grid-cell \" ><div class=\"panel-widget-style\" ><h1>TRESOMAT<br \/>Syst\u00e8mes de paiement aux points de vente<\/h1><hr \/><p><strong>Rapide, gain de temps, hygi\u00e9nique, moderne<\/strong><\/p><p>Le TRESOMAT permet de g\u00e9n\u00e9rer un meilleur chiffre d'affaires dans chaque point de vente. Avec un volume de clients \u00e9lev\u00e9, le service est plus efficace et le client peut plus rapidement et plus facilement s\u00e9lectionner, scanner et payer ses produits. L\u2019utilisation des bornes TRESOMAT est simple, intuitif et rapide. Avec le TRESOMAT, vous r\u00e9duisez les pertes de cash, vous am\u00e9liorez l'hygi\u00e8ne et vous optimisez la gestion de l'argent liquide. Toutes les solutions, y compris Twint, sont disponibles pour les paiements sans esp\u00e8ces.<\/p><p>Les machines sont con\u00e7ues de mani\u00e8re \u00e0 ce que les exigences individuelles et les besoins de base puissent \u00eatre int\u00e9gr\u00e9es dans les variantes de conception. Le nombre de transactions et le chiffre d'affaires moyen des clients constituent la base pour le choix des volumes de recyclage des pi\u00e8ces et des billets.<\/p><p>Des rapports d\u00e9taill\u00e9s permettent d'analyser les transactions, pour optimiser la gestion de la tr\u00e9sorerie et de tenir des statistiques sur les ventes.<\/p><\/div><\/div><\/div><\/div><div id=\"pg-5844-1\"  class=\"panel-grid\" ><div class=\"panel-grid-core\"><div id=\"pgc-5844-1-0\"  class=\"panel-grid-cell \" ><div class=\"panel-widget-style\" ><p><b>Tous pour un, un pour tous !<br \/><\/b><\/p><ul><li>S\u00e9lectionnez les\u00a0articles du commerce affich\u00e9s\u00a0sur la borne TRESOMAT<\/li><li>Auto-scannage des produits<\/li><li>G\u00e9n\u00e9ration de ses propres codes \u00e0 barres EAN13 ou utilisation de codes \u00e0 barres existants<\/li><li>Saisie manuelle du prix, addition automatique incluse<\/li><li>Changeur de monnaie, par ex. pour votre machine \u00e0 caf\u00e9<\/li><li>Pr\u00e9-commande via une application (option pr\u00e9vue)<\/li><li>Paiement en esp\u00e8ces et par carte de cr\u00e9dit, mais aussi par TWINT et par carte de d\u00e9bit<\/li><li>Recyclage des esp\u00e8ces (distribution de monnaie) avec possibilit\u00e9 de s\u00e9lectionner diff\u00e9rents montants<\/li><\/ul><\/div><\/div><div id=\"pgc-5844-1-1\"  class=\"panel-grid-cell \" ><div class=\"panel-widget-style\" ><p><img decoding=\"async\" src=\"https:\/\/www.tresmer.ch\/wp-content\/uploads\/2020\/08\/tresomat.jpg\" alt=\"\" \/ ><\/p><\/div><\/div><\/div><\/div><div id=\"pg-5844-2\"  class=\"panel-grid\" ><div class=\"panel-grid-core\"><div id=\"pgc-5844-2-0\"  class=\"panel-grid-cell \" ><div class=\"panel-widget-style\" ><a target=\"_blank\" href=\"https:\/\/www.tresmer.ch\/wp-content\/uploads\/2019\/11\/TRESOMAT-A4_hoch_d_V1.1.pdf\" id=\"thinkupshortcodesthinkup_builder_buttontheme\" class=\"button style1 themebutton large standard\">Fiche technique (DE)<\/a><\/div><\/div><\/div><\/div>","protected":false},"excerpt":{"rendered":"<p>TRESOMATSyst\u00e8mes de paiement aux points de venteRapide, gain de temps, hygi\u00e9nique, moderneLe TRESOMAT permet de g\u00e9n\u00e9rer un meilleur chiffre d&rsquo;affaires dans chaque point de vente. Avec un volume de clients \u00e9lev\u00e9, le service est plus efficace et le client peut plus rapidement et plus facilement s\u00e9lectionner, scanner et payer ses produits. L\u2019utilisation des bornes TRESOMAT&hellip;<\/p>\n<p class=\"more-link\"><a href=\"https:\/\/www.tresmer.ch\/fr\/tresomat\/\" class=\"themebutton\">Read More<\/a><\/p>\n","protected":false},"author":4,"featured_media":0,"parent":0,"menu_order":0,"comment_status":"closed","ping_status":"closed","template":"","meta":{"_sitemap_exclude":false,"_sitemap_priority":"","_sitemap_frequency":"","footnotes":""},"categories":[],"tags":[],"class_list":["post-5844","page","type-page","status-publish","hentry"],"jetpack_sharing_enabled":true,"_links":{"self":[{"href":"https:\/\/www.tresmer.ch\/fr\/wp-json\/wp\/v2\/pages\/5844","targetHints":{"allow":["GET"]}}],"collection":[{"href":"https:\/\/www.tresmer.ch\/fr\/wp-json\/wp\/v2\/pages"}],"about":[{"href":"https:\/\/www.tresmer.ch\/fr\/wp-json\/wp\/v2\/types\/page"}],"author":[{"embeddable":true,"href":"https:\/\/www.tresmer.ch\/fr\/wp-json\/wp\/v2\/users\/4"}],"replies":[{"embeddable":true,"href":"https:\/\/www.tresmer.ch\/fr\/wp-json\/wp\/v2\/comments?post=5844"}],"version-history":[{"count":13,"href":"https:\/\/www.tresmer.ch\/fr\/wp-json\/wp\/v2\/pages\/5844\/revisions"}],"predecessor-version":[{"id":5964,"href":"https:\/\/www.tresmer.ch\/fr\/wp-json\/wp\/v2\/pages\/5844\/revisions\/5964"}],"wp:attachment":[{"href":"https:\/\/www.tresmer.ch\/fr\/wp-json\/wp\/v2\/media?parent=5844"}],"wp:term":[{"taxonomy":"category","embeddable":true,"href":"https:\/\/www.tresmer.ch\/fr\/wp-json\/wp\/v2\/categories?post=5844"},{"taxonomy":"post_tag","embeddable":true,"href":"https:\/\/www.tresmer.ch\/fr\/wp-json\/wp\/v2\/tags?post=5844"}],"curies":[{"name":"wp","href":"https:\/\/api.w.org\/{rel}","templated":true}]}}