{"id":5798,"date":"2020-08-21T11:02:45","date_gmt":"2020-08-21T09:02:45","guid":{"rendered":"http:\/\/www.tresmer.ch\/?page_id=5798"},"modified":"2024-11-19T13:47:52","modified_gmt":"2024-11-19T12:47:52","slug":"automate-pour-sachet-de-pieces","status":"publish","type":"page","link":"https:\/\/www.tresmer.ch\/fr\/automate-pour-sachet-de-pieces\/","title":{"rendered":"Automate pour sachet de pi\u00e8ces"},"content":{"rendered":"<div id=\"pg-5798-0\"  class=\"panel-grid\" ><div class=\"panel-grid-core\"><div id=\"pgc-5798-0-0\"  class=\"panel-grid-cell  \" ><div class=\"panel-widget-style\" ><h1>Automate<br \/>Pour sachet de pi\u00e8ces<\/h1><hr \/><p>\u00a0<\/p><\/div><div class=\"panel-widget-style\" ><p><img decoding=\"async\" src=\"https:\/\/www.tresmer.ch\/wp-content\/uploads\/2020\/08\/machine-sachet.jpg\" alt=\"\" \/ ><\/p><\/div><\/div><\/div><\/div><div id=\"pg-5798-1\"  class=\"panel-grid\" ><div class=\"panel-grid-core\"><div id=\"pgc-5798-1-0\"  class=\"panel-grid-cell \" ><div class=\"panel-widget-style\" >\r\n\t<div class=\"tabs style2\">\r\n\r\n\t\t<div id=\"thinkupshortcodesthinkup_builder_tabs\" class=\"tab-buttons tab-buttons-left\">\r\n\t\t<ul class=\"nav nav-tabs\">\r\n\t\t\r\n\t\t\t\t\r\n\t\t\r\n\t\t<li class=\"active\"><a href=\"#thinkupshortcodesthinkup_builder_tabs-0\" data-toggle=\"tab\">Caract\u00e9ristiques<\/a><\/li>\r\n\r\n\t\t\r\n\t\t\t\t\r\n\t\t\r\n\t\t<li><a href=\"#thinkupshortcodesthinkup_builder_tabs-1\" data-toggle=\"tab\">Donn\u00e9es techniques<\/a><\/li>\r\n\r\n\t\t\r\n\t\t\t\t\r\n\t\t\r\n\t\t<li><a href=\"#thinkupshortcodesthinkup_builder_tabs-2\" data-toggle=\"tab\">Possibilit\u00e9s d'utilisation<\/a><\/li>\r\n\r\n\t\t\r\n\t\t\t\t\r\n\t\t<\/ul><div class=\"clearboth\"><\/div>\r\n\t\t<\/div>\r\n\t\r\n\t\t\t\r\n\t\t<div class=\"tab-content\">\r\n\t\t\r\n\t\t\t\t\t\r\n\t\t\r\n\t\t<div class=\"tab-pane fade  active in\" id=\"thinkupshortcodesthinkup_builder_tabs-0\">\u2022\tUn design compact<br>\n\u2022\tSur roulettes<br>\n\u2022\tRemplace les encartoucheuses dans les cha\u00eenes logistique <br>\n\u2022\tFonctionnement simple, demandant que tr\u00e8s peu de maintenance. <br>\n\u2022\tUn mat\u00e9riel robuste et un nettoyage facile<br>\n\u2022\tGain de temps et augmentation de la productivit\u00e9<br>\n\u2022\tFonctionnement avec peu de bruit<br>\n<\/div>\r\n\r\n\t\t\r\n\t\t\t\t\t\r\n\t\t\r\n\t\t<div class=\"tab-pane fade\" id=\"thinkupshortcodesthinkup_builder_tabs-1\">\u2022\tVitesse de traitement : jusqu'\u00e0 1800 pi\u00e8ces\/minute<br>\n\u2022\tVitesse d'emballage 30 sachets\/minute<br>\n\n\u2022\tCapacit\u00e9 du tiroir d'alimentation : 4000 pi\u00e8ces <br>\n\u2022\tDimensions sachets: 100-200mm de long, 100 mm de large<br>\n\u2022\tFermeture par thermoscellage <br>\n\n\u2022\tPoids sans la compteuse de pi\u00e8ces : 60 Kg<br>\n\u2022\tPoids avec compteur de pi\u00e8ces : 75Kg<br>\n\u2022\tDimensions avec rouleau et compteuse  : L x P x H : 650 x 500 x 1100 mm <br><\/div>\r\n\r\n\t\t\r\n\t\t\t\t\t\r\n\t\t\r\n\t\t<div class=\"tab-pane fade\" id=\"thinkupshortcodesthinkup_builder_tabs-2\">\u2022\tL'appareil est compatible\navec nos ascenseurs \u00e0 pi\u00e8ces\net les syst\u00e8mes de conteneurs C31<br>\n\u2022\tPour les centres logistiques de gestion du cash<br>\n<\/div>\r\n\r\n\t\t\r\n\t\t\r\n\t\t\r\n\t\t<\/div>\r\n\r\n\t<\/div><\/div><\/div><div id=\"pgc-5798-1-1\"  class=\"panel-grid-cell \" ><div class=\"panel-widget-style\" ><p><img decoding=\"async\" src=\"https:\/\/www.tresmer.ch\/wp-content\/uploads\/2020\/08\/M\u00fcnzwert-CHF-Max.-Bef\u00fcllung.png\" alt=\"\" \/ ><\/p><\/div><\/div><\/div><\/div><div id=\"pg-5798-2\"  class=\"panel-grid\" ><div class=\"panel-grid-core\"><div id=\"pgc-5798-2-0\"  class=\"panel-grid-cell \" ><div class=\"panel-widget-style\" ><a target=\"_blank\" href=\"https:\/\/www.tresmer.ch\/wp-content\/uploads\/2024\/11\/Sachet-Maschine_2024_FR.pdf\" id=\"thinkupshortcodesthinkup_builder_buttontheme\" class=\"button style1 themebutton large standard\">Fiche technique<\/a><\/div><\/div><\/div><\/div>","protected":false},"excerpt":{"rendered":"<p>AutomatePour sachet de pi\u00e8ces\u00a0 Caract\u00e9ristiques Donn\u00e9es techniques Possibilit\u00e9s d&rsquo;utilisation \u2022 Un design compact \u2022 Sur roulettes \u2022 Remplace les encartoucheuses dans les cha\u00eenes logistique \u2022 Fonctionnement simple, demandant que tr\u00e8s peu de maintenance. \u2022 Un mat\u00e9riel robuste et un nettoyage facile \u2022 Gain de temps et augmentation de la productivit\u00e9 \u2022 Fonctionnement avec peu de&hellip;<\/p>\n<p class=\"more-link\"><a href=\"https:\/\/www.tresmer.ch\/fr\/automate-pour-sachet-de-pieces\/\" class=\"themebutton\">Read More<\/a><\/p>\n","protected":false},"author":4,"featured_media":0,"parent":0,"menu_order":0,"comment_status":"closed","ping_status":"closed","template":"","meta":{"_sitemap_exclude":false,"_sitemap_priority":"","_sitemap_frequency":"","footnotes":""},"categories":[],"tags":[],"class_list":["post-5798","page","type-page","status-publish","hentry"],"jetpack_sharing_enabled":true,"_links":{"self":[{"href":"https:\/\/www.tresmer.ch\/fr\/wp-json\/wp\/v2\/pages\/5798","targetHints":{"allow":["GET"]}}],"collection":[{"href":"https:\/\/www.tresmer.ch\/fr\/wp-json\/wp\/v2\/pages"}],"about":[{"href":"https:\/\/www.tresmer.ch\/fr\/wp-json\/wp\/v2\/types\/page"}],"author":[{"embeddable":true,"href":"https:\/\/www.tresmer.ch\/fr\/wp-json\/wp\/v2\/users\/4"}],"replies":[{"embeddable":true,"href":"https:\/\/www.tresmer.ch\/fr\/wp-json\/wp\/v2\/comments?post=5798"}],"version-history":[{"count":30,"href":"https:\/\/www.tresmer.ch\/fr\/wp-json\/wp\/v2\/pages\/5798\/revisions"}],"predecessor-version":[{"id":10618,"href":"https:\/\/www.tresmer.ch\/fr\/wp-json\/wp\/v2\/pages\/5798\/revisions\/10618"}],"wp:attachment":[{"href":"https:\/\/www.tresmer.ch\/fr\/wp-json\/wp\/v2\/media?parent=5798"}],"wp:term":[{"taxonomy":"category","embeddable":true,"href":"https:\/\/www.tresmer.ch\/fr\/wp-json\/wp\/v2\/categories?post=5798"},{"taxonomy":"post_tag","embeddable":true,"href":"https:\/\/www.tresmer.ch\/fr\/wp-json\/wp\/v2\/tags?post=5798"}],"curies":[{"name":"wp","href":"https:\/\/api.w.org\/{rel}","templated":true}]}}