{"id":5697,"date":"2020-08-20T15:29:46","date_gmt":"2020-08-20T13:29:46","guid":{"rendered":"http:\/\/www.tresmer.ch\/?page_id=5697"},"modified":"2020-10-08T13:55:36","modified_gmt":"2020-10-08T11:55:36","slug":"tourniquet-wc-trinity","status":"publish","type":"page","link":"https:\/\/www.tresmer.ch\/fr\/tourniquet-wc-trinity\/","title":{"rendered":"Tourniquet WC Trinity"},"content":{"rendered":"<div id=\"pg-5697-0\"  class=\"panel-grid\" ><div class=\"panel-grid-core\"><div id=\"pgc-5697-0-0\"  class=\"panel-grid-cell    \" ><div class=\"panel-widget-style\" ><h1>Tourniquet WC Trinity<\/h1><hr \/><p>Parfaitement adapt\u00e9 aux lieux publiques : aux gares, aux stations de m\u00e9tro et de bus, aux zones pi\u00e9tonnes, aux centre ville, aux sorties d'autoroute, aux stations service, aux aires de repos,<br \/>aux zones industrielles, ou proche d'une destination touristique et bien plus encore.<\/p><\/div><div class=\"panel-widget-style\" ><p><img decoding=\"async\" src=\"https:\/\/www.tresmer.ch\/wp-content\/uploads\/2019\/10\/Trinity-WC-e1571687890658.jpg\" alt=\"\" \/ ><\/p><\/div><div class=\"panel-widget-style\" ><ul><li>Compact, peu encombrant et fiable<\/li><li>Ecran couleur de qualit\u00e9<\/li><li>Retourne la monnaie<\/li><li>Recharge automatique<\/li><li>Emission rapide des billets, tickets, re\u00e7us<\/li><li>R\u00e9sistant aux effractions<\/li><li>Fluchtwegsunterst\u00fctzung\/Fluchtweg<\/li><li>Prix d'entr\u00e9e modifiable<\/li><li>Possibilit\u00e9 de paiement avec 2 devises<\/li><li>Possibilit\u00e9 de paiement par carte<\/li><\/ul><\/div><div class=\"panel-widget-style\" ><a target=\"_blank\" href=\"http:\/\/www.tresmer.ch\/wp-content\/uploads\/2019\/10\/Trinity_Bezahlter-Zutritt.pdf\" id=\"thinkupshortcodesthinkup_builder_buttontheme\" class=\"button style1 themebutton large standard\">Fiche technique (DE)<\/a><\/div><\/div><\/div><\/div>","protected":false},"excerpt":{"rendered":"<p>Tourniquet WC TrinityParfaitement adapt\u00e9 aux lieux publiques : aux gares, aux stations de m\u00e9tro et de bus, aux zones pi\u00e9tonnes, aux centre ville, aux sorties d&rsquo;autoroute, aux stations service, aux aires de repos,aux zones industrielles, ou proche d&rsquo;une destination touristique et bien plus encore.Compact, peu encombrant et fiableEcran couleur de qualit\u00e9Retourne la monnaieRecharge automatiqueEmission rapide&hellip;<\/p>\n<p class=\"more-link\"><a href=\"https:\/\/www.tresmer.ch\/fr\/tourniquet-wc-trinity\/\" class=\"themebutton\">Read More<\/a><\/p>\n","protected":false},"author":4,"featured_media":0,"parent":0,"menu_order":0,"comment_status":"closed","ping_status":"closed","template":"","meta":{"_sitemap_exclude":false,"_sitemap_priority":"","_sitemap_frequency":"","footnotes":""},"categories":[],"tags":[],"class_list":["post-5697","page","type-page","status-publish","hentry"],"jetpack_sharing_enabled":true,"_links":{"self":[{"href":"https:\/\/www.tresmer.ch\/fr\/wp-json\/wp\/v2\/pages\/5697","targetHints":{"allow":["GET"]}}],"collection":[{"href":"https:\/\/www.tresmer.ch\/fr\/wp-json\/wp\/v2\/pages"}],"about":[{"href":"https:\/\/www.tresmer.ch\/fr\/wp-json\/wp\/v2\/types\/page"}],"author":[{"embeddable":true,"href":"https:\/\/www.tresmer.ch\/fr\/wp-json\/wp\/v2\/users\/4"}],"replies":[{"embeddable":true,"href":"https:\/\/www.tresmer.ch\/fr\/wp-json\/wp\/v2\/comments?post=5697"}],"version-history":[{"count":3,"href":"https:\/\/www.tresmer.ch\/fr\/wp-json\/wp\/v2\/pages\/5697\/revisions"}],"predecessor-version":[{"id":5700,"href":"https:\/\/www.tresmer.ch\/fr\/wp-json\/wp\/v2\/pages\/5697\/revisions\/5700"}],"wp:attachment":[{"href":"https:\/\/www.tresmer.ch\/fr\/wp-json\/wp\/v2\/media?parent=5697"}],"wp:term":[{"taxonomy":"category","embeddable":true,"href":"https:\/\/www.tresmer.ch\/fr\/wp-json\/wp\/v2\/categories?post=5697"},{"taxonomy":"post_tag","embeddable":true,"href":"https:\/\/www.tresmer.ch\/fr\/wp-json\/wp\/v2\/tags?post=5697"}],"curies":[{"name":"wp","href":"https:\/\/api.w.org\/{rel}","templated":true}]}}