{"id":5678,"date":"2020-08-20T14:44:33","date_gmt":"2020-08-20T12:44:33","guid":{"rendered":"http:\/\/www.tresmer.ch\/?page_id=5678"},"modified":"2020-08-20T14:44:33","modified_gmt":"2020-08-20T12:44:33","slug":"c-link-cash-management-software","status":"publish","type":"page","link":"https:\/\/www.tresmer.ch\/fr\/c-link-cash-management-software\/","title":{"rendered":"C-Link Cash Management Software"},"content":{"rendered":"<div id=\"pg-5678-0\"  class=\"panel-grid\" ><div class=\"panel-grid-core\"><div id=\"pgc-5678-0-0\"  class=\"panel-grid-cell    \" ><div class=\"panel-widget-style\" ><h1>C-Link Cash Management Software<\/h1><hr \/><p>La solution pour la gestion \u00e0 distance des appareils CIMA.<\/p><\/div><div class=\"panel-widget-style\" ><p><img decoding=\"async\" src=\"https:\/\/www.tresmer.ch\/wp-content\/uploads\/2019\/10\/C-Link-e1571666643274.jpg\" alt=\"\" \/ ><\/p><\/div><div class=\"panel-widget-style\" ><p>Acc\u00e8s \u00e0 distance<\/p><ul><li>pour faciliter les intervention de maintenance et de mise \u00e0 jour<\/li><li>pour le contr\u00f4le des transactions<\/li><li>pour le contr\u00f4le des niveaux de remplissage<\/li><li>pour la gestion de la s\u00e9curit\u00e9 et d\u00e9finir les habilitations<\/li><li>pour les rapports d\u00e9taill\u00e9s sur les appareils et les transactions<\/li><li>et bien plus encore<\/li><\/ul><\/div><div class=\"panel-widget-style\" ><a target=\"_blank\" href=\"http:\/\/www.tresmer.ch\/wp-content\/uploads\/2019\/10\/C-Link-rev5-DE-Pr\u00e4sentation.pdf\" id=\"thinkupshortcodesthinkup_builder_buttontheme\" class=\"button style1 themebutton large standard\">Fiche technique (DE)<\/a><\/div><\/div><\/div><\/div>","protected":false},"excerpt":{"rendered":"<p>C-Link Cash Management SoftwareLa solution pour la gestion \u00e0 distance des appareils CIMA.Acc\u00e8s \u00e0 distancepour faciliter les intervention de maintenance et de mise \u00e0 jourpour le contr\u00f4le des transactionspour le contr\u00f4le des niveaux de remplissagepour la gestion de la s\u00e9curit\u00e9 et d\u00e9finir les habilitationspour les rapports d\u00e9taill\u00e9s sur les appareils et les transactionset bien plus&hellip;<\/p>\n<p class=\"more-link\"><a href=\"https:\/\/www.tresmer.ch\/fr\/c-link-cash-management-software\/\" class=\"themebutton\">Read More<\/a><\/p>\n","protected":false},"author":4,"featured_media":0,"parent":0,"menu_order":0,"comment_status":"closed","ping_status":"closed","template":"","meta":{"_sitemap_exclude":false,"_sitemap_priority":"","_sitemap_frequency":"","footnotes":""},"categories":[],"tags":[],"class_list":["post-5678","page","type-page","status-publish","hentry"],"jetpack_sharing_enabled":true,"_links":{"self":[{"href":"https:\/\/www.tresmer.ch\/fr\/wp-json\/wp\/v2\/pages\/5678","targetHints":{"allow":["GET"]}}],"collection":[{"href":"https:\/\/www.tresmer.ch\/fr\/wp-json\/wp\/v2\/pages"}],"about":[{"href":"https:\/\/www.tresmer.ch\/fr\/wp-json\/wp\/v2\/types\/page"}],"author":[{"embeddable":true,"href":"https:\/\/www.tresmer.ch\/fr\/wp-json\/wp\/v2\/users\/4"}],"replies":[{"embeddable":true,"href":"https:\/\/www.tresmer.ch\/fr\/wp-json\/wp\/v2\/comments?post=5678"}],"version-history":[{"count":3,"href":"https:\/\/www.tresmer.ch\/fr\/wp-json\/wp\/v2\/pages\/5678\/revisions"}],"predecessor-version":[{"id":5681,"href":"https:\/\/www.tresmer.ch\/fr\/wp-json\/wp\/v2\/pages\/5678\/revisions\/5681"}],"wp:attachment":[{"href":"https:\/\/www.tresmer.ch\/fr\/wp-json\/wp\/v2\/media?parent=5678"}],"wp:term":[{"taxonomy":"category","embeddable":true,"href":"https:\/\/www.tresmer.ch\/fr\/wp-json\/wp\/v2\/categories?post=5678"},{"taxonomy":"post_tag","embeddable":true,"href":"https:\/\/www.tresmer.ch\/fr\/wp-json\/wp\/v2\/tags?post=5678"}],"curies":[{"name":"wp","href":"https:\/\/api.w.org\/{rel}","templated":true}]}}