{"id":5668,"date":"2020-08-20T14:32:39","date_gmt":"2020-08-20T12:32:39","guid":{"rendered":"http:\/\/www.tresmer.ch\/?page_id=5668"},"modified":"2024-11-19T11:06:53","modified_gmt":"2024-11-19T10:06:53","slug":"coffre-fort-automatique-ast-7016","status":"publish","type":"page","link":"https:\/\/www.tresmer.ch\/fr\/coffre-fort-automatique-ast-7016\/","title":{"rendered":"Coffre-fort automatique AST-7016"},"content":{"rendered":"<div id=\"pg-5668-0\"  class=\"panel-grid\" ><div class=\"panel-grid-core\"><div id=\"pgc-5668-0-0\"  class=\"panel-grid-cell   \" ><div class=\"panel-widget-style\" ><h1>Coffre-fort automatique <br \/>AST-7016<\/h1><hr \/><h2>Coffre-fort automatique qui rend la monnaie,<\/h2><h2 style=\"font-style: inherit; font-weight: inherit;\">Mod\u00e8le 7016<\/h2><ul><li>Vitesse du traitement 6 billets par seconde<\/li><li>Capteur de contr\u00f4le des billets BV 5000 avec reconnaissance d\u2019image compl\u00e8te, pour les billets en CHF et en EURO, ainsi que des tests magn\u00e9tiques, infrarouges et UV des billets, certifi\u00e9s par la BCE.<\/li><\/ul><ul><li>Exemple de configuration : 3 x 10 CHF \/ 3x 20 CHF \/ 3x 50 CHF \/ 3x 100 CHF \/ 2x 200 CHF \/ 1x 1000 CHF \/ 1x EURO 5 \u00e0 500<\/li><li>Capacit\u00e9 de stockage de 16 modules de\u00a0 rouleaux de 680 billets<\/li><li>Compartiment d\u2019entr\u00e9e des billets pour 150 billets<\/li><li>Compartiment de sortie\u00a0 pour 100 billets<\/li><li style=\"font-style: inherit; font-weight: inherit;\">Coffre-fort conforme \u00e0 la norme UL 291, serrure \u00e9lectronique La Guard 39 E, charni\u00e8re de porte standard \u00e0 gauche.<\/li><li style=\"font-style: inherit; font-weight: inherit;\">Interfaces : Ethernet, RS 232 ou USB<\/li><li style=\"font-style: inherit; font-weight: inherit;\">Peut \u00eatre combin\u00e9 avec le recycleur de pi\u00e8ces CDS 803<\/li><\/ul><\/div><div class=\"panel-widget-style\" ><p><img decoding=\"async\" src=\"https:\/\/www.tresmer.ch\/wp-content\/uploads\/2019\/10\/AST-7008-e1571666622902.png\" alt=\"\" \/ ><\/p><\/div><div class=\"panel-widget-style\" ><a target=\"_blank\" href=\"https:\/\/www.tresmer.ch\/wp-content\/uploads\/2024\/11\/Kassentresor_7016_2024_FR.pdf\" id=\"thinkupshortcodesthinkup_builder_buttontheme\" class=\"button style1 themebutton large standard\">Fiche technique<\/a><\/div><\/div><\/div><\/div>","protected":false},"excerpt":{"rendered":"<p>Coffre-fort automatique AST-7016Coffre-fort automatique qui rend la monnaie,Mod\u00e8le 7016Vitesse du traitement 6 billets par secondeCapteur de contr\u00f4le des billets BV 5000 avec reconnaissance d\u2019image compl\u00e8te, pour les billets en CHF et en EURO, ainsi que des tests magn\u00e9tiques, infrarouges et UV des billets, certifi\u00e9s par la BCE.Exemple de configuration : 3 x 10 CHF \/&hellip;<\/p>\n<p class=\"more-link\"><a href=\"https:\/\/www.tresmer.ch\/fr\/coffre-fort-automatique-ast-7016\/\" class=\"themebutton\">Read More<\/a><\/p>\n","protected":false},"author":4,"featured_media":0,"parent":0,"menu_order":0,"comment_status":"closed","ping_status":"closed","template":"","meta":{"_sitemap_exclude":false,"_sitemap_priority":"","_sitemap_frequency":"","footnotes":""},"categories":[],"tags":[],"class_list":["post-5668","page","type-page","status-publish","hentry"],"jetpack_sharing_enabled":true,"_links":{"self":[{"href":"https:\/\/www.tresmer.ch\/fr\/wp-json\/wp\/v2\/pages\/5668","targetHints":{"allow":["GET"]}}],"collection":[{"href":"https:\/\/www.tresmer.ch\/fr\/wp-json\/wp\/v2\/pages"}],"about":[{"href":"https:\/\/www.tresmer.ch\/fr\/wp-json\/wp\/v2\/types\/page"}],"author":[{"embeddable":true,"href":"https:\/\/www.tresmer.ch\/fr\/wp-json\/wp\/v2\/users\/4"}],"replies":[{"embeddable":true,"href":"https:\/\/www.tresmer.ch\/fr\/wp-json\/wp\/v2\/comments?post=5668"}],"version-history":[{"count":11,"href":"https:\/\/www.tresmer.ch\/fr\/wp-json\/wp\/v2\/pages\/5668\/revisions"}],"predecessor-version":[{"id":10484,"href":"https:\/\/www.tresmer.ch\/fr\/wp-json\/wp\/v2\/pages\/5668\/revisions\/10484"}],"wp:attachment":[{"href":"https:\/\/www.tresmer.ch\/fr\/wp-json\/wp\/v2\/media?parent=5668"}],"wp:term":[{"taxonomy":"category","embeddable":true,"href":"https:\/\/www.tresmer.ch\/fr\/wp-json\/wp\/v2\/categories?post=5668"},{"taxonomy":"post_tag","embeddable":true,"href":"https:\/\/www.tresmer.ch\/fr\/wp-json\/wp\/v2\/tags?post=5668"}],"curies":[{"name":"wp","href":"https:\/\/api.w.org\/{rel}","templated":true}]}}