{"id":5661,"date":"2020-08-20T14:22:17","date_gmt":"2020-08-20T12:22:17","guid":{"rendered":"http:\/\/www.tresmer.ch\/?page_id=5661"},"modified":"2024-11-19T11:05:53","modified_gmt":"2024-11-19T10:05:53","slug":"coffre-fort-automatique-ast-7008","status":"publish","type":"page","link":"https:\/\/www.tresmer.ch\/fr\/coffre-fort-automatique-ast-7008\/","title":{"rendered":"Coffre-fort automatique AST-7008"},"content":{"rendered":"<div id=\"pg-5661-0\"  class=\"panel-grid\" ><div class=\"panel-grid-core\"><div id=\"pgc-5661-0-0\"  class=\"panel-grid-cell   \" ><div class=\"panel-widget-style\" ><h1>Coffre-fort automatique<br \/>AST-7008<\/h1><hr \/><p style=\"background: white; vertical-align: baseline; margin: 0cm 0cm 9.6pt 0cm;\"><strong><span style=\"font-family: 'Helvetica',sans-serif; color: #003a8c;\">Coffre-fort automatique qui rend la monnaie,<\/span><\/strong><\/p><p style=\"background: white; vertical-align: baseline; font-style: inherit; font-weight: inherit; outline: 0px; transition: all 0.3s ease 0s; margin: 0cm 0cm 9.6pt 0cm;\"><strong><span style=\"font-family: 'Helvetica',sans-serif; color: #003a8c;\">Mod\u00e8le 7008S avec sacs de stockage<\/span><\/strong><\/p><ul><li>Vitesse du traitement 7 billets par seconde<\/li><li style=\"font-style: inherit; font-weight: inherit;\">Kit d\u2019utilisation \u201cTTouch\u201d avec \u00e9cran tactile de 15\u2033<\/li><li style=\"font-style: inherit; font-weight: inherit;\">Imprimante pour les re\u00e7us de 80 mm.<\/li><li style=\"font-style: inherit; font-weight: inherit;\">Capteur de contr\u00f4le des billets BV 5000 avec reconnaissance d\u2019image compl\u00e8te, pour les billets en CHF et en EURO, ainsi que des tests magn\u00e9tiques, infrarouges et UV des billets, certifi\u00e9s par la BCE.<\/li><li style=\"font-style: inherit; font-weight: inherit;\">Exemple de configuration : 1 x 10 \u00e0 1\u2019000 CHF \/ 1 x 5 \u00e0 500 EUR \/ 1 x r\u00e9serve<\/li><li style=\"font-style: inherit; font-weight: inherit;\">Capacit\u00e9 de stockage de 8 rouleaux de 680 billets<\/li><li style=\"font-style: inherit; font-weight: inherit;\">Capacit\u00e9 des sacs empilables jusqu\u2019\u00e0 3\u2019000 billets<br \/><br \/><\/li><li style=\"font-style: inherit; font-weight: inherit;\">Compartiment d\u2019entr\u00e9e des billets pour 150 billets,<\/li><li style=\"font-style: inherit; font-weight: inherit;\">Compartiment de sortie pour 100 billets<br \/>Coffre-fort conforme \u00e0 la norme UL 291, serrure \u00e9lectronique La Guard 39 E, charni\u00e8re de porte standard \u00e0 gauche. Interfaces : Ethernet, RS 232 ou USB<\/li><li style=\"font-style: inherit; font-weight: inherit;\">Peut \u00eatre combin\u00e9 avec le recycleur de pi\u00e8ces CDS 803<\/li><\/ul><\/div><div class=\"panel-widget-style\" ><p><img decoding=\"async\" src=\"https:\/\/www.tresmer.ch\/wp-content\/uploads\/2019\/10\/AST-7008-e1571666622902.png\" alt=\"\" \/ ><\/p><\/div><div class=\"panel-widget-style\" ><a target=\"_blank\" href=\"https:\/\/www.tresmer.ch\/wp-content\/uploads\/2024\/11\/Kassentresor_7008S_2024_FR.pdf\" id=\"thinkupshortcodesthinkup_builder_buttontheme\" class=\"button style1 themebutton large standard\">Fiche technique<\/a><\/div><\/div><\/div><\/div>","protected":false},"excerpt":{"rendered":"<p>Coffre-fort automatiqueAST-7008Coffre-fort automatique qui rend la monnaie,Mod\u00e8le 7008S avec sacs de stockageVitesse du traitement 7 billets par secondeKit d\u2019utilisation \u201cTTouch\u201d avec \u00e9cran tactile de 15\u2033Imprimante pour les re\u00e7us de 80 mm.Capteur de contr\u00f4le des billets BV 5000 avec reconnaissance d\u2019image compl\u00e8te, pour les billets en CHF et en EURO, ainsi que des tests magn\u00e9tiques, infrarouges&hellip;<\/p>\n<p class=\"more-link\"><a href=\"https:\/\/www.tresmer.ch\/fr\/coffre-fort-automatique-ast-7008\/\" class=\"themebutton\">Read More<\/a><\/p>\n","protected":false},"author":4,"featured_media":0,"parent":0,"menu_order":0,"comment_status":"closed","ping_status":"closed","template":"","meta":{"_sitemap_exclude":false,"_sitemap_priority":"","_sitemap_frequency":"","footnotes":""},"categories":[],"tags":[],"class_list":["post-5661","page","type-page","status-publish","hentry"],"jetpack_sharing_enabled":true,"_links":{"self":[{"href":"https:\/\/www.tresmer.ch\/fr\/wp-json\/wp\/v2\/pages\/5661","targetHints":{"allow":["GET"]}}],"collection":[{"href":"https:\/\/www.tresmer.ch\/fr\/wp-json\/wp\/v2\/pages"}],"about":[{"href":"https:\/\/www.tresmer.ch\/fr\/wp-json\/wp\/v2\/types\/page"}],"author":[{"embeddable":true,"href":"https:\/\/www.tresmer.ch\/fr\/wp-json\/wp\/v2\/users\/4"}],"replies":[{"embeddable":true,"href":"https:\/\/www.tresmer.ch\/fr\/wp-json\/wp\/v2\/comments?post=5661"}],"version-history":[{"count":7,"href":"https:\/\/www.tresmer.ch\/fr\/wp-json\/wp\/v2\/pages\/5661\/revisions"}],"predecessor-version":[{"id":10480,"href":"https:\/\/www.tresmer.ch\/fr\/wp-json\/wp\/v2\/pages\/5661\/revisions\/10480"}],"wp:attachment":[{"href":"https:\/\/www.tresmer.ch\/fr\/wp-json\/wp\/v2\/media?parent=5661"}],"wp:term":[{"taxonomy":"category","embeddable":true,"href":"https:\/\/www.tresmer.ch\/fr\/wp-json\/wp\/v2\/categories?post=5661"},{"taxonomy":"post_tag","embeddable":true,"href":"https:\/\/www.tresmer.ch\/fr\/wp-json\/wp\/v2\/tags?post=5661"}],"curies":[{"name":"wp","href":"https:\/\/api.w.org\/{rel}","templated":true}]}}