{"id":5653,"date":"2020-08-20T12:08:42","date_gmt":"2020-08-20T10:08:42","guid":{"rendered":"http:\/\/www.tresmer.ch\/?page_id=5653"},"modified":"2024-11-19T11:04:55","modified_gmt":"2024-11-19T10:04:55","slug":"coffre-fort-automatique-ast-7000","status":"publish","type":"page","link":"https:\/\/www.tresmer.ch\/fr\/coffre-fort-automatique-ast-7000\/","title":{"rendered":"Coffre-fort automatique AST-7000"},"content":{"rendered":"<div id=\"pg-5653-0\"  class=\"panel-grid\" ><div class=\"panel-grid-core\"><div id=\"pgc-5653-0-0\"  class=\"panel-grid-cell    \" ><div class=\"panel-widget-style\" ><h1><strong>Coffre-fort automatique<br \/><\/strong>AST-7000<\/h1><hr \/><p style=\"background: white; vertical-align: baseline; margin: 0cm 0cm 9.6pt 0cm;\"><span style=\"font-family: Helvetica, sans-serif; color: #000000;\">Coffre-fort automatique qui rend la monnaie,<br \/>Mod\u00e8le AST 7000 NT5 Retail<\/span><\/p><\/div><div class=\"panel-widget-style\" ><p><img decoding=\"async\" src=\"https:\/\/www.tresmer.ch\/wp-content\/uploads\/2019\/10\/AST-7000NT-N51-e1571666630853.png\" alt=\"\" \/ ><\/p><\/div><div class=\"panel-widget-style\" ><ul><li>Coffre-fort pour le d\u00e9p\u00f4t, le retrait et le stockage des billets de banque en toute s\u00e9curit\u00e9. Kit d\u2019utilisation \u201cTTouch\u201d avec \u00e9cran tactile de 15\u2033 et imprimante pour les re\u00e7us de 80 mm.<\/li><li>Capacit\u00e9 de stockage de 8 rouleaux de 680 billets<\/li><\/ul><\/div><div class=\"panel-widget-style\" ><a target=\"_blank\" href=\"https:\/\/www.tresmer.ch\/wp-content\/uploads\/2024\/11\/Kassentresor_7000-NT5_2024_FR.pdf\" id=\"thinkupshortcodesthinkup_builder_buttontheme\" class=\"button style1 themebutton large standard\">Fiche technique<\/a><\/div><\/div><\/div><\/div>","protected":false},"excerpt":{"rendered":"<p>Coffre-fort automatiqueAST-7000Coffre-fort automatique qui rend la monnaie,Mod\u00e8le AST 7000 NT5 RetailCoffre-fort pour le d\u00e9p\u00f4t, le retrait et le stockage des billets de banque en toute s\u00e9curit\u00e9. Kit d\u2019utilisation \u201cTTouch\u201d avec \u00e9cran tactile de 15\u2033 et imprimante pour les re\u00e7us de 80 mm.Capacit\u00e9 de stockage de 8 rouleaux de 680 billetsFiche technique<\/p>\n","protected":false},"author":4,"featured_media":0,"parent":0,"menu_order":0,"comment_status":"closed","ping_status":"closed","template":"","meta":{"_sitemap_exclude":false,"_sitemap_priority":"","_sitemap_frequency":"","footnotes":""},"categories":[],"tags":[],"class_list":["post-5653","page","type-page","status-publish","hentry"],"jetpack_sharing_enabled":true,"_links":{"self":[{"href":"https:\/\/www.tresmer.ch\/fr\/wp-json\/wp\/v2\/pages\/5653","targetHints":{"allow":["GET"]}}],"collection":[{"href":"https:\/\/www.tresmer.ch\/fr\/wp-json\/wp\/v2\/pages"}],"about":[{"href":"https:\/\/www.tresmer.ch\/fr\/wp-json\/wp\/v2\/types\/page"}],"author":[{"embeddable":true,"href":"https:\/\/www.tresmer.ch\/fr\/wp-json\/wp\/v2\/users\/4"}],"replies":[{"embeddable":true,"href":"https:\/\/www.tresmer.ch\/fr\/wp-json\/wp\/v2\/comments?post=5653"}],"version-history":[{"count":8,"href":"https:\/\/www.tresmer.ch\/fr\/wp-json\/wp\/v2\/pages\/5653\/revisions"}],"predecessor-version":[{"id":10476,"href":"https:\/\/www.tresmer.ch\/fr\/wp-json\/wp\/v2\/pages\/5653\/revisions\/10476"}],"wp:attachment":[{"href":"https:\/\/www.tresmer.ch\/fr\/wp-json\/wp\/v2\/media?parent=5653"}],"wp:term":[{"taxonomy":"category","embeddable":true,"href":"https:\/\/www.tresmer.ch\/fr\/wp-json\/wp\/v2\/categories?post=5653"},{"taxonomy":"post_tag","embeddable":true,"href":"https:\/\/www.tresmer.ch\/fr\/wp-json\/wp\/v2\/tags?post=5653"}],"curies":[{"name":"wp","href":"https:\/\/api.w.org\/{rel}","templated":true}]}}