{"id":5646,"date":"2020-08-20T11:51:58","date_gmt":"2020-08-20T09:51:58","guid":{"rendered":"http:\/\/www.tresmer.ch\/?page_id=5646"},"modified":"2024-11-19T11:01:57","modified_gmt":"2024-11-19T10:01:57","slug":"coffre-fort-automatique-sdm-504","status":"publish","type":"page","link":"https:\/\/www.tresmer.ch\/fr\/coffre-fort-automatique-sdm-504\/","title":{"rendered":"Coffre-fort automatique SDM-504"},"content":{"rendered":"<div id=\"pg-5646-0\"  class=\"panel-grid\" ><div class=\"panel-grid-core\"><div id=\"pgc-5646-0-0\"  class=\"panel-grid-cell    \" ><div class=\"panel-widget-style\" ><h1><strong>Coffre-fort automatique<br \/><\/strong>SDM-504\u00a0\u00a0<\/h1><hr \/><p>Coffre-fort automatique avec \u00e9cran tactile int\u00e9gr\u00e9, imprimante thermique pour les re\u00e7us, v\u00e9rificateur de billet et syst\u00e8me de sacs empilables int\u00e9gr\u00e9.<\/p><\/div><div class=\"panel-widget-style\" ><p><img decoding=\"async\" src=\"https:\/\/www.tresmer.ch\/wp-content\/uploads\/2019\/10\/SDM-504-e1571663609349.png\" alt=\"\" \/ ><\/p><\/div><div class=\"panel-widget-style\" ><ul><li>Largeur 380 mm (8mm \/ UL 291) 455 mm (CEN IV)<\/li><li>Largeur 455 mm (UL 291\/ CEN III)<\/li><li>Profondeur 685 mm (UL 291\/CEN III)<\/li><li>Hauteur 1025 mm (UL 291\/CEN III)<\/li><li>Poids 320 Kg (UL 291) 450 Kg (CEN III)<\/li><li>Vitesse de traitement 5.5 billets\/ seconde<\/li><li>Vitesse de distribution 5 billets \/ seconde<\/li><li>Capacit\u00e9 des sacs empilables jusqu\u2019\u00e0 3\u2019000 billets<\/li><li>Capacit\u00e9 de stockage de 4 rouleaux de 500 billets<\/li><\/ul><\/div><div class=\"panel-widget-style\" ><a target=\"_blank\" href=\"https:\/\/www.tresmer.ch\/wp-content\/uploads\/2024\/11\/Kassentresor_SDM504-_2024_FR.pdf\" id=\"thinkupshortcodesthinkup_builder_buttontheme\" class=\"button style1 themebutton large standard\">Fiche technique<\/a><\/div><\/div><\/div><\/div>","protected":false},"excerpt":{"rendered":"<p>Coffre-fort automatiqueSDM-504\u00a0\u00a0Coffre-fort automatique avec \u00e9cran tactile int\u00e9gr\u00e9, imprimante thermique pour les re\u00e7us, v\u00e9rificateur de billet et syst\u00e8me de sacs empilables int\u00e9gr\u00e9.Largeur 380 mm (8mm \/ UL 291) 455 mm (CEN IV)Largeur 455 mm (UL 291\/ CEN III)Profondeur 685 mm (UL 291\/CEN III)Hauteur 1025 mm (UL 291\/CEN III)Poids 320 Kg (UL 291) 450 Kg (CEN III)Vitesse&hellip;<\/p>\n<p class=\"more-link\"><a href=\"https:\/\/www.tresmer.ch\/fr\/coffre-fort-automatique-sdm-504\/\" class=\"themebutton\">Read More<\/a><\/p>\n","protected":false},"author":4,"featured_media":0,"parent":0,"menu_order":0,"comment_status":"closed","ping_status":"closed","template":"","meta":{"_sitemap_exclude":false,"_sitemap_priority":"","_sitemap_frequency":"","footnotes":""},"categories":[],"tags":[],"class_list":["post-5646","page","type-page","status-publish","hentry"],"jetpack_sharing_enabled":true,"_links":{"self":[{"href":"https:\/\/www.tresmer.ch\/fr\/wp-json\/wp\/v2\/pages\/5646","targetHints":{"allow":["GET"]}}],"collection":[{"href":"https:\/\/www.tresmer.ch\/fr\/wp-json\/wp\/v2\/pages"}],"about":[{"href":"https:\/\/www.tresmer.ch\/fr\/wp-json\/wp\/v2\/types\/page"}],"author":[{"embeddable":true,"href":"https:\/\/www.tresmer.ch\/fr\/wp-json\/wp\/v2\/users\/4"}],"replies":[{"embeddable":true,"href":"https:\/\/www.tresmer.ch\/fr\/wp-json\/wp\/v2\/comments?post=5646"}],"version-history":[{"count":7,"href":"https:\/\/www.tresmer.ch\/fr\/wp-json\/wp\/v2\/pages\/5646\/revisions"}],"predecessor-version":[{"id":10468,"href":"https:\/\/www.tresmer.ch\/fr\/wp-json\/wp\/v2\/pages\/5646\/revisions\/10468"}],"wp:attachment":[{"href":"https:\/\/www.tresmer.ch\/fr\/wp-json\/wp\/v2\/media?parent=5646"}],"wp:term":[{"taxonomy":"category","embeddable":true,"href":"https:\/\/www.tresmer.ch\/fr\/wp-json\/wp\/v2\/categories?post=5646"},{"taxonomy":"post_tag","embeddable":true,"href":"https:\/\/www.tresmer.ch\/fr\/wp-json\/wp\/v2\/tags?post=5646"}],"curies":[{"name":"wp","href":"https:\/\/api.w.org\/{rel}","templated":true}]}}