{"id":5637,"date":"2020-08-20T11:27:12","date_gmt":"2020-08-20T09:27:12","guid":{"rendered":"http:\/\/www.tresmer.ch\/?page_id=5637"},"modified":"2023-03-17T14:58:57","modified_gmt":"2023-03-17T13:58:57","slug":"home","status":"publish","type":"page","link":"https:\/\/www.tresmer.ch\/fr\/","title":{"rendered":"Home"},"content":{"rendered":"<div id=\"pg-5637-0\"  class=\"panel-grid\" ><div class=\"panel-grid-core\"><div id=\"pgc-5637-0-0\"  class=\"panel-grid-cell \" ><div class=\"panel-widget-style\" style=\"text-align: center !important;\" ><div class=\"animated start-fadeInUp\" title=\"500\"><h1 style=\"font-size: 40px;font-weight: 500;font-style: normal;\"><span>TRESMER est votre partenaire pour les automates et le Cash Handling pour toute la Suisse<\/span><\/h1><\/div><div class=\"clearboth\"><\/div><\/div><\/div><\/div><\/div><div id=\"pg-5637-1\"  class=\"panel-grid\" ><div class=\"panel-grid-core\"><div id=\"pgc-5637-1-0\"  class=\"panel-grid-cell \" ><div class=\"panel-widget-style\" >\t\t\t<div class=\"textwidget\"><div id=\"xperto_content\">\n<div class=\"xperto_fliesstext\">\n<p>Nous sommes un importateur et distributeur pour les appareils li\u00e9s \u00e0 la gestion du cash.<\/p>\n<p><strong>Nos machines de gestion de la monnaie, des billets et de distribution en libre-service vous accompagnent dans vos activit\u00e9s<\/strong><\/p>\n<p>Des grandes banques nationales, au kiosque \u00e0 journaux, des transporteurs de fonds aux entreprises de la grande distributions, tous les acteurs de la vie \u00e9conomique trouvent avec nous les solutions qui leurs permettent de\u00a0:<\/p>\n<\/div>\n<\/div>\n<\/div>\n\t\t<\/div><\/div><\/div><\/div><div id=\"pg-5637-2\"  class=\"panel-grid\" ><div class=\"panel-grid-core\"><div id=\"pgc-5637-2-0\"  class=\"panel-grid-cell \" ><div class=\"panel-widget-style\" ><ul><li>Rentabiliser les transactions en argent liquide<\/li><li>Faciliter la logistique du cash<\/li><li>Assurer que le cycle du cash se passe sans pertes de temps et d\u2019argent<\/li><li>V\u00e9rifier et compter, trier et emballer les pi\u00e8ces de monnaie et les billets de banque<\/li><li>Retrait et d\u00e9p\u00f4t d\u2019esp\u00e8ces<\/li><li>Changer, recycler, entreposer et stocker de l\u2019argent en toute s\u00e9curit\u00e9<\/li><\/ul><\/div><\/div><div id=\"pgc-5637-2-1\"  class=\"panel-grid-cell \" ><div class=\"panel-widget-style\" ><ul><li>\u00c9quiper vos points de vente, POS et de recharger de cartes client<\/li><li>Fournir des machines de paiement et de change de monnaie<\/li><li>Installer des coffres-forts de d\u00e9p\u00f4t automatiques, des distributeurs d\u2019argent et des contenants en esp\u00e8ces<\/li><li>Compter les bulletins de vote et d'\u00e9lection<\/li><li>Construire avec nos solutions OEM avec appareils int\u00e9gr\u00e9s<\/li><\/ul><\/div><\/div><\/div><\/div><div id=\"pg-5637-3\"  class=\"panel-grid\" ><div class=\"panel-grid-core\"><div id=\"pgc-5637-3-0\"  class=\"panel-grid-cell \" ><div class=\"panel-widget-style\" ><div id=\"pg-31-11\" class=\"panel-grid\"><div class=\"panel-grid-core\"><div id=\"pgc-31-11-0\" class=\"panel-grid-cell\"><p>Le traitement automatis\u00e9 de la tr\u00e9sorerie vous permet de gagner du temps et de cr\u00e9er des processus s\u00e9curis\u00e9s.<\/p><p>Nous repr\u00e9sentons les meilleures marques pour vous fournir des solutions individuelles et efficaces pour les paiements encaiss\u00e9s et le traitement des esp\u00e8ces.<\/p><p>Nous sommes heureux de venir vous rencontrer. Nous v\u00e9rifions votre processus actuel et vous sugg\u00e9rons le cas \u00e9ch\u00e9ant des optimisations n\u00e9cessaires. Lors du traitement de l\u2019argent, vous pouvez souvent \u00e9conomiser beaucoup de temps et d\u2019argent. Nous avons de nombreux outils pour cela, seule une solution r\u00e9fl\u00e9chie et dimensionn\u00e9e \u00e0 votre histoire apporte l\u2019am\u00e9lioration souhait\u00e9e. C'est notre job.<\/p><p>Chaque vente comprend une instruction personnelle \u00e0 l\u2019utilisateur. Dans la mesure du possible, nous livrons un appareil en personne et l\u2019installons avec l\u2019utilisateur.<\/p><p>Dans tous nos services, le client est au centre de notre pr\u00e9occupation. Am\u00e9liorer un processus est notre m\u00e9tier en mati\u00e8re de consultation et de performance, afin que vous puissiez r\u00e9duire vos co\u00fbts d\u2019exploitation ou augmenter l\u2019efficacit\u00e9 de votre processus. Votre succ\u00e8s est notre succ\u00e8s.<\/p><p><strong>Pourquoi cette diversit\u00e9 ?\u00a0<\/strong><\/p><p><strong>TRESMER AG<\/strong> travaille sur votre solution et utilise les bons produits de mani\u00e8re \u00e0 adapter les processus de traitement n\u00e9cessaires avec une grande efficacit\u00e9.<br \/>Le bon produit avec la meilleure configuration au bon endroit, permet d\u2019\u00e9conomiser du temps et de l\u2019argent lors de la v\u00e9rification, le comptage, le tri, l\u2019emballage et le recyclage des pi\u00e8ces et des billets de banque.<\/p><\/div><\/div><\/div><\/div><\/div><\/div><\/div>","protected":false},"excerpt":{"rendered":"<p>TRESMER est votre partenaire pour les automates et le Cash Handling pour toute la Suisse Nous sommes un importateur et distributeur pour les appareils li\u00e9s \u00e0 la gestion du cash. Nos machines de gestion de la monnaie, des billets et de distribution en libre-service vous accompagnent dans vos activit\u00e9s Des grandes banques nationales, au kiosque&hellip;<\/p>\n<p class=\"more-link\"><a href=\"https:\/\/www.tresmer.ch\/fr\/\" class=\"themebutton\">Read More<\/a><\/p>\n","protected":false},"author":4,"featured_media":0,"parent":0,"menu_order":0,"comment_status":"closed","ping_status":"closed","template":"","meta":{"_sitemap_exclude":false,"_sitemap_priority":"","_sitemap_frequency":"","footnotes":""},"categories":[],"tags":[],"class_list":["post-5637","page","type-page","status-publish","hentry"],"jetpack_sharing_enabled":true,"_links":{"self":[{"href":"https:\/\/www.tresmer.ch\/fr\/wp-json\/wp\/v2\/pages\/5637","targetHints":{"allow":["GET"]}}],"collection":[{"href":"https:\/\/www.tresmer.ch\/fr\/wp-json\/wp\/v2\/pages"}],"about":[{"href":"https:\/\/www.tresmer.ch\/fr\/wp-json\/wp\/v2\/types\/page"}],"author":[{"embeddable":true,"href":"https:\/\/www.tresmer.ch\/fr\/wp-json\/wp\/v2\/users\/4"}],"replies":[{"embeddable":true,"href":"https:\/\/www.tresmer.ch\/fr\/wp-json\/wp\/v2\/comments?post=5637"}],"version-history":[{"count":11,"href":"https:\/\/www.tresmer.ch\/fr\/wp-json\/wp\/v2\/pages\/5637\/revisions"}],"predecessor-version":[{"id":7188,"href":"https:\/\/www.tresmer.ch\/fr\/wp-json\/wp\/v2\/pages\/5637\/revisions\/7188"}],"wp:attachment":[{"href":"https:\/\/www.tresmer.ch\/fr\/wp-json\/wp\/v2\/media?parent=5637"}],"wp:term":[{"taxonomy":"category","embeddable":true,"href":"https:\/\/www.tresmer.ch\/fr\/wp-json\/wp\/v2\/categories?post=5637"},{"taxonomy":"post_tag","embeddable":true,"href":"https:\/\/www.tresmer.ch\/fr\/wp-json\/wp\/v2\/tags?post=5637"}],"curies":[{"name":"wp","href":"https:\/\/api.w.org\/{rel}","templated":true}]}}