{"id":5585,"date":"2020-08-20T10:01:35","date_gmt":"2020-08-20T08:01:35","guid":{"rendered":"http:\/\/www.tresmer.ch\/?page_id=5585"},"modified":"2024-11-19T11:00:57","modified_gmt":"2024-11-19T10:00:57","slug":"coffre-fort-automatique-sdm-500","status":"publish","type":"page","link":"https:\/\/www.tresmer.ch\/fr\/coffre-fort-automatique-sdm-500\/","title":{"rendered":"Coffre-fort automatique SDM-500"},"content":{"rendered":"<div id=\"pg-5585-0\"  class=\"panel-grid\" ><div class=\"panel-grid-core\"><div id=\"pgc-5585-0-0\"  class=\"panel-grid-cell    \" ><div class=\"panel-widget-style\" ><h1><strong>Coffre-fort automatique<\/strong><br \/>SDM-500\u00a0\u00a0<\/h1><hr \/><p>Coffre-fort automatique de grande capacit\u00e9 avec \u00e9cran tactile int\u00e9gr\u00e9, imprimante thermique de re\u00e7us, v\u00e9rificateur de billet et syst\u00e8me de sacs empilables int\u00e9gr\u00e9.<\/p><\/div><div class=\"panel-widget-style\" ><p><img decoding=\"async\" src=\"https:\/\/www.tresmer.ch\/wp-content\/uploads\/2019\/10\/CIMA_SDM500-e1736243276489.png\" alt=\"\" \/ ><\/p><\/div><div class=\"panel-widget-style\" ><ul><li>V\u00e9rificateur des billets<\/li><li>Vitesse de traitement 6 billets\/seconde<\/li><li>Grande capacit\u00e9, jusqu\u2019\u00e0 10\u2019000 billets<\/li><\/ul><\/div><div class=\"panel-widget-style\" ><a href=\"https:\/\/www.tresmer.ch\/wp-content\/uploads\/2024\/11\/Kassentresor_SDM500S_2024_FR.pdf\" id=\"thinkupshortcodesthinkup_builder_buttontheme\" class=\"button style1 themebutton small standard\">Fiche technique<\/a><\/div><\/div><\/div><\/div>","protected":false},"excerpt":{"rendered":"<p>Coffre-fort automatiqueSDM-500\u00a0\u00a0Coffre-fort automatique de grande capacit\u00e9 avec \u00e9cran tactile int\u00e9gr\u00e9, imprimante thermique de re\u00e7us, v\u00e9rificateur de billet et syst\u00e8me de sacs empilables int\u00e9gr\u00e9.V\u00e9rificateur des billetsVitesse de traitement 6 billets\/secondeGrande capacit\u00e9, jusqu\u2019\u00e0 10\u2019000 billetsFiche technique<\/p>\n","protected":false},"author":4,"featured_media":0,"parent":0,"menu_order":0,"comment_status":"closed","ping_status":"closed","template":"","meta":{"_sitemap_exclude":false,"_sitemap_priority":"","_sitemap_frequency":"","footnotes":""},"categories":[],"tags":[],"class_list":["post-5585","page","type-page","status-publish","hentry"],"jetpack_sharing_enabled":true,"_links":{"self":[{"href":"https:\/\/www.tresmer.ch\/fr\/wp-json\/wp\/v2\/pages\/5585","targetHints":{"allow":["GET"]}}],"collection":[{"href":"https:\/\/www.tresmer.ch\/fr\/wp-json\/wp\/v2\/pages"}],"about":[{"href":"https:\/\/www.tresmer.ch\/fr\/wp-json\/wp\/v2\/types\/page"}],"author":[{"embeddable":true,"href":"https:\/\/www.tresmer.ch\/fr\/wp-json\/wp\/v2\/users\/4"}],"replies":[{"embeddable":true,"href":"https:\/\/www.tresmer.ch\/fr\/wp-json\/wp\/v2\/comments?post=5585"}],"version-history":[{"count":6,"href":"https:\/\/www.tresmer.ch\/fr\/wp-json\/wp\/v2\/pages\/5585\/revisions"}],"predecessor-version":[{"id":10464,"href":"https:\/\/www.tresmer.ch\/fr\/wp-json\/wp\/v2\/pages\/5585\/revisions\/10464"}],"wp:attachment":[{"href":"https:\/\/www.tresmer.ch\/fr\/wp-json\/wp\/v2\/media?parent=5585"}],"wp:term":[{"taxonomy":"category","embeddable":true,"href":"https:\/\/www.tresmer.ch\/fr\/wp-json\/wp\/v2\/categories?post=5585"},{"taxonomy":"post_tag","embeddable":true,"href":"https:\/\/www.tresmer.ch\/fr\/wp-json\/wp\/v2\/tags?post=5585"}],"curies":[{"name":"wp","href":"https:\/\/api.w.org\/{rel}","templated":true}]}}