{"id":5497,"date":"2020-08-19T12:41:23","date_gmt":"2020-08-19T10:41:23","guid":{"rendered":"http:\/\/www.tresmer.ch\/?page_id=5497"},"modified":"2024-11-19T11:40:48","modified_gmt":"2024-11-19T10:40:48","slug":"balance-cashmaster-one","status":"publish","type":"page","link":"https:\/\/www.tresmer.ch\/fr\/balance-cashmaster-one\/","title":{"rendered":"Balance Cashmaster one"},"content":{"rendered":"<div id=\"pg-5497-0\"  class=\"panel-grid\" ><div class=\"panel-grid-core\"><div id=\"pgc-5497-0-0\"  class=\"panel-grid-cell \" ><div class=\"panel-widget-style\" ><h1>Cashmaster One<br \/>Balance pour compter l'argent<\/h1><hr \/><p>\u00a0<\/p><\/div><\/div><\/div><\/div><div id=\"pg-5497-1\"  class=\"panel-grid\" ><div class=\"panel-grid-core\"><div id=\"pgc-5497-1-0\"  class=\"panel-grid-cell \" ><div class=\"panel-widget-style\" ><p>La balance Cashmaster One est l'appareil parfait pour un comptage simple et pr\u00e9cis des esp\u00e8ces.<br \/>Car elle:<\/p><p>\u2022 r\u00e9duit les erreurs de comptage et les pertes<br \/>\u2022 fonctionne silencieusement, tout en \u00e9tant tr\u00e8s compact<br \/>\u2022 compte 6 fois plus vite qu'\u00e0 la main<br \/>\u2022 sp\u00e9cialement adapt\u00e9e \u00e0 votre entreprise<br \/>\u2022 portable gr\u00e2ce \u00e0 sa batterie<br \/>\u2022 peu de maintenance<br \/>\u2022 re\u00e7u imprimable \u00e0 tout moment<br \/>\u2022 con\u00e7u et produit par une entreprise traditionnelle<\/p><\/div><\/div><div id=\"pgc-5497-1-1\"  class=\"panel-grid-cell \" ><div class=\"panel-widget-style\" ><p><img decoding=\"async\" src=\"https:\/\/www.tresmer.ch\/wp-content\/uploads\/2018\/07\/IMG_4178.jpg\" alt=\"\" \/ ><\/p><\/div><\/div><\/div><\/div><div id=\"pg-5497-2\"  class=\"panel-grid\" ><div class=\"panel-grid-core\"><div id=\"pgc-5497-2-0\"  class=\"panel-grid-cell    \" ><div class=\"panel-widget-style\" ><a target=\"_blank\" href=\"https:\/\/www.tresmer.ch\/wp-content\/uploads\/2024\/11\/Cashmaster_OneRange_2024_FR.pdf\" id=\"thinkupshortcodesthinkup_builder_buttontheme\" class=\"button style1 themebutton large standard\">Fiche technique Cashmaster One<\/a><\/div><div class=\"panel-widget-style\" ><a target=\"_blank\" href=\"https:\/\/www.tresmer.ch\/wp-content\/uploads\/2020\/06\/Cashmaster-Max-One-Pager-German.pdf\" id=\"thinkupshortcodesthinkup_builder_buttontheme1\" class=\"button style1 themebutton large standard\">Fiche technique Cashmaster Max (DE)<\/a><\/div><div class=\"panel-widget-style\" ><a target=\"_blank\" href=\"https:\/\/www.tresmer.ch\/wp-content\/uploads\/2020\/06\/Cashmaster-One-Quick-Reference-Comparison-Table-German.pdf\" id=\"thinkupshortcodesthinkup_builder_buttontheme2\" class=\"button style1 themebutton large standard\">Aper\u00e7u des mod\u00e8les (DE)<\/a><\/div><div class=\"panel-widget-style\" ><a target=\"_blank\" href=\"https:\/\/www.tresmer.ch\/wp-content\/uploads\/2020\/06\/Cashmaster-CBW-v-FNC-Table-German.pdf\" id=\"thinkupshortcodesthinkup_builder_buttontheme3\" class=\"button style1 themebutton large standard\">Tableau comparatif (DE)<\/a><\/div><\/div><div id=\"pgc-5497-2-1\"  class=\"panel-grid-cell    \" ><div class=\"panel-widget-style\" ><p><img decoding=\"async\" src=\"https:\/\/www.tresmer.ch\/wp-content\/uploads\/2020\/06\/Cashmaster-max.png\" alt=\"\" \/ ><\/p><\/div><\/div><\/div><\/div><div id=\"pg-5497-3\"  class=\"panel-grid\" ><div class=\"panel-grid-core\"><div id=\"pgc-5497-3-0\"  class=\"panel-grid-cell \" ><div class=\"panel-widget-style\" >\r\n\t<div class=\"tabs style2\">\r\n\r\n\t\t<div id=\"thinkupshortcodesthinkup_builder_tabs\" class=\"tab-buttons tab-buttons-left\">\r\n\t\t<ul class=\"nav nav-tabs\">\r\n\t\t\r\n\t\t\t\t\r\n\t\t\r\n\t\t<li class=\"active\"><a href=\"#thinkupshortcodesthinkup_builder_tabs-0\" data-toggle=\"tab\">Caract\u00e9ristiques<\/a><\/li>\r\n\r\n\t\t\r\n\t\t\t\t\r\n\t\t\r\n\t\t<li><a href=\"#thinkupshortcodesthinkup_builder_tabs-1\" data-toggle=\"tab\">Donn\u00e9es techniques<\/a><\/li>\r\n\r\n\t\t\r\n\t\t\t\t\r\n\t\t\r\n\t\t<li><a href=\"#thinkupshortcodesthinkup_builder_tabs-2\" data-toggle=\"tab\">Accessoires<\/a><\/li>\r\n\r\n\t\t\r\n\t\t\t\t\r\n\t\t\r\n\t\t<li><a href=\"#thinkupshortcodesthinkup_builder_tabs-3\" data-toggle=\"tab\">Possibilit\u00e9s d'utilisation<\/a><\/li>\r\n\r\n\t\t\r\n\t\t\t\t\r\n\t\t<\/ul><div class=\"clearboth\"><\/div>\r\n\t\t<\/div>\r\n\t\r\n\t\t\t\r\n\t\t<div class=\"tab-content\">\r\n\t\t\r\n\t\t\t\t\t\r\n\t\t\r\n\t\t<div class=\"tab-pane fade  active in\" id=\"thinkupshortcodesthinkup_builder_tabs-0\">Version PRO:<br>\n\u2022\tComptage d'argent facilit\u00e9 avec l'\u00e9cran tactile<br>\n\u2022\tJusqu'\u00e0 2 devises<br>\n\u2022\tMode de comptage individuel<br>\n\u2022\tparam\u00e9trage de la monnaie modifiable<br>\n\u2022\tPrises USB et RS-232<br>\n\nVersion PLUS :<br>\n\u2022\tComptage des pi\u00e8ces et des billets en vrac, des rouleaux de pi\u00e8ces, des liasses de billets, des coupons<br>\n\u2022\t Avec \u00e9cran tactile et affichage num\u00e9rique  <br>\n\u2022\tCompte jusqu'\u00e0 4 devises<br>\n\u2022\tFacilite le comptage simple, le comptage de la caisse enregistreuse ou le pr\u00e9l\u00e8vement d'argent<br>\n\u2022\tPossibilit\u00e9 de saisir un num\u00e9ro de caisse.<br>\n\u2022\t Ajout possible des valeurs de ch\u00e8ques, de jetons ou d'autres re\u00e7us<br>\n\u2022\t Possibilit\u00e9 de connexion au logiciel Cashmaster Connect<br>\n<br>\n<\/div>\r\n\r\n\t\t\r\n\t\t\t\t\t\r\n\t\t\r\n\t\t<div class=\"tab-pane fade\" id=\"thinkupshortcodesthinkup_builder_tabs-1\">Dimensions : L x P x H : 160 x 215 x 165 mm <br>\nPoids : 1.6 kg<\/div>\r\n\r\n\t\t\r\n\t\t\t\t\t\r\n\t\t\r\n\t\t<div class=\"tab-pane fade\" id=\"thinkupshortcodesthinkup_builder_tabs-2\">\u2022\tDisponible pour toutes les versions; imprimante de re\u00e7us int\u00e9gr\u00e9e en option<\/div>\r\n\r\n\t\t\r\n\t\t\t\t\t\r\n\t\t\r\n\t\t<div class=\"tab-pane fade\" id=\"thinkupshortcodesthinkup_builder_tabs-3\">\u2022\tUtilisation possibles pour les petites et moyennes quantit\u00e9s <br>\n\u2022\tRelev\u00e9s de caisse<br>\n\u2022\tGrande distribution, stations-service, cha\u00eenes de snacks, ...<br><\/div>\r\n\r\n\t\t\r\n\t\t\r\n\t\t\r\n\t\t<\/div>\r\n\r\n\t<\/div><\/div><\/div><\/div><\/div><div id=\"pg-5497-4\"  class=\"panel-grid\" ><div class=\"panel-grid-core\"><div id=\"pgc-5497-4-0\"  class=\"panel-grid-cell  \" ><div class=\"panel-widget-style\" ><h1>Cashmaster Connect<\/h1><hr \/><p>Un logiciel qui permet de rendre les relev\u00e9s de caisse visibles et de les int\u00e9grer dans des syst\u00e8mes de rapports.<\/p><\/div><div class=\"panel-widget-style\" ><p><img decoding=\"async\" src=\"https:\/\/www.tresmer.ch\/wp-content\/uploads\/2020\/08\/Cashmaster-Connect.png\" alt=\"\" \/ ><\/p><\/div><\/div><\/div><\/div><div id=\"pg-5497-5\"  class=\"panel-grid\" ><div class=\"panel-grid-core\"><div id=\"pgc-5497-5-0\"  class=\"panel-grid-cell   \" ><div class=\"panel-widget-style\" ><h1>Imprimante\u00a0Cashmaster One<\/h1><hr \/><p>L'imprimante de re\u00e7us pour votre balance\u00a0Cashmaster One.<\/p><ul><li>int\u00e9gr\u00e9e, embo\u00eetable, peu encombrante<\/li><li>sans adaptateur suppl\u00e9mentaire<\/li><\/ul><\/div><div class=\"panel-widget-style\" ><p><img decoding=\"async\" src=\"https:\/\/www.tresmer.ch\/wp-content\/uploads\/2018\/07\/cashmaster_printer-one.jpg\" alt=\"\" \/ ><\/p><\/div><div class=\"panel-widget-style\" ><a target=\"_blank\" href=\"https:\/\/www.tresmer.ch\/wp-content\/uploads\/2024\/11\/Cashmaster-Printer-One_2024_FR.pdf\" id=\"thinkupshortcodesthinkup_builder_buttontheme4\" class=\"button style1 themebutton large standard\">Fiche technique <\/a><\/div><\/div><\/div><\/div>","protected":false},"excerpt":{"rendered":"<p>Cashmaster OneBalance pour compter l&rsquo;argent\u00a0La balance Cashmaster One est l&rsquo;appareil parfait pour un comptage simple et pr\u00e9cis des esp\u00e8ces.Car elle:\u2022 r\u00e9duit les erreurs de comptage et les pertes\u2022 fonctionne silencieusement, tout en \u00e9tant tr\u00e8s compact\u2022 compte 6 fois plus vite qu&rsquo;\u00e0 la main\u2022 sp\u00e9cialement adapt\u00e9e \u00e0 votre entreprise\u2022 portable gr\u00e2ce \u00e0 sa batterie\u2022 peu de&hellip;<\/p>\n<p class=\"more-link\"><a href=\"https:\/\/www.tresmer.ch\/fr\/balance-cashmaster-one\/\" class=\"themebutton\">Read More<\/a><\/p>\n","protected":false},"author":4,"featured_media":0,"parent":0,"menu_order":0,"comment_status":"closed","ping_status":"closed","template":"","meta":{"_sitemap_exclude":false,"_sitemap_priority":"","_sitemap_frequency":"","footnotes":""},"categories":[],"tags":[],"class_list":["post-5497","page","type-page","status-publish","hentry"],"jetpack_sharing_enabled":true,"_links":{"self":[{"href":"https:\/\/www.tresmer.ch\/fr\/wp-json\/wp\/v2\/pages\/5497","targetHints":{"allow":["GET"]}}],"collection":[{"href":"https:\/\/www.tresmer.ch\/fr\/wp-json\/wp\/v2\/pages"}],"about":[{"href":"https:\/\/www.tresmer.ch\/fr\/wp-json\/wp\/v2\/types\/page"}],"author":[{"embeddable":true,"href":"https:\/\/www.tresmer.ch\/fr\/wp-json\/wp\/v2\/users\/4"}],"replies":[{"embeddable":true,"href":"https:\/\/www.tresmer.ch\/fr\/wp-json\/wp\/v2\/comments?post=5497"}],"version-history":[{"count":65,"href":"https:\/\/www.tresmer.ch\/fr\/wp-json\/wp\/v2\/pages\/5497\/revisions"}],"predecessor-version":[{"id":10520,"href":"https:\/\/www.tresmer.ch\/fr\/wp-json\/wp\/v2\/pages\/5497\/revisions\/10520"}],"wp:attachment":[{"href":"https:\/\/www.tresmer.ch\/fr\/wp-json\/wp\/v2\/media?parent=5497"}],"wp:term":[{"taxonomy":"category","embeddable":true,"href":"https:\/\/www.tresmer.ch\/fr\/wp-json\/wp\/v2\/categories?post=5497"},{"taxonomy":"post_tag","embeddable":true,"href":"https:\/\/www.tresmer.ch\/fr\/wp-json\/wp\/v2\/tags?post=5497"}],"curies":[{"name":"wp","href":"https:\/\/api.w.org\/{rel}","templated":true}]}}