{"id":5440,"date":"2020-08-20T09:44:44","date_gmt":"2020-08-20T07:44:44","guid":{"rendered":"http:\/\/www.tresmer.ch\/?page_id=5440"},"modified":"2024-11-19T13:50:24","modified_gmt":"2024-11-19T12:50:24","slug":"systeme-de-tri-a-grande-echelle-c31","status":"publish","type":"page","link":"https:\/\/www.tresmer.ch\/fr\/systeme-de-tri-a-grande-echelle-c31\/","title":{"rendered":"Syst\u00e8me de tri \u00e0 grande \u00e9chelle C31"},"content":{"rendered":"<div id=\"pg-5440-0\"  class=\"panel-grid\" ><div class=\"panel-grid-core\"><div id=\"pgc-5440-0-0\"  class=\"panel-grid-cell    \" ><div class=\"panel-widget-style\" ><h1>Conteneur \u00e0 pi\u00e8ces C31<\/h1><hr \/><p><strong>Le traitement des pi\u00e8ces devient efficace et \u00e9conomique, lorsque :<\/strong><\/p><p>- si possible, l'ensemble du processus est automatis\u00e9<\/p><p>- les machines et les syst\u00e8mes de transport sont coordonn\u00e9s entre eux<\/p><p>- le stockage interm\u00e9diaire est organis\u00e9 sur une surface tr\u00e8s r\u00e9duite<\/p><p>- aucun mouvement n'interf\u00e8re avec les autres \u00e9l\u00e9ments<\/p><p>- les employ\u00e9s peuvent travailler confortablement et sans \u00eatre soumis \u00e0 des contraintes de charge.<\/p><p>Nous serions heureux de vous pr\u00e9senter un projet complet, ou m\u00eame des \u00e9l\u00e9ments sp\u00e9cifiques. Nous vous pr\u00e9sentons un plan en 2D\/3D adapt\u00e9 \u00e0 vos besoins. En plus de NGZ et SOUTH, nous avons \u00e9galement les comp\u00e9tences pour concevoir et construire des syst\u00e8mes pour convoyeurs.\u00a0<br \/>Nos tapis roulants pour d\u00e9placer les pi\u00e8ces et rouleaux sont identique \u00e0 celles utilis\u00e9es dans les cha\u00eenes de production de pharma.<\/p><\/div><div class=\"panel-widget-style\" ><p><img decoding=\"async\" src=\"https:\/\/www.tresmer.ch\/wp-content\/uploads\/2018\/07\/C31-Anlage.png\" alt=\"\" \/ ><\/p><\/div><div class=\"panel-widget-style\" ><h1>\u00c9l\u00e9vateurs pour les conteneur \u00e0 pi\u00e8ces C31<\/h1><hr \/><p><strong style=\"font-size: 16px;\">Diff\u00e9rents sc\u00e9narios permettent de connecter les C31 aux \u00e9l\u00e9vateurs<\/strong><\/p><div class=\"xperto_fliesstext\"><ul><li>Station de chargement pour le syst\u00e8me de conteneurs de pi\u00e8ces C31 au pied de l'\u00e9l\u00e9vateur<\/li><li>Remplissage d'encartoucheuse<\/li><li>Transfert vers des bandes de transports<\/li><li>Remplissage de trieuses<\/li><\/ul><\/div><div class=\"xperto_fliesstext\"><p>\u00a0<\/p><\/div><\/div><div class=\"panel-widget-style\" ><a href=\"https:\/\/www.tresmer.ch\/wp-content\/uploads\/2024\/11\/C31-Coin-System_2024_FR.pdf\" id=\"thinkupshortcodesthinkup_builder_buttontheme\" class=\"button style1 themebutton small standard\">Fiche technique<\/a><\/div><\/div><\/div><\/div>","protected":false},"excerpt":{"rendered":"<p>Conteneur \u00e0 pi\u00e8ces C31Le traitement des pi\u00e8ces devient efficace et \u00e9conomique, lorsque :- si possible, l&rsquo;ensemble du processus est automatis\u00e9- les machines et les syst\u00e8mes de transport sont coordonn\u00e9s entre eux- le stockage interm\u00e9diaire est organis\u00e9 sur une surface tr\u00e8s r\u00e9duite- aucun mouvement n&rsquo;interf\u00e8re avec les autres \u00e9l\u00e9ments- les employ\u00e9s peuvent travailler confortablement et sans&hellip;<\/p>\n<p class=\"more-link\"><a href=\"https:\/\/www.tresmer.ch\/fr\/systeme-de-tri-a-grande-echelle-c31\/\" class=\"themebutton\">Read More<\/a><\/p>\n","protected":false},"author":4,"featured_media":0,"parent":0,"menu_order":0,"comment_status":"closed","ping_status":"closed","template":"","meta":{"_sitemap_exclude":false,"_sitemap_priority":"","_sitemap_frequency":"","footnotes":""},"categories":[],"tags":[],"class_list":["post-5440","page","type-page","status-publish","hentry"],"jetpack_sharing_enabled":true,"_links":{"self":[{"href":"https:\/\/www.tresmer.ch\/fr\/wp-json\/wp\/v2\/pages\/5440","targetHints":{"allow":["GET"]}}],"collection":[{"href":"https:\/\/www.tresmer.ch\/fr\/wp-json\/wp\/v2\/pages"}],"about":[{"href":"https:\/\/www.tresmer.ch\/fr\/wp-json\/wp\/v2\/types\/page"}],"author":[{"embeddable":true,"href":"https:\/\/www.tresmer.ch\/fr\/wp-json\/wp\/v2\/users\/4"}],"replies":[{"embeddable":true,"href":"https:\/\/www.tresmer.ch\/fr\/wp-json\/wp\/v2\/comments?post=5440"}],"version-history":[{"count":27,"href":"https:\/\/www.tresmer.ch\/fr\/wp-json\/wp\/v2\/pages\/5440\/revisions"}],"predecessor-version":[{"id":10626,"href":"https:\/\/www.tresmer.ch\/fr\/wp-json\/wp\/v2\/pages\/5440\/revisions\/10626"}],"wp:attachment":[{"href":"https:\/\/www.tresmer.ch\/fr\/wp-json\/wp\/v2\/media?parent=5440"}],"wp:term":[{"taxonomy":"category","embeddable":true,"href":"https:\/\/www.tresmer.ch\/fr\/wp-json\/wp\/v2\/categories?post=5440"},{"taxonomy":"post_tag","embeddable":true,"href":"https:\/\/www.tresmer.ch\/fr\/wp-json\/wp\/v2\/tags?post=5440"}],"curies":[{"name":"wp","href":"https:\/\/api.w.org\/{rel}","templated":true}]}}