{"id":5377,"date":"2020-08-18T09:19:11","date_gmt":"2020-08-18T07:19:11","guid":{"rendered":"http:\/\/www.tresmer.ch\/?page_id=5377"},"modified":"2024-11-19T13:42:15","modified_gmt":"2024-11-19T12:42:15","slug":"trieuse-de-pieces-mc-10","status":"publish","type":"page","link":"https:\/\/www.tresmer.ch\/fr\/trieuse-de-pieces-mc-10\/","title":{"rendered":"Trieuse de pi\u00e8ces MC-10"},"content":{"rendered":"<div id=\"pg-5377-0\"  class=\"panel-grid\" ><div class=\"panel-grid-core\"><div id=\"pgc-5377-0-0\"  class=\"panel-grid-cell    \" ><div class=\"panel-widget-style\" ><h1>Trieuse de pi\u00e8ces<br \/>Multicash MC-10 active <br \/>Pour 2 devises\u00a0<\/h1><hr \/><p>La s\u00e9rie MC offre une excellente identification des pi\u00e8ces avec une qualit\u00e9 et une robustesse maximale et est tr\u00e8s facile \u00e0 utiliser. Les diff\u00e9rents mod\u00e8les et plateaux de pi\u00e8ces offrent des possibilit\u00e9s d'application tr\u00e8s souples pour une (MC 10) ou, en option, pour plusieurs devises (MC 10 actif, MC 20 actif).<\/p><\/div><div class=\"panel-widget-style\" ><p><img decoding=\"async\" src=\"https:\/\/www.tresmer.ch\/wp-content\/uploads\/2018\/06\/Mc-10.jpg\" alt=\"\" \/ ><\/p><\/div><div class=\"panel-widget-style\" >\r\n\t<div class=\"tabs style2\">\r\n\r\n\t\t<div id=\"thinkupshortcodesthinkup_builder_tabs\" class=\"tab-buttons tab-buttons-left\">\r\n\t\t<ul class=\"nav nav-tabs\">\r\n\t\t\r\n\t\t\t\t\r\n\t\t\r\n\t\t<li class=\"active\"><a href=\"#thinkupshortcodesthinkup_builder_tabs-0\" data-toggle=\"tab\">Caract\u00e9ristiques<\/a><\/li>\r\n\r\n\t\t\r\n\t\t\t\t\r\n\t\t\r\n\t\t<li><a href=\"#thinkupshortcodesthinkup_builder_tabs-1\" data-toggle=\"tab\">Donn\u00e9es techniques<\/a><\/li>\r\n\r\n\t\t\r\n\t\t\t\t\r\n\t\t\r\n\t\t<li><a href=\"#thinkupshortcodesthinkup_builder_tabs-2\" data-toggle=\"tab\">Accessoires<\/a><\/li>\r\n\r\n\t\t\r\n\t\t\t\t\r\n\t\t\r\n\t\t<li><a href=\"#thinkupshortcodesthinkup_builder_tabs-3\" data-toggle=\"tab\">Possibilit\u00e9s d'utilisation<\/a><\/li>\r\n\r\n\t\t\r\n\t\t\t\t\r\n\t\t<\/ul><div class=\"clearboth\"><\/div>\r\n\t\t<\/div>\r\n\t\r\n\t\t\t\r\n\t\t<div class=\"tab-content\">\r\n\t\t\r\n\t\t\t\t\t\r\n\t\t\r\n\t\t<div class=\"tab-pane fade  active in\" id=\"thinkupshortcodesthinkup_builder_tabs-0\">\u2022\tTrie et compte les pi\u00e8ces en francs suisses et en euro par valeur et par pi\u00e8ce <br>\n\u2022\tTrie activement la premi\u00e8re devise par valeur et conduit la deuxi\u00e8me devise dans un plateau de sortie s\u00e9par\u00e9 non tri\u00e9e<br>\n\u2022\tRejette l'argent \u00e9tranger dans le compartiment de rejet <br>\n\u2022\tArr\u00eat param\u00e9trable en fonction de la quantit\u00e9 <br>\n\u2022\tAffichage d\u00e9taill\u00e9 des valeurs individuelles<br>\n\u2022\tConcept intuitif<br>\n\n\n<\/div>\r\n\r\n\t\t\r\n\t\t\t\t\t\r\n\t\t\r\n\t\t<div class=\"tab-pane fade\" id=\"thinkupshortcodesthinkup_builder_tabs-1\"> \u2022 Dimensions : L x P x H : 780 x 370 x 480 mm<br>\n \u2022 Vitesse de traitement : jusqu'\u00e0 600 pi\u00e8ces\/minute\n<br>\n \u2022 Capacit\u00e9 des 9 tiroirs : 250 pcs. de 5 Fr. ou 900 pcs. de 50 ct\n\n<\/div>\r\n\r\n\t\t\r\n\t\t\t\t\t\r\n\t\t\r\n\t\t<div class=\"tab-pane fade\" id=\"thinkupshortcodesthinkup_builder_tabs-2\">\u2022\tDouble tiroirs de contr\u00f4le (MC-20) en option <br>\n\u2022\tImprimante de re\u00e7us en option <br>\n<\/div>\r\n\r\n\t\t\r\n\t\t\t\t\t\r\n\t\t\r\n\t\t<div class=\"tab-pane fade\" id=\"thinkupshortcodesthinkup_builder_tabs-3\">\u2022\tLarge \u00e9ventail d'applications pour les moyennes quantit\u00e9s de monnaie<\/div>\r\n\r\n\t\t\r\n\t\t\r\n\t\t\r\n\t\t<\/div>\r\n\r\n\t<\/div><\/div><div class=\"panel-widget-style\" ><a target=\"_blank\" href=\"https:\/\/www.tresmer.ch\/wp-content\/uploads\/2024\/11\/MC-10_2024_FR.pdf\" id=\"thinkupshortcodesthinkup_builder_buttontheme\" class=\"button style1 themebutton large standard\">Fiche technique<\/a><\/div><\/div><\/div><\/div>","protected":false},"excerpt":{"rendered":"<p>Trieuse de pi\u00e8cesMulticash MC-10 active Pour 2 devises\u00a0La s\u00e9rie MC offre une excellente identification des pi\u00e8ces avec une qualit\u00e9 et une robustesse maximale et est tr\u00e8s facile \u00e0 utiliser. Les diff\u00e9rents mod\u00e8les et plateaux de pi\u00e8ces offrent des possibilit\u00e9s d&rsquo;application tr\u00e8s souples pour une (MC 10) ou, en option, pour plusieurs devises (MC 10 actif,&hellip;<\/p>\n<p class=\"more-link\"><a href=\"https:\/\/www.tresmer.ch\/fr\/trieuse-de-pieces-mc-10\/\" class=\"themebutton\">Read More<\/a><\/p>\n","protected":false},"author":4,"featured_media":0,"parent":0,"menu_order":0,"comment_status":"closed","ping_status":"closed","template":"","meta":{"_sitemap_exclude":false,"_sitemap_priority":"","_sitemap_frequency":"","footnotes":""},"categories":[],"tags":[],"class_list":["post-5377","page","type-page","status-publish","hentry"],"jetpack_sharing_enabled":true,"_links":{"self":[{"href":"https:\/\/www.tresmer.ch\/fr\/wp-json\/wp\/v2\/pages\/5377","targetHints":{"allow":["GET"]}}],"collection":[{"href":"https:\/\/www.tresmer.ch\/fr\/wp-json\/wp\/v2\/pages"}],"about":[{"href":"https:\/\/www.tresmer.ch\/fr\/wp-json\/wp\/v2\/types\/page"}],"author":[{"embeddable":true,"href":"https:\/\/www.tresmer.ch\/fr\/wp-json\/wp\/v2\/users\/4"}],"replies":[{"embeddable":true,"href":"https:\/\/www.tresmer.ch\/fr\/wp-json\/wp\/v2\/comments?post=5377"}],"version-history":[{"count":9,"href":"https:\/\/www.tresmer.ch\/fr\/wp-json\/wp\/v2\/pages\/5377\/revisions"}],"predecessor-version":[{"id":10602,"href":"https:\/\/www.tresmer.ch\/fr\/wp-json\/wp\/v2\/pages\/5377\/revisions\/10602"}],"wp:attachment":[{"href":"https:\/\/www.tresmer.ch\/fr\/wp-json\/wp\/v2\/media?parent=5377"}],"wp:term":[{"taxonomy":"category","embeddable":true,"href":"https:\/\/www.tresmer.ch\/fr\/wp-json\/wp\/v2\/categories?post=5377"},{"taxonomy":"post_tag","embeddable":true,"href":"https:\/\/www.tresmer.ch\/fr\/wp-json\/wp\/v2\/tags?post=5377"}],"curies":[{"name":"wp","href":"https:\/\/api.w.org\/{rel}","templated":true}]}}