{"id":5317,"date":"2020-08-17T12:08:06","date_gmt":"2020-08-17T10:08:06","guid":{"rendered":"http:\/\/www.tresmer.ch\/?page_id=5317"},"modified":"2020-08-25T09:21:23","modified_gmt":"2020-08-25T07:21:23","slug":"controle-de-billets-dp-976","status":"publish","type":"page","link":"https:\/\/www.tresmer.ch\/fr\/controle-de-billets-dp-976\/","title":{"rendered":"Contr\u00f4le de billets DP-976"},"content":{"rendered":"<div id=\"pg-5317-0\"  class=\"panel-grid\" ><div class=\"panel-grid-core\"><div id=\"pgc-5317-0-0\"  class=\"panel-grid-cell    \" ><div class=\"panel-widget-style\" ><h1>Contr\u00f4le de billets <br \/>DP-976<\/h1><hr \/><p><strong>V\u00e9rifiez l'authenticit\u00e9 de vos billets de banque de mani\u00e8re simple.<\/strong><\/p><p>La solution Tresmer-Money-Check fonctionne de mani\u00e8re fiable. Elle v\u00e9rifie 7 devises par plusieurs \u00e9l\u00e9ments de s\u00e9curit\u00e9 gr\u00e2ce \u00e0 la technologie la plus r\u00e9cente. Le logiciel de reconnaissance est continuellement mis \u00e0 jour et adapt\u00e9 aux derniers syst\u00e8mes de d\u00e9tections de fausse monnaie.<\/p><\/div><div class=\"panel-widget-style\" ><p><img decoding=\"async\" src=\"https:\/\/www.tresmer.ch\/wp-content\/uploads\/2018\/07\/DP-976.jpg\" alt=\"\" \/ ><\/p><\/div><div class=\"panel-widget-style\" >\r\n\t<div class=\"tabs style2\">\r\n\r\n\t\t<div id=\"thinkupshortcodesthinkup_builder_tabs\" class=\"tab-buttons tab-buttons-left\">\r\n\t\t<ul class=\"nav nav-tabs\">\r\n\t\t\r\n\t\t\t\t\r\n\t\t\r\n\t\t<li class=\"active\"><a href=\"#thinkupshortcodesthinkup_builder_tabs-0\" data-toggle=\"tab\">Caract\u00e9ristiques<\/a><\/li>\r\n\r\n\t\t\r\n\t\t\t\t\r\n\t\t\r\n\t\t<li><a href=\"#thinkupshortcodesthinkup_builder_tabs-1\" data-toggle=\"tab\">Donn\u00e9es techniques<\/a><\/li>\r\n\r\n\t\t\r\n\t\t\t\t\r\n\t\t\r\n\t\t<li><a href=\"#thinkupshortcodesthinkup_builder_tabs-2\" data-toggle=\"tab\">Possibilit\u00e9s d'utilisation<\/a><\/li>\r\n\r\n\t\t\r\n\t\t\t\t\r\n\t\t<\/ul><div class=\"clearboth\"><\/div>\r\n\t\t<\/div>\r\n\t\r\n\t\t\t\r\n\t\t<div class=\"tab-content\">\r\n\t\t\r\n\t\t\t\t\t\r\n\t\t\r\n\t\t<div class=\"tab-pane fade  active in\" id=\"thinkupshortcodesthinkup_builder_tabs-0\">\u2022\tV\u00e9rifie l'authenticit\u00e9 de 7 devises <br>\n\u2022\tContr\u00f4le par UV, MG et IR<br>\n\u2022\tComptage du nombre de billets et additionne le total <br>\n\u2022\t Reconnaissance automatique des devises<br>\n\u2022\tFonctionnement sur batterie et sur secteur<\/div>\r\n\r\n\t\t\r\n\t\t\t\t\t\r\n\t\t\r\n\t\t<div class=\"tab-pane fade\" id=\"thinkupshortcodesthinkup_builder_tabs-1\"> \u2022 Dimensions : L x P x H : 13 x 10 x 21 cm<br>\n \u2022 Poids : 0.7 kg\n\n<\/div>\r\n\r\n\t\t\r\n\t\t\t\t\t\r\n\t\t\r\n\t\t<div class=\"tab-pane fade\" id=\"thinkupshortcodesthinkup_builder_tabs-2\"> \u2022 Utilis\u00e9e aux caisses, aux guichets des op\u00e9rateurs, aux bureaux de change, aux guichets des clients, etc.<\/div>\r\n\r\n\t\t\r\n\t\t\r\n\t\t\r\n\t\t<\/div>\r\n\r\n\t<\/div><\/div><div class=\"panel-widget-style\" ><a target=\"_blank\" href=\"https:\/\/www.tresmer.ch\/wp-content\/uploads\/2020\/08\/Money-Check-DP-976-Testeur-de-billet-franc.pdf\" id=\"thinkupshortcodesthinkup_builder_buttontheme\" class=\"button style1 themebutton large standard\">Fiche technique <\/a><\/div><\/div><\/div><\/div>","protected":false},"excerpt":{"rendered":"<p>Contr\u00f4le de billets DP-976V\u00e9rifiez l&rsquo;authenticit\u00e9 de vos billets de banque de mani\u00e8re simple.La solution Tresmer-Money-Check fonctionne de mani\u00e8re fiable. Elle v\u00e9rifie 7 devises par plusieurs \u00e9l\u00e9ments de s\u00e9curit\u00e9 gr\u00e2ce \u00e0 la technologie la plus r\u00e9cente. Le logiciel de reconnaissance est continuellement mis \u00e0 jour et adapt\u00e9 aux derniers syst\u00e8mes de d\u00e9tections de fausse monnaie. Caract\u00e9ristiques&hellip;<\/p>\n<p class=\"more-link\"><a href=\"https:\/\/www.tresmer.ch\/fr\/controle-de-billets-dp-976\/\" class=\"themebutton\">Read More<\/a><\/p>\n","protected":false},"author":4,"featured_media":0,"parent":0,"menu_order":0,"comment_status":"closed","ping_status":"closed","template":"","meta":{"_sitemap_exclude":false,"_sitemap_priority":"","_sitemap_frequency":"","footnotes":""},"categories":[],"tags":[],"class_list":["post-5317","page","type-page","status-publish","hentry"],"jetpack_sharing_enabled":true,"_links":{"self":[{"href":"https:\/\/www.tresmer.ch\/fr\/wp-json\/wp\/v2\/pages\/5317","targetHints":{"allow":["GET"]}}],"collection":[{"href":"https:\/\/www.tresmer.ch\/fr\/wp-json\/wp\/v2\/pages"}],"about":[{"href":"https:\/\/www.tresmer.ch\/fr\/wp-json\/wp\/v2\/types\/page"}],"author":[{"embeddable":true,"href":"https:\/\/www.tresmer.ch\/fr\/wp-json\/wp\/v2\/users\/4"}],"replies":[{"embeddable":true,"href":"https:\/\/www.tresmer.ch\/fr\/wp-json\/wp\/v2\/comments?post=5317"}],"version-history":[{"count":5,"href":"https:\/\/www.tresmer.ch\/fr\/wp-json\/wp\/v2\/pages\/5317\/revisions"}],"predecessor-version":[{"id":6067,"href":"https:\/\/www.tresmer.ch\/fr\/wp-json\/wp\/v2\/pages\/5317\/revisions\/6067"}],"wp:attachment":[{"href":"https:\/\/www.tresmer.ch\/fr\/wp-json\/wp\/v2\/media?parent=5317"}],"wp:term":[{"taxonomy":"category","embeddable":true,"href":"https:\/\/www.tresmer.ch\/fr\/wp-json\/wp\/v2\/categories?post=5317"},{"taxonomy":"post_tag","embeddable":true,"href":"https:\/\/www.tresmer.ch\/fr\/wp-json\/wp\/v2\/tags?post=5317"}],"curies":[{"name":"wp","href":"https:\/\/api.w.org\/{rel}","templated":true}]}}