{"id":5309,"date":"2020-08-17T11:48:55","date_gmt":"2020-08-17T09:48:55","guid":{"rendered":"http:\/\/www.tresmer.ch\/?page_id=5309"},"modified":"2024-11-19T13:36:53","modified_gmt":"2024-11-19T12:36:53","slug":"controle-de-billets-mt-4","status":"publish","type":"page","link":"https:\/\/www.tresmer.ch\/fr\/controle-de-billets-mt-4\/","title":{"rendered":"Contr\u00f4le de billets MT-4"},"content":{"rendered":"<div id=\"pg-5309-0\"  class=\"panel-grid\" ><div class=\"panel-grid-core\"><div id=\"pgc-5309-0-0\"  class=\"panel-grid-cell    \" ><div class=\"panel-widget-style\" ><h1>Contr\u00f4le de billets <br \/>MT-4<\/h1><p>BellCon MT4 est une lampe UV qui permet de v\u00e9rifier les propri\u00e9t\u00e9s optiques du papier et les caract\u00e9ristiques de s\u00e9curit\u00e9 fluorescentes UV cach\u00e9es des billets de banque et autres documents de s\u00e9curit\u00e9. Les filigranes et les caract\u00e9ristiques de s\u00e9curit\u00e9 magn\u00e9tiques peuvent \u00e9galement \u00eatre contr\u00f4l\u00e9s. MT4 comprend \u00e9galement une loupe.<\/p><p>\u00a0<\/p><\/div><div class=\"panel-widget-style\" ><p><img decoding=\"async\" src=\"https:\/\/www.tresmer.ch\/wp-content\/uploads\/2024\/06\/MT4-Skrat-forfra-med-seddel-copy-300x253.webp\" alt=\"\" \/ ><\/p><\/div><div class=\"panel-widget-style\" >\r\n\t<div class=\"tabs style2\">\r\n\r\n\t\t<div id=\"thinkupshortcodesthinkup_builder_tabs\" class=\"tab-buttons tab-buttons-left\">\r\n\t\t<ul class=\"nav nav-tabs\">\r\n\t\t\r\n\t\t\t\t\r\n\t\t\r\n\t\t<li class=\"active\"><a href=\"#thinkupshortcodesthinkup_builder_tabs-0\" data-toggle=\"tab\">Caract\u00e9ristiques<\/a><\/li>\r\n\r\n\t\t\r\n\t\t\t\t\r\n\t\t\r\n\t\t<li><a href=\"#thinkupshortcodesthinkup_builder_tabs-1\" data-toggle=\"tab\">Donn\u00e9es techniques<\/a><\/li>\r\n\r\n\t\t\r\n\t\t\t\t\r\n\t\t<\/ul><div class=\"clearboth\"><\/div>\r\n\t\t<\/div>\r\n\t\r\n\t\t\t\r\n\t\t<div class=\"tab-content\">\r\n\t\t\r\n\t\t\t\t\t\r\n\t\t\r\n\t\t<div class=\"tab-pane fade  active in\" id=\"thinkupshortcodesthinkup_builder_tabs-0\">\u2022\tLumi\u00e8re UV <br>\n\u2022\tLumi\u00e8re traversante blanche <br>\n\u2022\tPermet la v\u00e9rification des \u00e9l\u00e9ments de s\u00e9curit\u00e9 UV et des filigranes<\/div>\r\n\r\n\t\t\r\n\t\t\t\t\t\r\n\t\t\r\n\t\t<div class=\"tab-pane fade\" id=\"thinkupshortcodesthinkup_builder_tabs-1\"> \u2022 Dimensions (P x H x L) \/ Poids: 10.5 x 10.5 x 20.3 cm \/ 0.49 kg (avec batterie)\n<\/div>\r\n\r\n\t\t\r\n\t\t\r\n\t\t\r\n\t\t<\/div>\r\n\r\n\t<\/div><\/div><div class=\"panel-widget-style\" ><a target=\"_blank\" href=\"https:\/\/www.tresmer.ch\/wp-content\/uploads\/2024\/11\/Bellcon-MT4_2024_FR.pdf\" id=\"thinkupshortcodesthinkup_builder_buttontheme\" class=\"button style1 themebutton large standard\">Fiche technique<\/a><\/div><\/div><\/div><\/div>","protected":false},"excerpt":{"rendered":"<p>Contr\u00f4le de billets MT-4BellCon MT4 est une lampe UV qui permet de v\u00e9rifier les propri\u00e9t\u00e9s optiques du papier et les caract\u00e9ristiques de s\u00e9curit\u00e9 fluorescentes UV cach\u00e9es des billets de banque et autres documents de s\u00e9curit\u00e9. Les filigranes et les caract\u00e9ristiques de s\u00e9curit\u00e9 magn\u00e9tiques peuvent \u00e9galement \u00eatre contr\u00f4l\u00e9s. MT4 comprend \u00e9galement une loupe.\u00a0 Caract\u00e9ristiques Donn\u00e9es techniques&hellip;<\/p>\n<p class=\"more-link\"><a href=\"https:\/\/www.tresmer.ch\/fr\/controle-de-billets-mt-4\/\" class=\"themebutton\">Read More<\/a><\/p>\n","protected":false},"author":4,"featured_media":0,"parent":0,"menu_order":0,"comment_status":"closed","ping_status":"closed","template":"","meta":{"_sitemap_exclude":false,"_sitemap_priority":"","_sitemap_frequency":"","footnotes":""},"categories":[],"tags":[],"class_list":["post-5309","page","type-page","status-publish","hentry"],"jetpack_sharing_enabled":true,"_links":{"self":[{"href":"https:\/\/www.tresmer.ch\/fr\/wp-json\/wp\/v2\/pages\/5309","targetHints":{"allow":["GET"]}}],"collection":[{"href":"https:\/\/www.tresmer.ch\/fr\/wp-json\/wp\/v2\/pages"}],"about":[{"href":"https:\/\/www.tresmer.ch\/fr\/wp-json\/wp\/v2\/types\/page"}],"author":[{"embeddable":true,"href":"https:\/\/www.tresmer.ch\/fr\/wp-json\/wp\/v2\/users\/4"}],"replies":[{"embeddable":true,"href":"https:\/\/www.tresmer.ch\/fr\/wp-json\/wp\/v2\/comments?post=5309"}],"version-history":[{"count":10,"href":"https:\/\/www.tresmer.ch\/fr\/wp-json\/wp\/v2\/pages\/5309\/revisions"}],"predecessor-version":[{"id":10582,"href":"https:\/\/www.tresmer.ch\/fr\/wp-json\/wp\/v2\/pages\/5309\/revisions\/10582"}],"wp:attachment":[{"href":"https:\/\/www.tresmer.ch\/fr\/wp-json\/wp\/v2\/media?parent=5309"}],"wp:term":[{"taxonomy":"category","embeddable":true,"href":"https:\/\/www.tresmer.ch\/fr\/wp-json\/wp\/v2\/categories?post=5309"},{"taxonomy":"post_tag","embeddable":true,"href":"https:\/\/www.tresmer.ch\/fr\/wp-json\/wp\/v2\/tags?post=5309"}],"curies":[{"name":"wp","href":"https:\/\/api.w.org\/{rel}","templated":true}]}}