{"id":5273,"date":"2020-08-17T10:18:08","date_gmt":"2020-08-17T08:18:08","guid":{"rendered":"http:\/\/www.tresmer.ch\/?page_id=5273"},"modified":"2024-04-09T13:40:54","modified_gmt":"2024-04-09T11:40:54","slug":"bandes-a-liasse","status":"publish","type":"page","link":"https:\/\/www.tresmer.ch\/fr\/bandes-a-liasse\/","title":{"rendered":"Bandes \u00e0 liasse"},"content":{"rendered":"<div id=\"pg-5273-0\"  class=\"panel-grid\" ><div class=\"panel-grid-core\"><div id=\"pgc-5273-0-0\"  class=\"panel-grid-cell   \" ><div class=\"panel-widget-style\" ><h1>Bandes \u00e0 liasse<\/h1><hr \/><div class=\"panel-widget-style\"><p>Vous pouvez trouver notre gamme de bandes \u00e0 liasse dans le formulaire de commande ci-dessous :<\/p><p>Nous prenons volontiers vos commandes par t\u00e9l\u00e9phone ou par courrier \u00e0 <a href=\"mailto:info@tresmer.ch\"><span style=\"color: #0000ff;\">info@tresmer.ch<\/span><\/a><\/p><\/div><\/div><div class=\"panel-widget-style\" ><p><img decoding=\"async\" src=\"https:\/\/www.tresmer.ch\/wp-content\/uploads\/2018\/06\/IMG_0215-300x225.jpg\" alt=\"\" \/ ><\/p><\/div><div class=\"panel-widget-style\" ><a href=\"https:\/\/www.tresmer.ch\/pdf\/Bestelltalon%20M%C3%BCnzh%C3%BClsen%202024%20A4_DE_FR.pdf\" id=\"thinkupshortcodesthinkup_builder_buttontheme\" class=\"button style1 themebutton large standard\">Fiche de commande 2024<i class=\"fa fa-file-pdf-o\"><\/i><\/a><\/div><\/div><\/div><\/div>","protected":false},"excerpt":{"rendered":"<p>Bandes \u00e0 liasseVous pouvez trouver notre gamme de bandes \u00e0 liasse dans le formulaire de commande ci-dessous :Nous prenons volontiers vos commandes par t\u00e9l\u00e9phone ou par courrier \u00e0 info@tresmer.chFiche de commande 2024<\/p>\n","protected":false},"author":4,"featured_media":0,"parent":0,"menu_order":0,"comment_status":"closed","ping_status":"closed","template":"","meta":{"_sitemap_exclude":false,"_sitemap_priority":"","_sitemap_frequency":"","footnotes":""},"categories":[],"tags":[],"class_list":["post-5273","page","type-page","status-publish","hentry"],"jetpack_sharing_enabled":true,"_links":{"self":[{"href":"https:\/\/www.tresmer.ch\/fr\/wp-json\/wp\/v2\/pages\/5273","targetHints":{"allow":["GET"]}}],"collection":[{"href":"https:\/\/www.tresmer.ch\/fr\/wp-json\/wp\/v2\/pages"}],"about":[{"href":"https:\/\/www.tresmer.ch\/fr\/wp-json\/wp\/v2\/types\/page"}],"author":[{"embeddable":true,"href":"https:\/\/www.tresmer.ch\/fr\/wp-json\/wp\/v2\/users\/4"}],"replies":[{"embeddable":true,"href":"https:\/\/www.tresmer.ch\/fr\/wp-json\/wp\/v2\/comments?post=5273"}],"version-history":[{"count":10,"href":"https:\/\/www.tresmer.ch\/fr\/wp-json\/wp\/v2\/pages\/5273\/revisions"}],"predecessor-version":[{"id":8146,"href":"https:\/\/www.tresmer.ch\/fr\/wp-json\/wp\/v2\/pages\/5273\/revisions\/8146"}],"wp:attachment":[{"href":"https:\/\/www.tresmer.ch\/fr\/wp-json\/wp\/v2\/media?parent=5273"}],"wp:term":[{"taxonomy":"category","embeddable":true,"href":"https:\/\/www.tresmer.ch\/fr\/wp-json\/wp\/v2\/categories?post=5273"},{"taxonomy":"post_tag","embeddable":true,"href":"https:\/\/www.tresmer.ch\/fr\/wp-json\/wp\/v2\/tags?post=5273"}],"curies":[{"name":"wp","href":"https:\/\/api.w.org\/{rel}","templated":true}]}}