{"id":5240,"date":"2020-08-07T17:27:16","date_gmt":"2020-08-07T15:27:16","guid":{"rendered":"http:\/\/www.tresmer.ch\/?page_id=5240"},"modified":"2025-03-05T07:55:00","modified_gmt":"2025-03-05T06:55:00","slug":"compteuses-par-aspiration-vc-525-v2","status":"publish","type":"page","link":"https:\/\/www.tresmer.ch\/fr\/compteuses-par-aspiration-vc-525-v2\/","title":{"rendered":"Compteuses par aspiration VC-525 (V2)"},"content":{"rendered":"<div id=\"pg-5240-0\"  class=\"panel-grid\" ><div class=\"panel-grid-core\"><div id=\"pgc-5240-0-0\"  class=\"panel-grid-cell   \" ><div class=\"panel-widget-style\" ><h1>Compteuses par aspiration<br \/>VC 525 (V2)<\/h1><hr \/><p>Machine de comptage robuste par aspiration pour le comptage de liasses de billets ou de documents.<\/p><p>Facilite le comptage des liasses, car il n'est pas n\u00e9cessaire de retirer la bande ou les agrafes.<\/p><\/div><div class=\"panel-widget-style\" ><p><img decoding=\"async\" src=\"https:\/\/www.tresmer.ch\/wp-content\/uploads\/2018\/07\/TBM-D1-2.png\" alt=\"\" \/ ><\/p><\/div><div class=\"panel-widget-style\" >\r\n\t<div class=\"tabs style2\">\r\n\r\n\t\t<div id=\"thinkupshortcodesthinkup_builder_tabs\" class=\"tab-buttons tab-buttons-left\">\r\n\t\t<ul class=\"nav nav-tabs\">\r\n\t\t\r\n\t\t\t\t\r\n\t\t\r\n\t\t<li class=\"active\"><a href=\"#thinkupshortcodesthinkup_builder_tabs-0\" data-toggle=\"tab\">Caract\u00e9ristiques<\/a><\/li>\r\n\r\n\t\t\r\n\t\t\t\t\r\n\t\t\r\n\t\t<li><a href=\"#thinkupshortcodesthinkup_builder_tabs-1\" data-toggle=\"tab\">Donn\u00e9es techniques<\/a><\/li>\r\n\r\n\t\t\r\n\t\t\t\t\r\n\t\t\r\n\t\t<li><a href=\"#thinkupshortcodesthinkup_builder_tabs-2\" data-toggle=\"tab\">Possibilit\u00e9s d'utilisation<\/a><\/li>\r\n\r\n\t\t\r\n\t\t\t\t\r\n\t\t<\/ul><div class=\"clearboth\"><\/div>\r\n\t\t<\/div>\r\n\t\r\n\t\t\t\r\n\t\t<div class=\"tab-content\">\r\n\t\t\r\n\t\t\t\t\t\r\n\t\t\r\n\t\t<div class=\"tab-pane fade  active in\" id=\"thinkupshortcodesthinkup_builder_tabs-0\">\u2022\tCompteuses de billets par aspiration<br>\n\u2022\tDocuments jusqu'\u00e0 90gr\/m2<br>\n\u2022\tMod\u00e8le de table<br>\n\u2022\tAffichage rotatif<br>\n\u2022\t5 vitesses<br>\n\u2022\tFonction de v\u00e9rification des liasses<\/div>\r\n\r\n\t\t\r\n\t\t\t\t\t\r\n\t\t\r\n\t\t<div class=\"tab-pane fade\" id=\"thinkupshortcodesthinkup_builder_tabs-1\"> \u2022 Dimensions : L x P x H : 335 x 322 x 295 mm<br>\n \u2022 Plateau d'insertion : 200 billets<br>\n \u2022 Documents jusqu'\u00e0 90gr\/m2<br>\n \u2022 Poids : 26 kg\n\n<\/div>\r\n\r\n\t\t\r\n\t\t\t\t\t\r\n\t\t\r\n\t\t<div class=\"tab-pane fade\" id=\"thinkupshortcodesthinkup_builder_tabs-2\">\u2022\tBanques et centres de cash, soci\u00e9t\u00e9s de transport public, soci\u00e9t\u00e9s de transport de fonds, autorit\u00e9s locales, bureaux de poste, magasins de gros sp\u00e9cialis\u00e9s<\/div>\r\n\r\n\t\t\r\n\t\t\r\n\t\t\r\n\t\t<\/div>\r\n\r\n\t<\/div><\/div><\/div><\/div><\/div><div id=\"pg-5240-1\"  class=\"panel-grid\" ><div class=\"panel-grid-core\"><div id=\"pgc-5240-1-0\"  class=\"panel-grid-cell  \" ><div class=\"panel-widget-style\" ><a target=\"_blank\" href=\"https:\/\/www.tresmer.ch\/wp-content\/uploads\/2024\/11\/VC-525-V2-Standmodell_2024_FR-1.pdf\" id=\"thinkupshortcodesthinkup_builder_buttontheme\" class=\"button style1 themebutton large standard\">Fiche technique  <\/a><\/div><div class=\"panel-widget-style\" ><a target=\"_blank\" href=\"https:\/\/www.tresmer.ch\/wp-content\/uploads\/2024\/11\/VC-525-V2_2024_FR.pdf\" id=\"thinkupshortcodesthinkup_builder_buttontheme1\" class=\"button style1 themebutton large standard\">Fiche technique mod\u00e8le de table<\/a><\/div><\/div><\/div><\/div>","protected":false},"excerpt":{"rendered":"<p>Compteuses par aspirationVC 525 (V2)Machine de comptage robuste par aspiration pour le comptage de liasses de billets ou de documents.Facilite le comptage des liasses, car il n&rsquo;est pas n\u00e9cessaire de retirer la bande ou les agrafes. Caract\u00e9ristiques Donn\u00e9es techniques Possibilit\u00e9s d&rsquo;utilisation \u2022 Compteuses de billets par aspiration \u2022 Documents jusqu&rsquo;\u00e0 90gr\/m2 \u2022 Mod\u00e8le de table&hellip;<\/p>\n<p class=\"more-link\"><a href=\"https:\/\/www.tresmer.ch\/fr\/compteuses-par-aspiration-vc-525-v2\/\" class=\"themebutton\">Read More<\/a><\/p>\n","protected":false},"author":4,"featured_media":0,"parent":0,"menu_order":0,"comment_status":"closed","ping_status":"closed","template":"","meta":{"_sitemap_exclude":false,"_sitemap_priority":"","_sitemap_frequency":"","footnotes":""},"categories":[],"tags":[],"class_list":["post-5240","page","type-page","status-publish","hentry"],"jetpack_sharing_enabled":true,"_links":{"self":[{"href":"https:\/\/www.tresmer.ch\/fr\/wp-json\/wp\/v2\/pages\/5240","targetHints":{"allow":["GET"]}}],"collection":[{"href":"https:\/\/www.tresmer.ch\/fr\/wp-json\/wp\/v2\/pages"}],"about":[{"href":"https:\/\/www.tresmer.ch\/fr\/wp-json\/wp\/v2\/types\/page"}],"author":[{"embeddable":true,"href":"https:\/\/www.tresmer.ch\/fr\/wp-json\/wp\/v2\/users\/4"}],"replies":[{"embeddable":true,"href":"https:\/\/www.tresmer.ch\/fr\/wp-json\/wp\/v2\/comments?post=5240"}],"version-history":[{"count":14,"href":"https:\/\/www.tresmer.ch\/fr\/wp-json\/wp\/v2\/pages\/5240\/revisions"}],"predecessor-version":[{"id":11150,"href":"https:\/\/www.tresmer.ch\/fr\/wp-json\/wp\/v2\/pages\/5240\/revisions\/11150"}],"wp:attachment":[{"href":"https:\/\/www.tresmer.ch\/fr\/wp-json\/wp\/v2\/media?parent=5240"}],"wp:term":[{"taxonomy":"category","embeddable":true,"href":"https:\/\/www.tresmer.ch\/fr\/wp-json\/wp\/v2\/categories?post=5240"},{"taxonomy":"post_tag","embeddable":true,"href":"https:\/\/www.tresmer.ch\/fr\/wp-json\/wp\/v2\/tags?post=5240"}],"curies":[{"name":"wp","href":"https:\/\/api.w.org\/{rel}","templated":true}]}}