{"id":5198,"date":"2020-08-07T15:09:31","date_gmt":"2020-08-07T13:09:31","guid":{"rendered":"http:\/\/www.tresmer.ch\/?page_id=5198"},"modified":"2020-08-07T15:09:31","modified_gmt":"2020-08-07T13:09:31","slug":"v-serie-cps-cash-processing-solution","status":"publish","type":"page","link":"https:\/\/www.tresmer.ch\/fr\/v-serie-cps-cash-processing-solution\/","title":{"rendered":"V-S\u00e9rie CPS \u00ab\u00a0Cash Processing Solution\u00a0\u00bb"},"content":{"rendered":"<div id=\"pg-5198-0\"  class=\"panel-grid\" ><div class=\"panel-grid-core\"><div id=\"pgc-5198-0-0\"  class=\"panel-grid-cell    \" ><div class=\"panel-widget-style\" ><h1>V-S\u00e9rie CPS \"Cash Processing Solution\"<\/h1><hr \/><p>La V-S\u00e9ries offre une alternative aux trieuses \u00e0 grande vitesse, sans compromis sur les performances. C'est la trieuse compacte la plus rapide du march\u00e9.<\/p><\/div><div class=\"panel-widget-style\" ><p><img decoding=\"async\" src=\"https:\/\/www.tresmer.ch\/wp-content\/uploads\/2019\/10\/V-Serie-1-e1571322636407.jpg\" alt=\"\" \/ ><\/p><\/div><div class=\"panel-widget-style\" ><ul><li>Pour une gestion de tr\u00e9sorerie efficace et intelligente<\/li><li>Am\u00e9liore les processus et les performances de votre entreprise<\/li><li>Polyvalente, configurable et \u00e9volutive<\/li><li>Traitement: jusqu'\u00e0 72 000 billets\/heure<\/li><li>Facilit\u00e9 d'installation, de configuration et d'utilisation<\/li><li>Con\u00e7u pour des performances de pointe<\/li><\/ul><\/div><div class=\"panel-widget-style\" ><a target=\"_blank\" href=\"https:\/\/www.tresmer.ch\/wp-content\/uploads\/2019\/10\/V-Series-April-2019-German-Tresmer-3.pdf\" id=\"thinkupshortcodesthinkup_builder_buttontheme\" class=\"button style1 themebutton large standard\">Fiche technique (DE)<\/a><\/div><\/div><\/div><\/div>","protected":false},"excerpt":{"rendered":"<p>V-S\u00e9rie CPS \u00ab\u00a0Cash Processing Solution\u00a0\u00bbLa V-S\u00e9ries offre une alternative aux trieuses \u00e0 grande vitesse, sans compromis sur les performances. C&rsquo;est la trieuse compacte la plus rapide du march\u00e9.Pour une gestion de tr\u00e9sorerie efficace et intelligenteAm\u00e9liore les processus et les performances de votre entreprisePolyvalente, configurable et \u00e9volutiveTraitement: jusqu&rsquo;\u00e0 72 000 billets\/heureFacilit\u00e9 d&rsquo;installation, de configuration et d&rsquo;utilisationCon\u00e7u&hellip;<\/p>\n<p class=\"more-link\"><a href=\"https:\/\/www.tresmer.ch\/fr\/v-serie-cps-cash-processing-solution\/\" class=\"themebutton\">Read More<\/a><\/p>\n","protected":false},"author":4,"featured_media":0,"parent":0,"menu_order":0,"comment_status":"closed","ping_status":"closed","template":"","meta":{"_sitemap_exclude":false,"_sitemap_priority":"","_sitemap_frequency":"","footnotes":""},"categories":[],"tags":[],"class_list":["post-5198","page","type-page","status-publish","hentry"],"jetpack_sharing_enabled":true,"_links":{"self":[{"href":"https:\/\/www.tresmer.ch\/fr\/wp-json\/wp\/v2\/pages\/5198","targetHints":{"allow":["GET"]}}],"collection":[{"href":"https:\/\/www.tresmer.ch\/fr\/wp-json\/wp\/v2\/pages"}],"about":[{"href":"https:\/\/www.tresmer.ch\/fr\/wp-json\/wp\/v2\/types\/page"}],"author":[{"embeddable":true,"href":"https:\/\/www.tresmer.ch\/fr\/wp-json\/wp\/v2\/users\/4"}],"replies":[{"embeddable":true,"href":"https:\/\/www.tresmer.ch\/fr\/wp-json\/wp\/v2\/comments?post=5198"}],"version-history":[{"count":5,"href":"https:\/\/www.tresmer.ch\/fr\/wp-json\/wp\/v2\/pages\/5198\/revisions"}],"predecessor-version":[{"id":5203,"href":"https:\/\/www.tresmer.ch\/fr\/wp-json\/wp\/v2\/pages\/5198\/revisions\/5203"}],"wp:attachment":[{"href":"https:\/\/www.tresmer.ch\/fr\/wp-json\/wp\/v2\/media?parent=5198"}],"wp:term":[{"taxonomy":"category","embeddable":true,"href":"https:\/\/www.tresmer.ch\/fr\/wp-json\/wp\/v2\/categories?post=5198"},{"taxonomy":"post_tag","embeddable":true,"href":"https:\/\/www.tresmer.ch\/fr\/wp-json\/wp\/v2\/tags?post=5198"}],"curies":[{"name":"wp","href":"https:\/\/api.w.org\/{rel}","templated":true}]}}