{"id":5152,"date":"2020-08-07T09:24:28","date_gmt":"2020-08-07T07:24:28","guid":{"rendered":"http:\/\/www.tresmer.ch\/?page_id=5152"},"modified":"2024-11-19T13:19:52","modified_gmt":"2024-11-19T12:19:52","slug":"trieuses-de-billets-mib-11","status":"publish","type":"page","link":"https:\/\/www.tresmer.ch\/fr\/trieuses-de-billets-mib-11\/","title":{"rendered":"Trieuse de billets MIB-11"},"content":{"rendered":"<div id=\"pg-5152-0\"  class=\"panel-grid\" ><div class=\"panel-grid-core\"><div id=\"pgc-5152-0-0\"  class=\"panel-grid-cell    \" ><div class=\"panel-widget-style\" ><h1>MIB-11<\/h1><h1>Trieuse de billets avec compartiment de rejet<\/h1><hr \/><\/div><div class=\"panel-widget-style\" ><p><img decoding=\"async\" src=\"https:\/\/www.tresmer.ch\/wp-content\/uploads\/2019\/10\/2.png\" alt=\"\" \/ ><\/p><\/div><div class=\"panel-widget-style\" ><p>\u2022 D\u00e9tection et comptage de devises m\u00e9lang\u00e9es<br \/>\u2022 Authentification UV, IR, MG<br \/>\u2022 Reconnaissance d'images recto-verso pour le tri par valeur et position\/orientation<br \/>\u2022 Capteurs de derni\u00e8res technologies<br \/>\u2022 Traitement programmable<\/p><\/div><div class=\"panel-widget-style\" ><a target=\"_blank\" href=\"https:\/\/www.tresmer.ch\/wp-content\/uploads\/2024\/11\/MIB-11_2024_FR.pdf\" id=\"thinkupshortcodesthinkup_builder_buttontheme\" class=\"button style1 themebutton large standard\">Fiche technique<\/a><\/div><\/div><\/div><\/div>","protected":false},"excerpt":{"rendered":"<p>MIB-11Trieuse de billets avec compartiment de rejet\u2022 D\u00e9tection et comptage de devises m\u00e9lang\u00e9es\u2022 Authentification UV, IR, MG\u2022 Reconnaissance d&rsquo;images recto-verso pour le tri par valeur et position\/orientation\u2022 Capteurs de derni\u00e8res technologies\u2022 Traitement programmableFiche technique<\/p>\n","protected":false},"author":4,"featured_media":0,"parent":0,"menu_order":0,"comment_status":"closed","ping_status":"closed","template":"","meta":{"_sitemap_exclude":false,"_sitemap_priority":"","_sitemap_frequency":"","footnotes":""},"categories":[],"tags":[],"class_list":["post-5152","page","type-page","status-publish","hentry"],"jetpack_sharing_enabled":true,"_links":{"self":[{"href":"https:\/\/www.tresmer.ch\/fr\/wp-json\/wp\/v2\/pages\/5152","targetHints":{"allow":["GET"]}}],"collection":[{"href":"https:\/\/www.tresmer.ch\/fr\/wp-json\/wp\/v2\/pages"}],"about":[{"href":"https:\/\/www.tresmer.ch\/fr\/wp-json\/wp\/v2\/types\/page"}],"author":[{"embeddable":true,"href":"https:\/\/www.tresmer.ch\/fr\/wp-json\/wp\/v2\/users\/4"}],"replies":[{"embeddable":true,"href":"https:\/\/www.tresmer.ch\/fr\/wp-json\/wp\/v2\/comments?post=5152"}],"version-history":[{"count":9,"href":"https:\/\/www.tresmer.ch\/fr\/wp-json\/wp\/v2\/pages\/5152\/revisions"}],"predecessor-version":[{"id":10551,"href":"https:\/\/www.tresmer.ch\/fr\/wp-json\/wp\/v2\/pages\/5152\/revisions\/10551"}],"wp:attachment":[{"href":"https:\/\/www.tresmer.ch\/fr\/wp-json\/wp\/v2\/media?parent=5152"}],"wp:term":[{"taxonomy":"category","embeddable":true,"href":"https:\/\/www.tresmer.ch\/fr\/wp-json\/wp\/v2\/categories?post=5152"},{"taxonomy":"post_tag","embeddable":true,"href":"https:\/\/www.tresmer.ch\/fr\/wp-json\/wp\/v2\/tags?post=5152"}],"curies":[{"name":"wp","href":"https:\/\/api.w.org\/{rel}","templated":true}]}}