{"id":5074,"date":"2020-07-31T17:35:33","date_gmt":"2020-07-31T15:35:33","guid":{"rendered":"http:\/\/www.tresmer.ch\/?page_id=5074"},"modified":"2024-11-19T11:42:17","modified_gmt":"2024-11-19T10:42:17","slug":"compteuse-de-billets-ih-110","status":"publish","type":"page","link":"https:\/\/www.tresmer.ch\/fr\/compteuse-de-billets-ih-110\/","title":{"rendered":"Trieuse de billets iH-110"},"content":{"rendered":"<div id=\"pg-5074-0\"  class=\"panel-grid\" ><div class=\"panel-grid-core\"><div id=\"pgc-5074-0-0\"  class=\"panel-grid-cell  \" ><div class=\"panel-widget-style\" ><h1>iH-110<\/h1><h1><span style=\"font-size: 18pt;\">Trieuse de billets avec compartiment de rejet<\/span><\/h1><hr \/><p>La machine iH-110 est une trieuse de billets compacte avec scanner. Fiable, pr\u00e9cise et multifonctionnelle.<\/p><p>Les nombreuses options et le fonctionnement intuitif garantissent un niveau de confort \u00e9lev\u00e9. Les devises m\u00e9lang\u00e9es sont automatiquement reconnues et compt\u00e9es.<\/p><\/div><div class=\"panel-widget-style\" ><a href=\"https:\/\/www.tresmer.ch\/wp-content\/uploads\/2024\/11\/Bild1.webp\"><img decoding=\"async\" src=\"https:\/\/www.tresmer.ch\/wp-content\/uploads\/2024\/11\/Bild1.webp\" alt=\"\" \/ ><\/a><\/div><\/div><\/div><\/div><div id=\"pg-5074-1\"  class=\"panel-grid\" ><div class=\"panel-grid-core\"><div id=\"pgc-5074-1-0\"  class=\"panel-grid-cell  \" ><div class=\"panel-widget-style\" ><p><img decoding=\"async\" src=\"https:\/\/www.tresmer.ch\/wp-content\/uploads\/2018\/09\/1.png\" alt=\"\" \/ ><\/p><\/div><div class=\"panel-widget-style\" ><p><img decoding=\"async\" src=\"https:\/\/www.tresmer.ch\/wp-content\/uploads\/2018\/09\/4.png\" alt=\"\" \/ ><\/p><\/div><\/div><div id=\"pgc-5074-1-1\"  class=\"panel-grid-cell  \" ><div class=\"panel-widget-style\" ><p><img decoding=\"async\" src=\"https:\/\/www.tresmer.ch\/wp-content\/uploads\/2018\/09\/2.png\" alt=\"\" \/ ><\/p><\/div><div class=\"panel-widget-style\" ><p><img decoding=\"async\" src=\"https:\/\/www.tresmer.ch\/wp-content\/uploads\/2018\/09\/5.png\" alt=\"\" \/ ><\/p><\/div><\/div><div id=\"pgc-5074-1-2\"  class=\"panel-grid-cell  \" ><div class=\"panel-widget-style\" ><p><img decoding=\"async\" src=\"https:\/\/www.tresmer.ch\/wp-content\/uploads\/2018\/09\/3.png\" alt=\"\" \/ ><\/p><\/div><div class=\"panel-widget-style\" ><p><img decoding=\"async\" src=\"https:\/\/www.tresmer.ch\/wp-content\/uploads\/2018\/09\/6.png\" alt=\"\" \/ ><\/p><\/div><\/div><\/div><\/div><div id=\"pg-5074-2\"  class=\"panel-grid\" ><div class=\"panel-grid-core\"><div id=\"pgc-5074-2-0\"  class=\"panel-grid-cell  \" ><div class=\"panel-widget-style\" >\r\n\t<div class=\"tabs style2\">\r\n\r\n\t\t<div id=\"thinkupshortcodesthinkup_builder_tabs\" class=\"tab-buttons tab-buttons-left\">\r\n\t\t<ul class=\"nav nav-tabs\">\r\n\t\t\r\n\t\t\t\t\r\n\t\t\r\n\t\t<li class=\"active\"><a href=\"#thinkupshortcodesthinkup_builder_tabs-0\" data-toggle=\"tab\">Caract\u00e9ristiques<\/a><\/li>\r\n\r\n\t\t\r\n\t\t\t\t\r\n\t\t\r\n\t\t<li><a href=\"#thinkupshortcodesthinkup_builder_tabs-1\" data-toggle=\"tab\">Donn\u00e9es techniques<\/a><\/li>\r\n\r\n\t\t\r\n\t\t\t\t\r\n\t\t\r\n\t\t<li><a href=\"#thinkupshortcodesthinkup_builder_tabs-2\" data-toggle=\"tab\">Accessoires<\/a><\/li>\r\n\r\n\t\t\r\n\t\t\t\t\r\n\t\t\r\n\t\t<li><a href=\"#thinkupshortcodesthinkup_builder_tabs-3\" data-toggle=\"tab\">Possibilit\u00e9s d\u2019utilisation<\/a><\/li>\r\n\r\n\t\t\r\n\t\t\t\t\r\n\t\t<\/ul><div class=\"clearboth\"><\/div>\r\n\t\t<\/div>\r\n\t\r\n\t\t\t\r\n\t\t<div class=\"tab-content\">\r\n\t\t\r\n\t\t\t\t\t\r\n\t\t\r\n\t\t<div class=\"tab-pane fade  active in\" id=\"thinkupshortcodesthinkup_builder_tabs-0\">\u2022 Reconnaissance des devises m\u00e9lang\u00e9es<br>\n\u2022 Grand \u00e9cran tactile LCD de 4,3\"<br>\n\u2022 Capteur double face contr\u00f4lant 8 images par billet <br>\n\u2022 6 crit\u00e8res de tri<br>\n\u2022 Transmission IR et r\u00e9flexion IR <br>\n\u2022 Capteur magn\u00e9tique (16 pistes)<br>\n\u2022 Capteur d'\u00e9paisseur (12 pistes)<br>\n\u2022 UV r\u00e9flexion (4 pistes)<br>\n\u2022 Entretien facile <br>\n\u2022 Diff\u00e9rentes interfaces disponibles<br>\n\u2022 Fonctionnement confortable et simple<br><\/div>\r\n\r\n\t\t\r\n\t\t\t\t\t\r\n\t\t\r\n\t\t<div class=\"tab-pane fade\" id=\"thinkupshortcodesthinkup_builder_tabs-1\"> \u2022 Dimensions : L x P x H : 300 x 320 x 315 mm<br>\n \u2022 Vitesse de traitement : jusqu'\u00e0 1300 billet\/minute. <br>\n \u2022 Poids : environ  13 kg\n\n<\/div>\r\n\r\n\t\t\r\n\t\t\t\t\t\r\n\t\t\r\n\t\t<div class=\"tab-pane fade\" id=\"thinkupshortcodesthinkup_builder_tabs-2\">\u2022\tEcran externe (en option) <br>\n\u2022\tLecture de code-barres (en option) <br>\n\u2022\t Imprimante thermique externe (en option) <br>\n<\/div>\r\n\r\n\t\t\r\n\t\t\t\t\t\r\n\t\t\r\n\t\t<div class=\"tab-pane fade\" id=\"thinkupshortcodesthinkup_builder_tabs-3\">\u2022\tUtile pour traiter des volumes de billets moyens \u00e0 importants <br><\/div>\r\n\r\n\t\t\r\n\t\t\r\n\t\t\r\n\t\t<\/div>\r\n\r\n\t<\/div><\/div><div class=\"panel-widget-style\" ><a target=\"_blank\" href=\"https:\/\/www.tresmer.ch\/wp-content\/uploads\/2024\/11\/iH-110_2024_FR-1.pdf\" id=\"thinkupshortcodesthinkup_builder_buttontheme\" class=\"button style1 themebutton large standard\">Fiche technique<\/a><\/div><\/div><\/div><\/div>","protected":false},"excerpt":{"rendered":"<p>iH-110Trieuse de billets avec compartiment de rejetLa machine iH-110 est une trieuse de billets compacte avec scanner. Fiable, pr\u00e9cise et multifonctionnelle.Les nombreuses options et le fonctionnement intuitif garantissent un niveau de confort \u00e9lev\u00e9. Les devises m\u00e9lang\u00e9es sont automatiquement reconnues et compt\u00e9es. Caract\u00e9ristiques Donn\u00e9es techniques Accessoires Possibilit\u00e9s d\u2019utilisation \u2022 Reconnaissance des devises m\u00e9lang\u00e9es \u2022 Grand \u00e9cran&hellip;<\/p>\n<p class=\"more-link\"><a href=\"https:\/\/www.tresmer.ch\/fr\/compteuse-de-billets-ih-110\/\" class=\"themebutton\">Read More<\/a><\/p>\n","protected":false},"author":4,"featured_media":0,"parent":0,"menu_order":0,"comment_status":"closed","ping_status":"closed","template":"","meta":{"_sitemap_exclude":false,"_sitemap_priority":"","_sitemap_frequency":"","footnotes":""},"categories":[],"tags":[],"class_list":["post-5074","page","type-page","status-publish","hentry"],"jetpack_sharing_enabled":true,"_links":{"self":[{"href":"https:\/\/www.tresmer.ch\/fr\/wp-json\/wp\/v2\/pages\/5074","targetHints":{"allow":["GET"]}}],"collection":[{"href":"https:\/\/www.tresmer.ch\/fr\/wp-json\/wp\/v2\/pages"}],"about":[{"href":"https:\/\/www.tresmer.ch\/fr\/wp-json\/wp\/v2\/types\/page"}],"author":[{"embeddable":true,"href":"https:\/\/www.tresmer.ch\/fr\/wp-json\/wp\/v2\/users\/4"}],"replies":[{"embeddable":true,"href":"https:\/\/www.tresmer.ch\/fr\/wp-json\/wp\/v2\/comments?post=5074"}],"version-history":[{"count":25,"href":"https:\/\/www.tresmer.ch\/fr\/wp-json\/wp\/v2\/pages\/5074\/revisions"}],"predecessor-version":[{"id":10524,"href":"https:\/\/www.tresmer.ch\/fr\/wp-json\/wp\/v2\/pages\/5074\/revisions\/10524"}],"wp:attachment":[{"href":"https:\/\/www.tresmer.ch\/fr\/wp-json\/wp\/v2\/media?parent=5074"}],"wp:term":[{"taxonomy":"category","embeddable":true,"href":"https:\/\/www.tresmer.ch\/fr\/wp-json\/wp\/v2\/categories?post=5074"},{"taxonomy":"post_tag","embeddable":true,"href":"https:\/\/www.tresmer.ch\/fr\/wp-json\/wp\/v2\/tags?post=5074"}],"curies":[{"name":"wp","href":"https:\/\/api.w.org\/{rel}","templated":true}]}}