{"id":5020,"date":"2020-07-31T12:44:15","date_gmt":"2020-07-31T10:44:15","guid":{"rendered":"http:\/\/www.tresmer.ch\/?page_id=5020"},"modified":"2026-03-05T15:29:04","modified_gmt":"2026-03-05T14:29:04","slug":"fournitures-et-accessoires","status":"publish","type":"page","link":"https:\/\/www.tresmer.ch\/fr\/fournitures-et-accessoires\/","title":{"rendered":"Consommables et accessoires"},"content":{"rendered":"<div id=\"pg-5020-0\"  class=\"panel-grid\" ><div class=\"panel-grid-core\"><div id=\"pgc-5020-0-0\"  class=\"panel-grid-cell \" ><div class=\"panel-widget-style\" ><h1>Consommables<\/h1><hr \/><p>Nous acceptons volontiers vos commandes <a href=\"tel:+41449412112\">par t\u00e9l\u00e9phone<\/a> ou par e-mail: <strong><a href=\"mailto:info@tresmer.ch\"><span style=\"color: #0000ff;\">info@tresmer.ch<\/span><\/a><\/strong><\/p><p>Pour les consommables, vous pouvez \u00e9galement utiliser les formulaires de commande ci-dessous :<\/p><\/div><\/div><\/div><\/div><div id=\"pg-5020-1\"  class=\"panel-grid\" ><div class=\"panel-grid-core\"><div id=\"pgc-5020-1-0\"  class=\"panel-grid-cell    \" ><div class=\"panel-widget-style\" ><h1 style=\"font-size: 24px;font-style: normal;\"><span>Tubes pour pi\u00e8ces de monnaie<\/span><\/h1><\/div><div class=\"panel-widget-style\" ><p><img decoding=\"async\" src=\"https:\/\/www.tresmer.ch\/wp-content\/uploads\/2018\/05\/M\u00fcnzh\u00fclsen-285x285.jpg\" alt=\"\" \/ ><\/p><\/div><div class=\"panel-widget-style\" ><ul><li>Impression standard selon la BNS<\/li><li>Couvercles individuels dans des cartons pour faciliter le retrait<\/li><li>Impression personnalis\u00e9e de votre logo \u00e0 partir de 50'000 unit\u00e9s<\/li><li>Offres pour les grandes quantit\u00e9s<\/li><li>Disponible pour le CHF et l'Euro<\/li><li>Actuellement pas de livraison possible en stock<\/li><\/ul><\/div><div class=\"panel-widget-style\" ><a target=\"_blank\" href=\"https:\/\/www.tresmer.ch\/wp-content\/uploads\/2026\/03\/Bestelltalon-Muenzhuelsen-2026-A4_DE_FR_1.1-1.pdf\" id=\"thinkupshortcodesthinkup_builder_buttontheme\" class=\"button style1 themebutton large standard\">Fiche de commande 2026<i class=\"fa fa-file-pdf-o\"><\/i><\/a><\/div><\/div><div id=\"pgc-5020-1-1\"  class=\"panel-grid-cell    \" ><div class=\"panel-widget-style\" ><h1 style=\"font-size: 24px;font-style: normal;\"><span>Papiers pour rouleaux de pi\u00e8ces de monnaie<\/span><\/h1><\/div><div class=\"panel-widget-style\" ><p><img decoding=\"async\" src=\"https:\/\/www.tresmer.ch\/wp-content\/uploads\/2018\/06\/M\u00fcnzrolle-285x214.jpg\" alt=\"\" \/ ><\/p><\/div><div class=\"panel-widget-style\" ><div class=\"margin100\"><\/div><\/div><div class=\"panel-widget-style\" ><div class=\"margin100\"><\/div><\/div><div class=\"panel-widget-style\" ><div class=\"margin60\"><\/div><\/div><div class=\"panel-widget-style\" ><a target=\"_blank\" href=\"\/pdf\/M%C3%BCnzrollenpapier%20-%202024%20-%20CHF_FR.pdf\" id=\"thinkupshortcodesthinkup_builder_buttontheme1\" class=\"button style1 themebutton large standard\">Fiche de commande 2024<i class=\"fa fa-file-pdf-o\"><\/i><\/a><\/div><\/div><div id=\"pgc-5020-1-2\"  class=\"panel-grid-cell    \" ><div class=\"panel-widget-style\" ><h1 style=\"font-size: 24px;font-style: normal;\"><span>Sac d'empilage<\/span><\/h1><\/div><div class=\"panel-widget-style\" ><a href=\"https:\/\/www.tresmer.ch\/wp-content\/uploads\/2025\/01\/Stacking-Bag.webp\"><img decoding=\"async\" src=\"https:\/\/www.tresmer.ch\/wp-content\/uploads\/2025\/01\/Stacking-Bag-139x300.webp\" alt=\"\" \/ ><\/a><\/div><div class=\"panel-widget-style\" ><div class=\"margin100\"><\/div><\/div><div class=\"panel-widget-style\" ><div class=\"margin80\"><\/div><\/div><div class=\"panel-widget-style\" ><div class=\"margin50\"><\/div><\/div><div class=\"panel-widget-style\" ><a target=\"_blank\" href=\"https:\/\/www.tresmer.ch\/wp-content\/uploads\/2025\/06\/Liste-de-prix-Stacking-Bag_06.2025_FR.pdf\" id=\"thinkupshortcodesthinkup_builder_buttontheme2\" class=\"button style1 themebutton large standard\">Fiche de commande 2025<i class=\"fa fa-file-pdf-o\"><\/i><\/a><\/div><\/div><\/div><\/div><div id=\"pg-5020-2\"  class=\"panel-grid\" ><div class=\"panel-grid-core\"><div id=\"pgc-5020-2-0\"  class=\"panel-grid-cell \" ><div class=\"panel-widget-style\" ><div class=\"divider\"><\/div><\/div><\/div><\/div><\/div><div id=\"pg-5020-3\"  class=\"panel-grid\" ><div class=\"panel-grid-core\"><div id=\"pgc-5020-3-0\"  class=\"panel-grid-cell   \" ><div class=\"panel-widget-style\" ><h1 style=\"font-size: 24px;font-style: normal;\"><span>Bracelets \u00e0 liasse<\/span><\/h1><\/div><div class=\"panel-widget-style\" ><p><img decoding=\"async\" src=\"https:\/\/www.tresmer.ch\/wp-content\/uploads\/2018\/06\/IMG_0215-285x214.jpg\" alt=\"\" \/ ><\/p><\/div><div class=\"panel-widget-style\" ><a target=\"_blank\" href=\"https:\/\/www.tresmer.ch\/wp-content\/uploads\/2026\/03\/Bestelltalon-Muenzhuelsen-2026-A4_DE_FR_1.1-1.pdf\" id=\"thinkupshortcodesthinkup_builder_buttontheme3\" class=\"button style1 themebutton large standard\">Fiche de commande 2026<i class=\"fa fa-file-pdf-o\"><\/i><\/a><\/div><\/div><div id=\"pgc-5020-3-1\"  class=\"panel-grid-cell   \" ><div class=\"panel-widget-style\" ><h1 style=\"font-size: 24px;font-style: normal;\"><span>Imprimante thermique \u00e0 rouleau<\/span><\/h1><\/div><div class=\"panel-widget-style\" ><p><img decoding=\"async\" src=\"https:\/\/www.tresmer.ch\/wp-content\/uploads\/2018\/07\/cashmaster_printer-one-2-285x214.jpg\" alt=\"\" \/ ><\/p><\/div><div class=\"panel-widget-style\" ><a target=\"_blank\" href=\"https:\/\/www.tresmer.ch\/wp-content\/uploads\/2024\/12\/Bestellformular_Thermopapier-Rollen_v2-2024_FR.pdf\" id=\"thinkupshortcodesthinkup_builder_buttontheme4\" class=\"button style1 themebutton large standard\">Fiche de commande 2024<i class=\"fa fa-file-pdf-o\"><\/i><\/a><\/div><\/div><\/div><\/div><div id=\"pg-5020-4\"  class=\"panel-grid\" ><div class=\"panel-grid-core\"><div id=\"pgc-5020-4-0\"  class=\"panel-grid-cell \" ><div class=\"panel-widget-style\" ><div class=\"divider\"><\/div><\/div><\/div><\/div><\/div><div id=\"pg-5020-5\"  class=\"panel-grid\" ><div class=\"panel-grid-core\"><div id=\"pgc-5020-5-0\"  class=\"panel-grid-cell  \" ><div class=\"panel-widget-style\" ><h1 style=\"font-size: 24px;font-style: normal;\"><span>Sacoches \u00e0 billets<\/span><\/h1><\/div><div class=\"panel-widget-style\" ><p><img loading=\"lazy\" decoding=\"async\" class=\"details-image alignleft\" draggable=\"false\" src=\"https:\/\/www.tresmer.ch\/wp-content\/uploads\/2020\/05\/Noten-Tasche-e1588946202123-1024x737.jpg\" alt=\"\" width=\"233\" height=\"168\" \/><\/p><p>\u00a0<\/p><p>\u00a0<\/p><p>\u00a0<\/p><p>\u00a0<\/p><p>\u00a0<\/p><p><img loading=\"lazy\" decoding=\"async\" class=\" wp-image-4035 alignleft\" src=\"https:\/\/www.tresmer.ch\/wp-content\/uploads\/2020\/05\/Noten-Tasche2-300x225.jpg\" alt=\"\" width=\"220\" height=\"165\" srcset=\"https:\/\/www.tresmer.ch\/wp-content\/uploads\/2020\/05\/Noten-Tasche2-300x225.jpg 300w, https:\/\/www.tresmer.ch\/wp-content\/uploads\/2020\/05\/Noten-Tasche2-1024x768.jpg 1024w, https:\/\/www.tresmer.ch\/wp-content\/uploads\/2020\/05\/Noten-Tasche2-768x576.jpg 768w, https:\/\/www.tresmer.ch\/wp-content\/uploads\/2020\/05\/Noten-Tasche2-1536x1152.jpg 1536w, https:\/\/www.tresmer.ch\/wp-content\/uploads\/2020\/05\/Noten-Tasche2-380x285.jpg 380w, https:\/\/www.tresmer.ch\/wp-content\/uploads\/2020\/05\/Noten-Tasche2-285x214.jpg 285w, https:\/\/www.tresmer.ch\/wp-content\/uploads\/2020\/05\/Noten-Tasche2.jpg 2016w\" sizes=\"auto, (max-width: 220px) 100vw, 220px\" \/><\/p><\/div><\/div><div id=\"pgc-5020-5-1\"  class=\"panel-grid-cell  \" ><div class=\"panel-widget-style\" ><h1 style=\"font-size: 24px;font-style: normal;\"><span>Emballages pour pi\u00e8ces d'or<\/span><\/h1><\/div><div class=\"panel-widget-style\" ><p><img loading=\"lazy\" decoding=\"async\" class=\"alignleft wp-image-3055\" src=\"https:\/\/www.tresmer.ch\/wp-content\/uploads\/2019\/10\/tube.png\" alt=\"\" width=\"352\" height=\"88\" \/><\/p><p>\u00a0<\/p><p>\u00a0<\/p><p>\u00a0<\/p><p>En mat\u00e9riau rigide et \u00e9tanche<br \/>Pas d'oxydation<br \/>Choix de tailles<br \/>Grandes quantit\u00e9s sur demande<\/p><\/div><\/div><\/div><\/div><div id=\"pg-5020-6\"  class=\"panel-grid\" ><div class=\"panel-grid-core\"><div id=\"pgc-5020-6-0\"  class=\"panel-grid-cell \" ><div class=\"panel-widget-style\" ><div class=\"divider\"><\/div><\/div><\/div><\/div><\/div><div id=\"pg-5020-7\"  class=\"panel-grid\" ><div class=\"panel-grid-core\"><div id=\"pgc-5020-7-0\"  class=\"panel-grid-cell \" ><div class=\"panel-widget-style\" ><h1><img loading=\"lazy\" decoding=\"async\" class=\"alignnone  wp-image-7458\" src=\"https:\/\/www.tresmer.ch\/wp-content\/uploads\/2023\/06\/e-shop_icon-150x150.png\" alt=\"\" width=\"50\" height=\"50\" srcset=\"https:\/\/www.tresmer.ch\/wp-content\/uploads\/2023\/06\/e-shop_icon-150x150.png 150w, https:\/\/www.tresmer.ch\/wp-content\/uploads\/2023\/06\/e-shop_icon-80x80.png 80w, https:\/\/www.tresmer.ch\/wp-content\/uploads\/2023\/06\/e-shop_icon.png 225w\" sizes=\"auto, (max-width: 50px) 100vw, 50px\" \/> \u00a0<strong>E-Shop<\/strong><\/h1><p><em><strong>La nouvelle boutique en ligne TRESMER est en cours de cr\u00e9ation.<\/strong><\/em><\/p><\/div><\/div><\/div><\/div>","protected":false},"excerpt":{"rendered":"<p>ConsommablesNous acceptons volontiers vos commandes par t\u00e9l\u00e9phone ou par e-mail: info@tresmer.chPour les consommables, vous pouvez \u00e9galement utiliser les formulaires de commande ci-dessous :Tubes pour pi\u00e8ces de monnaieImpression standard selon la BNSCouvercles individuels dans des cartons pour faciliter le retraitImpression personnalis\u00e9e de votre logo \u00e0 partir de 50&rsquo;000 unit\u00e9sOffres pour les grandes quantit\u00e9sDisponible pour le CHF&hellip;<\/p>\n<p class=\"more-link\"><a href=\"https:\/\/www.tresmer.ch\/fr\/fournitures-et-accessoires\/\" class=\"themebutton\">Read More<\/a><\/p>\n","protected":false},"author":4,"featured_media":0,"parent":0,"menu_order":0,"comment_status":"closed","ping_status":"closed","template":"","meta":{"_sitemap_exclude":false,"_sitemap_priority":"","_sitemap_frequency":"","footnotes":""},"categories":[],"tags":[],"class_list":["post-5020","page","type-page","status-publish","hentry"],"jetpack_sharing_enabled":true,"_links":{"self":[{"href":"https:\/\/www.tresmer.ch\/fr\/wp-json\/wp\/v2\/pages\/5020","targetHints":{"allow":["GET"]}}],"collection":[{"href":"https:\/\/www.tresmer.ch\/fr\/wp-json\/wp\/v2\/pages"}],"about":[{"href":"https:\/\/www.tresmer.ch\/fr\/wp-json\/wp\/v2\/types\/page"}],"author":[{"embeddable":true,"href":"https:\/\/www.tresmer.ch\/fr\/wp-json\/wp\/v2\/users\/4"}],"replies":[{"embeddable":true,"href":"https:\/\/www.tresmer.ch\/fr\/wp-json\/wp\/v2\/comments?post=5020"}],"version-history":[{"count":48,"href":"https:\/\/www.tresmer.ch\/fr\/wp-json\/wp\/v2\/pages\/5020\/revisions"}],"predecessor-version":[{"id":11397,"href":"https:\/\/www.tresmer.ch\/fr\/wp-json\/wp\/v2\/pages\/5020\/revisions\/11397"}],"wp:attachment":[{"href":"https:\/\/www.tresmer.ch\/fr\/wp-json\/wp\/v2\/media?parent=5020"}],"wp:term":[{"taxonomy":"category","embeddable":true,"href":"https:\/\/www.tresmer.ch\/fr\/wp-json\/wp\/v2\/categories?post=5020"},{"taxonomy":"post_tag","embeddable":true,"href":"https:\/\/www.tresmer.ch\/fr\/wp-json\/wp\/v2\/tags?post=5020"}],"curies":[{"name":"wp","href":"https:\/\/api.w.org\/{rel}","templated":true}]}}