{"id":4807,"date":"2020-07-31T11:13:36","date_gmt":"2020-07-31T09:13:36","guid":{"rendered":"http:\/\/www.tresmer.ch\/?page_id=4807"},"modified":"2024-07-31T11:46:29","modified_gmt":"2024-07-31T09:46:29","slug":"produits-de-nettoyage","status":"publish","type":"page","link":"https:\/\/www.tresmer.ch\/fr\/produits-de-nettoyage\/","title":{"rendered":"Kit de nettoyage"},"content":{"rendered":"<div id=\"pg-4807-0\"  class=\"panel-grid\" ><div class=\"panel-grid-core\"><div id=\"pgc-4807-0-0\"  class=\"panel-grid-cell  \" ><div class=\"panel-widget-style\" ><h1 style=\"font-size: 32px;font-style: normal;\"><span>Kit de nettoyage<\/span><\/h1><\/div><div class=\"panel-widget-style\" ><p>Nous acceptons volontiers vos commandes par t\u00e9l\u00e9phone ou par e-mai \u00e0 <a href=\"mailto:info@tresmer.ch\"><span style=\"color: #0000ff;\">info@tresmer.ch<\/span><\/a><\/p><\/div><\/div><\/div><\/div><div id=\"pg-4807-1\"  class=\"panel-grid\" ><div class=\"panel-grid-core\"><div id=\"pgc-4807-1-0\"  class=\"panel-grid-cell   \" ><div class=\"panel-widget-style\" ><h1 style=\"font-size: 18px;font-style: normal;\"><span>Kit de nettoyage <\/span><\/h1><\/div><div class=\"panel-widget-style\" ><p><img decoding=\"async\" src=\"https:\/\/www.tresmer.ch\/wp-content\/uploads\/2018\/06\/ECS-285x214.jpg\" alt=\"\" \/ ><\/p><\/div><div class=\"panel-widget-style\" ><a target=\"_blank\" href=\"https:\/\/www.tresmer.ch\/wp-content\/uploads\/2024\/06\/Preisliste_Reinigungsprodukte-Juni-2024.pdf\" id=\"thinkupshortcodesthinkup_builder_buttontheme\" class=\"button style1 themebutton medium standard\">Liste de mat\u00e9riel et produits<i class=\"fa fa-file-pdf-o\"><\/i><\/a><\/div><\/div><div id=\"pgc-4807-1-1\"  class=\"panel-grid-cell   \" ><\/div><\/div><\/div>","protected":false},"excerpt":{"rendered":"<p>Kit de nettoyageNous acceptons volontiers vos commandes par t\u00e9l\u00e9phone ou par e-mai \u00e0 info@tresmer.chKit de nettoyage Liste de mat\u00e9riel et produits<\/p>\n","protected":false},"author":4,"featured_media":0,"parent":0,"menu_order":0,"comment_status":"closed","ping_status":"closed","template":"","meta":{"_sitemap_exclude":false,"_sitemap_priority":"","_sitemap_frequency":"","footnotes":""},"categories":[],"tags":[],"class_list":["post-4807","page","type-page","status-publish","hentry"],"jetpack_sharing_enabled":true,"_links":{"self":[{"href":"https:\/\/www.tresmer.ch\/fr\/wp-json\/wp\/v2\/pages\/4807","targetHints":{"allow":["GET"]}}],"collection":[{"href":"https:\/\/www.tresmer.ch\/fr\/wp-json\/wp\/v2\/pages"}],"about":[{"href":"https:\/\/www.tresmer.ch\/fr\/wp-json\/wp\/v2\/types\/page"}],"author":[{"embeddable":true,"href":"https:\/\/www.tresmer.ch\/fr\/wp-json\/wp\/v2\/users\/4"}],"replies":[{"embeddable":true,"href":"https:\/\/www.tresmer.ch\/fr\/wp-json\/wp\/v2\/comments?post=4807"}],"version-history":[{"count":17,"href":"https:\/\/www.tresmer.ch\/fr\/wp-json\/wp\/v2\/pages\/4807\/revisions"}],"predecessor-version":[{"id":9907,"href":"https:\/\/www.tresmer.ch\/fr\/wp-json\/wp\/v2\/pages\/4807\/revisions\/9907"}],"wp:attachment":[{"href":"https:\/\/www.tresmer.ch\/fr\/wp-json\/wp\/v2\/media?parent=4807"}],"wp:term":[{"taxonomy":"category","embeddable":true,"href":"https:\/\/www.tresmer.ch\/fr\/wp-json\/wp\/v2\/categories?post=4807"},{"taxonomy":"post_tag","embeddable":true,"href":"https:\/\/www.tresmer.ch\/fr\/wp-json\/wp\/v2\/tags?post=4807"}],"curies":[{"name":"wp","href":"https:\/\/api.w.org\/{rel}","templated":true}]}}