{"id":4744,"date":"2020-07-30T18:23:55","date_gmt":"2020-07-30T16:23:55","guid":{"rendered":"http:\/\/www.tresmer.ch\/?page_id=4744"},"modified":"2024-11-19T13:41:24","modified_gmt":"2024-11-19T12:41:24","slug":"cmx-10-trieuse-de-monnaie","status":"publish","type":"page","link":"https:\/\/www.tresmer.ch\/fr\/cmx-10-trieuse-de-monnaie\/","title":{"rendered":"Trieuse de pi\u00e8ces CMX-10"},"content":{"rendered":"<div id=\"pg-4744-0\"  class=\"panel-grid\" ><div class=\"panel-grid-core\"><div id=\"pgc-4744-0-0\"  class=\"panel-grid-cell    \" ><div class=\"panel-widget-style\" ><h1>CMX-10 \u201eMIX COUNTER\u201c\u00a0<\/h1><hr \/><p>La trieuse CMX-10 compte les pi\u00e8ces m\u00e9lang\u00e9es de mani\u00e8re rapide et fiable.<\/p><\/div><div class=\"panel-widget-style\" ><p><img decoding=\"async\" src=\"https:\/\/www.tresmer.ch\/wp-content\/uploads\/2018\/06\/cashMAX_CMX10_A-1.jpg\" alt=\"\" \/ ><\/p><\/div><div class=\"panel-widget-style\" >\r\n\t<div class=\"tabs style2\">\r\n\r\n\t\t<div id=\"thinkupshortcodesthinkup_builder_tabs\" class=\"tab-buttons tab-buttons-left\">\r\n\t\t<ul class=\"nav nav-tabs\">\r\n\t\t\r\n\t\t\t\t\r\n\t\t\r\n\t\t<li class=\"active\"><a href=\"#thinkupshortcodesthinkup_builder_tabs-0\" data-toggle=\"tab\">Caract\u00e9ristiques<\/a><\/li>\r\n\r\n\t\t\r\n\t\t\t\t\r\n\t\t\r\n\t\t<li><a href=\"#thinkupshortcodesthinkup_builder_tabs-1\" data-toggle=\"tab\">Donn\u00e9es techniques<\/a><\/li>\r\n\r\n\t\t\r\n\t\t\t\t\r\n\t\t\r\n\t\t<li><a href=\"#thinkupshortcodesthinkup_builder_tabs-2\" data-toggle=\"tab\">Accessoires<\/a><\/li>\r\n\r\n\t\t\r\n\t\t\t\t\r\n\t\t\r\n\t\t<li><a href=\"#thinkupshortcodesthinkup_builder_tabs-3\" data-toggle=\"tab\">Possibilit\u00e9s d'utilisation <\/a><\/li>\r\n\r\n\t\t\r\n\t\t\t\t\r\n\t\t<\/ul><div class=\"clearboth\"><\/div>\r\n\t\t<\/div>\r\n\t\r\n\t\t\t\r\n\t\t<div class=\"tab-content\">\r\n\t\t\r\n\t\t\t\t\t\r\n\t\t\r\n\t\t<div class=\"tab-pane fade  active in\" id=\"thinkupshortcodesthinkup_builder_tabs-0\">\u2022\tComptage rapide et fiable des pi\u00e8ces de valeurs mixtes. <br>\n\u2022\tRejette l'argent \u00e9tranger dans un bac s\u00e9par\u00e9. <br>\n\u2022\tPossibilit\u00e9 de remplissage avec arr\u00eat automatique dans des sacs ou des tubes \u00e0 pi\u00e8ces <br>\n\u2022\tUtilisation intuitive <br>\n\n<\/div>\r\n\r\n\t\t\r\n\t\t\t\t\t\r\n\t\t\r\n\t\t<div class=\"tab-pane fade\" id=\"thinkupshortcodesthinkup_builder_tabs-1\">Dimension:  (L x P x H) 400mm x 285mm 365mm (avec le bac additionnel : 460mm) <br>\nTirage : environ 600 pi\u00e8ces \/ minute <br>\nCapacit\u00e9 : r\u00e9servoir de 3000 pi\u00e8ces<\/div>\r\n\r\n\t\t\r\n\t\t\t\t\t\r\n\t\t\r\n\t\t<div class=\"tab-pane fade\" id=\"thinkupshortcodesthinkup_builder_tabs-2\">\u2022 Imprimante de re\u00e7us facultative <br>\n\u2022 Remplissage de tubes et sacs de pi\u00e8ces \n\n\n\n<\/div>\r\n\r\n\t\t\r\n\t\t\t\t\t\r\n\t\t\r\n\t\t<div class=\"tab-pane fade\" id=\"thinkupshortcodesthinkup_builder_tabs-3\">\u2022\tLarge \u00e9ventail d'applications pour les petites et moyennes quantit\u00e9s. <\/div>\r\n\r\n\t\t\r\n\t\t\r\n\t\t\r\n\t\t<\/div>\r\n\r\n\t<\/div><\/div><div class=\"panel-widget-style\" ><a target=\"_blank\" href=\"https:\/\/www.tresmer.ch\/wp-content\/uploads\/2024\/11\/CMX-10_2024_FR.pdf\" id=\"thinkupshortcodesthinkup_builder_buttontheme\" class=\"button style1 themebutton large standard\">Fiche technique<\/a><\/div><\/div><\/div><\/div>","protected":false},"excerpt":{"rendered":"<p>CMX-10 \u201eMIX COUNTER\u201c\u00a0La trieuse CMX-10 compte les pi\u00e8ces m\u00e9lang\u00e9es de mani\u00e8re rapide et fiable. Caract\u00e9ristiques Donn\u00e9es techniques Accessoires Possibilit\u00e9s d&rsquo;utilisation \u2022 Comptage rapide et fiable des pi\u00e8ces de valeurs mixtes. \u2022 Rejette l&rsquo;argent \u00e9tranger dans un bac s\u00e9par\u00e9. \u2022 Possibilit\u00e9 de remplissage avec arr\u00eat automatique dans des sacs ou des tubes \u00e0 pi\u00e8ces \u2022 Utilisation&hellip;<\/p>\n<p class=\"more-link\"><a href=\"https:\/\/www.tresmer.ch\/fr\/cmx-10-trieuse-de-monnaie\/\" class=\"themebutton\">Read More<\/a><\/p>\n","protected":false},"author":4,"featured_media":0,"parent":0,"menu_order":0,"comment_status":"closed","ping_status":"closed","template":"","meta":{"_sitemap_exclude":false,"_sitemap_priority":"","_sitemap_frequency":"","footnotes":""},"categories":[],"tags":[],"class_list":["post-4744","page","type-page","status-publish","hentry"],"jetpack_sharing_enabled":true,"_links":{"self":[{"href":"https:\/\/www.tresmer.ch\/fr\/wp-json\/wp\/v2\/pages\/4744","targetHints":{"allow":["GET"]}}],"collection":[{"href":"https:\/\/www.tresmer.ch\/fr\/wp-json\/wp\/v2\/pages"}],"about":[{"href":"https:\/\/www.tresmer.ch\/fr\/wp-json\/wp\/v2\/types\/page"}],"author":[{"embeddable":true,"href":"https:\/\/www.tresmer.ch\/fr\/wp-json\/wp\/v2\/users\/4"}],"replies":[{"embeddable":true,"href":"https:\/\/www.tresmer.ch\/fr\/wp-json\/wp\/v2\/comments?post=4744"}],"version-history":[{"count":14,"href":"https:\/\/www.tresmer.ch\/fr\/wp-json\/wp\/v2\/pages\/4744\/revisions"}],"predecessor-version":[{"id":10598,"href":"https:\/\/www.tresmer.ch\/fr\/wp-json\/wp\/v2\/pages\/4744\/revisions\/10598"}],"wp:attachment":[{"href":"https:\/\/www.tresmer.ch\/fr\/wp-json\/wp\/v2\/media?parent=4744"}],"wp:term":[{"taxonomy":"category","embeddable":true,"href":"https:\/\/www.tresmer.ch\/fr\/wp-json\/wp\/v2\/categories?post=4744"},{"taxonomy":"post_tag","embeddable":true,"href":"https:\/\/www.tresmer.ch\/fr\/wp-json\/wp\/v2\/tags?post=4744"}],"curies":[{"name":"wp","href":"https:\/\/api.w.org\/{rel}","templated":true}]}}