{"id":4688,"date":"2020-07-30T15:22:39","date_gmt":"2020-07-30T13:22:39","guid":{"rendered":"http:\/\/www.tresmer.ch\/?page_id=4688"},"modified":"2024-07-31T13:04:30","modified_gmt":"2024-07-31T11:04:30","slug":"balances-pour-compter-largent","status":"publish","type":"page","link":"https:\/\/www.tresmer.ch\/fr\/balances-pour-compter-largent\/","title":{"rendered":"Balances pour compter l&rsquo;argent"},"content":{"rendered":"<div id=\"pg-4688-0\"  class=\"panel-grid\" ><div class=\"panel-grid-core\"><div id=\"pgc-4688-0-0\"  class=\"panel-grid-cell    \" ><div class=\"panel-widget-style\" ><div><span style=\"font-size: 18pt;\"><a href=\"http:\/\/www.tresmer.ch\/fr\/balance-cashmaster-one\/\">Cashmaster One<\/a><\/span><\/div><div><span style=\"font-size: 18pt;\"><a href=\"http:\/\/www.tresmer.ch\/fr\/balance-cashmaster-one\/\">Balance \u00e0 argent<\/a><\/span><\/div><\/div><div class=\"panel-widget-style\" ><p><img decoding=\"async\" src=\"https:\/\/www.tresmer.ch\/wp-content\/uploads\/2018\/07\/cashmaster_home-2.jpg\" alt=\"\" \/ ><\/p><\/div><div class=\"panel-widget-style\" style=\"text-align: left !important; padding-top: 0px !important; padding-bottom: 0px !important; padding-left: 0px !important; padding-right: 0px !important; margin-top: 0px !important; margin-bottom: 0px !important; margin-left: 0px !important; margin-right: 15px !important;\" ><div id=\"thinkupshortcodesthinkup_builder_calltoaction\" class=\"thinkupshortcodesthinkup_builder_calltoaction sc-action\"><div class=\"sc-action-core\"><div class=\"action-message\"><div class=\"action-text\"><\/div><div class=\"action-teaser\"><\/div><\/div><div class=\"action-link\"><a class=\"themebutton\" href=\"http:\/\/www.tresmer.ch\/fr\/balance-cashmaster-one\/\"current>Plus d'informations  <\/a><\/div><div class=\"clearboth\"><\/div><\/div><\/div><\/div><div class=\"panel-widget-style\" ><div class=\"divider\"><\/div><\/div><\/div><\/div><\/div><div id=\"pg-4688-1\"  class=\"panel-grid\" ><div class=\"panel-grid-core\"><div id=\"pgc-4688-1-0\"  class=\"panel-grid-cell   \" ><div class=\"panel-widget-style\" ><p><span style=\"font-size: 18pt;\">Imprimante int\u00e9gr\u00e9e \u00e0 Cashmaster One<\/span><\/p><\/div><div class=\"panel-widget-style\" ><a href=\"https:\/\/www.tresmer.ch\/wp-content\/uploads\/2024\/07\/Drucker-zu-Cashmaster-One.webp\"><img decoding=\"async\" src=\"https:\/\/www.tresmer.ch\/wp-content\/uploads\/2024\/07\/Drucker-zu-Cashmaster-One.webp\" alt=\"\" \/ ><\/a><\/div><div class=\"panel-widget-style\" ><div id=\"thinkupshortcodesthinkup_builder_calltoaction1\" class=\"thinkupshortcodesthinkup_builder_calltoaction1 sc-action\"><div class=\"sc-action-core\"><div class=\"action-message\"><div class=\"action-text\"><\/div><div class=\"action-teaser\"><\/div><\/div><div class=\"action-link\"><a class=\"themebutton\" href=\"https:\/\/www.tresmer.ch\/fr\/imprimante-cashmaster-one-2\/\"current>Plus d'informations<\/a><\/div><div class=\"clearboth\"><\/div><\/div><\/div><\/div><\/div><\/div><\/div>","protected":false},"excerpt":{"rendered":"<p>Cashmaster OneBalance \u00e0 argentPlus d&rsquo;informations Imprimante int\u00e9gr\u00e9e \u00e0 Cashmaster OnePlus d&rsquo;informations<\/p>\n","protected":false},"author":4,"featured_media":0,"parent":0,"menu_order":0,"comment_status":"closed","ping_status":"closed","template":"","meta":{"_sitemap_exclude":false,"_sitemap_priority":"","_sitemap_frequency":"","footnotes":""},"categories":[],"tags":[],"class_list":["post-4688","page","type-page","status-publish","hentry"],"jetpack_sharing_enabled":true,"_links":{"self":[{"href":"https:\/\/www.tresmer.ch\/fr\/wp-json\/wp\/v2\/pages\/4688","targetHints":{"allow":["GET"]}}],"collection":[{"href":"https:\/\/www.tresmer.ch\/fr\/wp-json\/wp\/v2\/pages"}],"about":[{"href":"https:\/\/www.tresmer.ch\/fr\/wp-json\/wp\/v2\/types\/page"}],"author":[{"embeddable":true,"href":"https:\/\/www.tresmer.ch\/fr\/wp-json\/wp\/v2\/users\/4"}],"replies":[{"embeddable":true,"href":"https:\/\/www.tresmer.ch\/fr\/wp-json\/wp\/v2\/comments?post=4688"}],"version-history":[{"count":21,"href":"https:\/\/www.tresmer.ch\/fr\/wp-json\/wp\/v2\/pages\/4688\/revisions"}],"predecessor-version":[{"id":9915,"href":"https:\/\/www.tresmer.ch\/fr\/wp-json\/wp\/v2\/pages\/4688\/revisions\/9915"}],"wp:attachment":[{"href":"https:\/\/www.tresmer.ch\/fr\/wp-json\/wp\/v2\/media?parent=4688"}],"wp:term":[{"taxonomy":"category","embeddable":true,"href":"https:\/\/www.tresmer.ch\/fr\/wp-json\/wp\/v2\/categories?post=4688"},{"taxonomy":"post_tag","embeddable":true,"href":"https:\/\/www.tresmer.ch\/fr\/wp-json\/wp\/v2\/tags?post=4688"}],"curies":[{"name":"wp","href":"https:\/\/api.w.org\/{rel}","templated":true}]}}