{"id":4633,"date":"2020-07-30T11:19:57","date_gmt":"2020-07-30T09:19:57","guid":{"rendered":"http:\/\/www.tresmer.ch\/?page_id=4633"},"modified":"2024-11-19T11:39:02","modified_gmt":"2024-11-19T10:39:02","slug":"cash-center-compact","status":"publish","type":"page","link":"https:\/\/www.tresmer.ch\/fr\/changeurs-de-monnaie\/cash-center-compact\/","title":{"rendered":"Cash Center Compact"},"content":{"rendered":"<div id=\"pg-4633-0\"  class=\"panel-grid\" ><div class=\"panel-grid-core\"><div id=\"pgc-4633-0-0\"  class=\"panel-grid-cell   \" ><div class=\"panel-widget-style\" ><h1>Cash Center Compact<\/h1><hr \/><p>Changeur de monnaie compact pour pi\u00e8ces et billets.<\/p><p>Acceptation des billets et des pi\u00e8ces, \u00e9change la monnaie dans toutes les directions. Traitement s\u00fbr et rapide gr\u00e2ce \u00e0 l'utilisation de composants de haute qualit\u00e9. Utilisation intuitive pour l'op\u00e9rateur gr\u00e2ce \u00e0 un \u00e9cran tactile. Bo\u00eetier hautement s\u00e9curis\u00e9 et compact\u00e9 au maximum.\u00a0<\/p><\/div><div class=\"panel-widget-style\" ><p><img decoding=\"async\" src=\"https:\/\/www.tresmer.ch\/wp-content\/uploads\/2019\/10\/Cash-Center-Compact-Bild_1-139x300.jpg\" alt=\"\" \/ ><\/p><\/div><div class=\"panel-widget-style\" ><a target=\"_blank\" href=\"https:\/\/www.tresmer.ch\/wp-content\/uploads\/2024\/11\/Cash-Compact-Center-Geldwechsler-CC4_2024_FR.pdf\" id=\"thinkupshortcodesthinkup_builder_buttontheme\" class=\"button style1 themebutton large standard\">Fiche technique<\/a><\/div><\/div><\/div><\/div>","protected":false},"excerpt":{"rendered":"<p>Cash Center CompactChangeur de monnaie compact pour pi\u00e8ces et billets.Acceptation des billets et des pi\u00e8ces, \u00e9change la monnaie dans toutes les directions. Traitement s\u00fbr et rapide gr\u00e2ce \u00e0 l&rsquo;utilisation de composants de haute qualit\u00e9. Utilisation intuitive pour l&rsquo;op\u00e9rateur gr\u00e2ce \u00e0 un \u00e9cran tactile. Bo\u00eetier hautement s\u00e9curis\u00e9 et compact\u00e9 au maximum.\u00a0Fiche technique<\/p>\n","protected":false},"author":4,"featured_media":0,"parent":4615,"menu_order":0,"comment_status":"closed","ping_status":"closed","template":"","meta":{"_sitemap_exclude":false,"_sitemap_priority":"","_sitemap_frequency":"","footnotes":""},"categories":[],"tags":[],"class_list":["post-4633","page","type-page","status-publish","hentry"],"jetpack_sharing_enabled":true,"_links":{"self":[{"href":"https:\/\/www.tresmer.ch\/fr\/wp-json\/wp\/v2\/pages\/4633","targetHints":{"allow":["GET"]}}],"collection":[{"href":"https:\/\/www.tresmer.ch\/fr\/wp-json\/wp\/v2\/pages"}],"about":[{"href":"https:\/\/www.tresmer.ch\/fr\/wp-json\/wp\/v2\/types\/page"}],"author":[{"embeddable":true,"href":"https:\/\/www.tresmer.ch\/fr\/wp-json\/wp\/v2\/users\/4"}],"replies":[{"embeddable":true,"href":"https:\/\/www.tresmer.ch\/fr\/wp-json\/wp\/v2\/comments?post=4633"}],"version-history":[{"count":10,"href":"https:\/\/www.tresmer.ch\/fr\/wp-json\/wp\/v2\/pages\/4633\/revisions"}],"predecessor-version":[{"id":10516,"href":"https:\/\/www.tresmer.ch\/fr\/wp-json\/wp\/v2\/pages\/4633\/revisions\/10516"}],"up":[{"embeddable":true,"href":"https:\/\/www.tresmer.ch\/fr\/wp-json\/wp\/v2\/pages\/4615"}],"wp:attachment":[{"href":"https:\/\/www.tresmer.ch\/fr\/wp-json\/wp\/v2\/media?parent=4633"}],"wp:term":[{"taxonomy":"category","embeddable":true,"href":"https:\/\/www.tresmer.ch\/fr\/wp-json\/wp\/v2\/categories?post=4633"},{"taxonomy":"post_tag","embeddable":true,"href":"https:\/\/www.tresmer.ch\/fr\/wp-json\/wp\/v2\/tags?post=4633"}],"curies":[{"name":"wp","href":"https:\/\/api.w.org\/{rel}","templated":true}]}}