{"id":4595,"date":"2020-07-30T10:36:23","date_gmt":"2020-07-30T08:36:23","guid":{"rendered":"http:\/\/www.tresmer.ch\/?page_id=4595"},"modified":"2025-11-19T14:18:06","modified_gmt":"2025-11-19T13:18:06","slug":"tresomat-systemes-de-paiement","status":"publish","type":"page","link":"https:\/\/www.tresmer.ch\/fr\/tresomat-systemes-de-paiement\/","title":{"rendered":"Syst\u00e8mes de paiement aux points de vente"},"content":{"rendered":"<div id=\"pg-4595-0\"  class=\"panel-grid\" ><div class=\"panel-grid-core\"><div id=\"pgc-4595-0-0\"  class=\"panel-grid-cell     \" ><div class=\"panel-widget-style\" ><p><span style=\"color: #3f5e91;\"><strong><span style=\"font-size: 24px;\">STAN-27<\/span><\/strong><\/span><br \/><span style=\"color: #3f5e91;\"><strong>Syst\u00e8me de pr\u00e9commande en kiosque<\/strong><\/span><\/p><\/div><div class=\"panel-widget-style\" ><div class=\"margin40\"><\/div><\/div><div class=\"panel-widget-style\" ><div style=\"text-align: left;\" class=\"sc-image sc-carousel\"><div class=\"entry-header\"><a href=\"https:\/\/www.tresmer.ch\/wp-content\/uploads\/2025\/11\/kiosco-nuevo-v2-frei.png\"><img decoding=\"async\" src=\"https:\/\/www.tresmer.ch\/wp-content\/uploads\/2025\/11\/kiosco-nuevo-v2-frei-79x300.png\" alt=\"\" \/><\/a><div class=\"image-overlay style2\"><div class=\"image-overlay-inner\"><div class=\"hover-icons\"><a class=\"hover-link\" href=\"https:\/\/www.tresmer.ch\/wp-content\/uploads\/2025\/11\/kiosco-nuevo-v2-frei.png\"><\/a><\/div><\/div><\/div><\/div><\/div><\/div><div class=\"panel-widget-style\" ><div class=\"margin50\"><\/div><\/div><div class=\"panel-widget-style\" ><a href=\"#\" id=\"thinkupshortcodesthinkup_builder_buttontheme\" class=\"button style1 themebutton large standard\">Details coming soon...<\/a><\/div><\/div><div id=\"pgc-4595-0-1\"  class=\"panel-grid-cell     \" ><div class=\"panel-widget-style\" ><p><strong><span style=\"font-size: 24px; color: #3f5e91;\">Enregistrement automatique <\/span><\/strong><br \/><strong><span style=\"font-size: 24px; color: #3f5e91;\">pour les h\u00f4tels<\/span><\/strong><br \/><strong><span style=\"color: #3f5e91;\">Int\u00e9rieur et ext\u00e9rieur<\/span><\/strong><\/p><\/div><div class=\"panel-widget-style\" ><div style=\"text-align: left;\" class=\"sc-image sc-carousel\"><div class=\"entry-header\"><a href=\"https:\/\/www.tresmer.ch\/wp-content\/uploads\/2025\/11\/Bild1.png\"><img decoding=\"async\" src=\"https:\/\/www.tresmer.ch\/wp-content\/uploads\/2025\/11\/Bild1-250x300.png\" alt=\"\" \/><\/a><div class=\"image-overlay style2\"><div class=\"image-overlay-inner\"><div class=\"hover-icons\"><a class=\"hover-link\" href=\"https:\/\/www.tresmer.ch\/wp-content\/uploads\/2025\/11\/Bild1.png\"><\/a><\/div><\/div><\/div><\/div><\/div><\/div><div class=\"panel-widget-style\" ><div class=\"margin50\"><\/div><\/div><div class=\"panel-widget-style\" ><a href=\"https:\/\/www.tresmer.ch\/fr\/cima-inlane-300-depo-plus\/\" id=\"thinkupshortcodesthinkup_builder_buttontheme1\" class=\"button style1 themebutton large standard\">Details coming soon...<\/a><\/div><\/div><\/div><\/div><div id=\"pg-4595-1\"  class=\"panel-grid\" ><div class=\"panel-grid-core\"><div id=\"pgc-4595-1-0\"  class=\"panel-grid-cell    \" ><div class=\"panel-widget-style\" ><p><span style=\"font-size: 18pt; font-family: georgia, palatino, serif;\"><a href=\"http:\/\/www.tresmer.ch\/fr\/cima-inlane\/\"><strong>InLane 300<\/strong><\/a><\/span><br \/><span style=\"font-family: georgia, palatino, serif; font-size: 14pt;\"><a href=\"http:\/\/www.tresmer.ch\/fr\/cima-inlane\/\">Tr\u00e9sorerie automatique aux points de vente<\/a><\/span><\/p><\/div><div class=\"panel-widget-style\" ><div class=\"sc-image sc-carousel\"><div class=\"entry-header\"><a href=\"https:\/\/www.tresmer.ch\/wp-content\/uploads\/2024\/07\/file2.png\"><img decoding=\"async\" src=\"https:\/\/www.tresmer.ch\/wp-content\/uploads\/2024\/07\/file2.webp\" alt=\"\" \/><\/a><div class=\"image-overlay style2\"><div class=\"image-overlay-inner\"><div class=\"hover-icons\"><a class=\"hover-link\" href=\"https:\/\/www.tresmer.ch\/wp-content\/uploads\/2024\/07\/file2.png\"><\/a><\/div><\/div><\/div><\/div><\/div><\/div><div class=\"panel-widget-style\" ><div class=\"margin50\"><\/div><\/div><div class=\"panel-widget-style\" ><a target=\"_blank\" href=\"http:\/\/www.tresmer.ch\/fr\/cima-inlane\/\" id=\"thinkupshortcodesthinkup_builder_buttontheme2\" class=\"button style1 themebutton large standard\">Plus d'informations<\/a><\/div><\/div><div id=\"pgc-4595-1-1\"  class=\"panel-grid-cell    \" ><div class=\"panel-widget-style\" ><p><a href=\"https:\/\/www.tresmer.ch\/fr\/cima-inlane-300-depo\/\"><strong><span style=\"font-family: georgia, palatino, serif; font-size: 18pt;\">InLane 300 Depo<\/span><\/strong><\/a><br \/><a href=\"https:\/\/www.tresmer.ch\/fr\/cima-inlane-300-depo\/\"><span style=\"font-family: georgia, palatino, serif; font-size: 18pt;\"><span style=\"font-size: 14pt;\">Rapide, s\u00fbr, hygi\u00e9nique et rentable<\/span><\/span><\/a><\/p><\/div><div class=\"panel-widget-style\" ><div class=\"sc-image sc-carousel\"><div class=\"entry-header\"><a href=\"https:\/\/www.tresmer.ch\/wp-content\/uploads\/2024\/07\/Inlane-300-Depot_8-e1721721252241.jpg\"><img decoding=\"async\" src=\"https:\/\/www.tresmer.ch\/wp-content\/uploads\/2024\/07\/Inlane-300-Depot_8-e1721734975233-270x300.webp\" alt=\"\" \/><\/a><div class=\"image-overlay style2\"><div class=\"image-overlay-inner\"><div class=\"hover-icons\"><a class=\"hover-link\" href=\"https:\/\/www.tresmer.ch\/wp-content\/uploads\/2024\/07\/Inlane-300-Depot_8-e1721721252241.jpg\"><\/a><\/div><\/div><\/div><\/div><\/div><\/div><div class=\"panel-widget-style\" ><div class=\"margin40\"><\/div><\/div><div class=\"panel-widget-style\" ><div class=\"margin10\"><\/div><\/div><div class=\"panel-widget-style\" ><a target=\"_blank\" href=\"https:\/\/www.tresmer.ch\/fr\/cima-inlane-300-depo\/\" id=\"thinkupshortcodesthinkup_builder_buttontheme3\" class=\"button style1 themebutton large standard\">Plus d'informations<\/a><\/div><\/div><div id=\"pgc-4595-1-2\"  class=\"panel-grid-cell    \" ><div class=\"panel-widget-style\" ><p><a href=\"https:\/\/www.tresmer.ch\/fr\/cima-inlane-300-depo-plus\/\"><strong><span style=\"font-size: 18pt; font-family: georgia, palatino, serif;\">InLane 300 Depo Plus<\/span><\/strong><\/a><br \/><a href=\"https:\/\/www.tresmer.ch\/fr\/cima-inlane-300-depo-plus\/\"><span style=\"font-family: arial, helvetica, sans-serif; font-size: 14pt;\"><span style=\"font-family: georgia, palatino, serif;\">Recycleur d'esp\u00e8ces back-office ultra-compact<\/span><\/span><\/a><\/p><\/div><div class=\"panel-widget-style\" ><div class=\"sc-image sc-carousel\"><div class=\"entry-header\"><a href=\"https:\/\/www.tresmer.ch\/wp-content\/uploads\/2024\/07\/Inlane-300-Depot-Plus_1_Freigestellt-e1721725891317.png\"><img decoding=\"async\" src=\"https:\/\/www.tresmer.ch\/wp-content\/uploads\/2024\/07\/Inlane-300-Depot-Plus_1_Freigestellt-e1721725891317-scaled-e1722405940643-182x300.webp\" alt=\"\" \/><\/a><div class=\"image-overlay style2\"><div class=\"image-overlay-inner\"><div class=\"hover-icons\"><a class=\"hover-link\" href=\"https:\/\/www.tresmer.ch\/wp-content\/uploads\/2024\/07\/Inlane-300-Depot-Plus_1_Freigestellt-e1721725891317.png\"><\/a><\/div><\/div><\/div><\/div><\/div><\/div><div class=\"panel-widget-style\" ><div class=\"margin10\"><\/div><\/div><div class=\"panel-widget-style\" ><a target=\"_blank\" href=\"https:\/\/www.tresmer.ch\/fr\/cima-inlane-300-depo-plus\/\" id=\"thinkupshortcodesthinkup_builder_buttontheme4\" class=\"button style1 themebutton large standard\">Plus d'informations<\/a><\/div><\/div><\/div><\/div><div id=\"pg-4595-2\"  class=\"panel-grid\" ><div class=\"panel-grid-core\"><div id=\"pgc-4595-2-0\"  class=\"panel-grid-cell    \" ><div class=\"panel-widget-style\" ><p><span style=\"font-size: 18pt; font-family: georgia, palatino, serif;\"><a href=\"http:\/\/www.tresmer.ch\/fr\/tresomat\/\"><strong>Tresomat<\/strong><\/a><\/span><br \/><a href=\"http:\/\/www.tresmer.ch\/fr\/tresomat\/\"><span style=\"font-family: arial, helvetica, sans-serif;\"><span style=\"font-size: 14pt;\"><span style=\"font-family: georgia, palatino, serif;\">Station de payement en libre service pour la vente directe<\/span><\/span><\/span><\/a><\/p><\/div><div class=\"panel-widget-style\" ><div class=\"sc-image sc-carousel\"><div class=\"entry-header\"><a href=\"http:\/\/www.tresmer.ch\/fr\/tresomat\/%20\"><img decoding=\"async\" src=\"https:\/\/www.tresmer.ch\/wp-content\/uploads\/2023\/03\/TRESOMAT-mit-UPT-1000.webp\" alt=\"\" \/><\/a><div class=\"image-overlay style2\"><div class=\"image-overlay-inner\"><div class=\"hover-icons\"><a class=\"hover-link\" href=\"http:\/\/www.tresmer.ch\/fr\/tresomat\/%20\"><\/a><\/div><\/div><\/div><\/div><\/div><\/div><div class=\"panel-widget-style\" ><div class=\"margin30\"><\/div><\/div><div class=\"panel-widget-style\" ><a target=\"_blank\" href=\"http:\/\/www.tresmer.ch\/fr\/tresomat\/ \" id=\"thinkupshortcodesthinkup_builder_buttontheme5\" class=\"button style1 themebutton large standard\">Plus d'informations<\/a><\/div><\/div><div id=\"pgc-4595-2-1\"  class=\"panel-grid-cell    \" ><div class=\"panel-widget-style\" ><p><span style=\"font-size: 18pt; font-family: georgia, palatino, serif;\"><a href=\"http:\/\/www.tresmer.ch\/fr\/tresomat-g\/\"><strong>Tresomat G<\/strong><\/a><\/span><br \/><span style=\"font-family: georgia, palatino, serif; font-size: 14pt;\"><a href=\"http:\/\/www.tresmer.ch\/fr\/tresomat-g\/\">Borne de paiement en libre-service<\/a><\/span><br \/><span style=\"font-family: georgia, palatino, serif;\"><a href=\"http:\/\/www.tresmer.ch\/fr\/tresomat-g\/\"><span style=\"font-size: 14pt;\">Par exemple pour les terrains de golf <\/span><\/a><\/span><\/p><\/div><div class=\"panel-widget-style\" ><div class=\"sc-image sc-carousel\"><div class=\"entry-header\"><a href=\"http:\/\/www.tresmer.ch\/fr\/tresomat-g\/\"><img decoding=\"async\" src=\"https:\/\/www.tresmer.ch\/wp-content\/uploads\/2024\/07\/TresomatG-photo-e1721735059350.webp\" alt=\"\" \/><\/a><div class=\"image-overlay style2\"><div class=\"image-overlay-inner\"><div class=\"hover-icons\"><a class=\"hover-link\" href=\"http:\/\/www.tresmer.ch\/fr\/tresomat-g\/\"><\/a><\/div><\/div><\/div><\/div><\/div><\/div><div class=\"panel-widget-style\" ><a target=\"_blank\" href=\"http:\/\/www.tresmer.ch\/fr\/tresomat-g\/\" id=\"thinkupshortcodesthinkup_builder_buttontheme6\" class=\"button style1 themebutton large standard\">Plus d'informations<\/a><\/div><\/div><\/div><\/div>","protected":false},"excerpt":{"rendered":"<p>STAN-27Syst\u00e8me de pr\u00e9commande en kiosqueDetails coming soon&#8230;Enregistrement automatique pour les h\u00f4telsInt\u00e9rieur et ext\u00e9rieurDetails coming soon&#8230;InLane 300Tr\u00e9sorerie automatique aux points de ventePlus d&rsquo;informationsInLane 300 DepoRapide, s\u00fbr, hygi\u00e9nique et rentablePlus d&rsquo;informationsInLane 300 Depo PlusRecycleur d&rsquo;esp\u00e8ces back-office ultra-compactPlus d&rsquo;informationsTresomatStation de payement en libre service pour la vente directePlus d&rsquo;informationsTresomat GBorne de paiement en libre-servicePar exemple pour les terrains&hellip;<\/p>\n<p class=\"more-link\"><a href=\"https:\/\/www.tresmer.ch\/fr\/tresomat-systemes-de-paiement\/\" class=\"themebutton\">Read More<\/a><\/p>\n","protected":false},"author":4,"featured_media":0,"parent":0,"menu_order":0,"comment_status":"closed","ping_status":"closed","template":"","meta":{"_sitemap_exclude":false,"_sitemap_priority":"","_sitemap_frequency":"","footnotes":""},"categories":[],"tags":[],"class_list":["post-4595","page","type-page","status-publish","hentry"],"jetpack_sharing_enabled":true,"_links":{"self":[{"href":"https:\/\/www.tresmer.ch\/fr\/wp-json\/wp\/v2\/pages\/4595","targetHints":{"allow":["GET"]}}],"collection":[{"href":"https:\/\/www.tresmer.ch\/fr\/wp-json\/wp\/v2\/pages"}],"about":[{"href":"https:\/\/www.tresmer.ch\/fr\/wp-json\/wp\/v2\/types\/page"}],"author":[{"embeddable":true,"href":"https:\/\/www.tresmer.ch\/fr\/wp-json\/wp\/v2\/users\/4"}],"replies":[{"embeddable":true,"href":"https:\/\/www.tresmer.ch\/fr\/wp-json\/wp\/v2\/comments?post=4595"}],"version-history":[{"count":45,"href":"https:\/\/www.tresmer.ch\/fr\/wp-json\/wp\/v2\/pages\/4595\/revisions"}],"predecessor-version":[{"id":11356,"href":"https:\/\/www.tresmer.ch\/fr\/wp-json\/wp\/v2\/pages\/4595\/revisions\/11356"}],"wp:attachment":[{"href":"https:\/\/www.tresmer.ch\/fr\/wp-json\/wp\/v2\/media?parent=4595"}],"wp:term":[{"taxonomy":"category","embeddable":true,"href":"https:\/\/www.tresmer.ch\/fr\/wp-json\/wp\/v2\/categories?post=4595"},{"taxonomy":"post_tag","embeddable":true,"href":"https:\/\/www.tresmer.ch\/fr\/wp-json\/wp\/v2\/tags?post=4595"}],"curies":[{"name":"wp","href":"https:\/\/api.w.org\/{rel}","templated":true}]}}