{"id":4297,"date":"2020-07-28T14:20:00","date_gmt":"2020-07-28T12:20:00","guid":{"rendered":"http:\/\/www.tresmer.ch\/?page_id=4297"},"modified":"2020-07-28T15:14:57","modified_gmt":"2020-07-28T13:14:57","slug":"produits-page-sauvegarde","status":"publish","type":"page","link":"https:\/\/www.tresmer.ch\/fr\/produits-page-sauvegarde\/","title":{"rendered":"Produits page sauvegarde"},"content":{"rendered":"<div id=\"pg-4297-0\"  class=\"panel-grid\" ><div class=\"panel-grid-core\"><div id=\"pgc-4297-0-0\"  class=\"panel-grid-cell \" ><div class=\"panel-widget-style\" ><p>TRESMER AG vous propose une gamme de produits s\u00e9lectionn\u00e9s avec soin. Les entreprises avec lesquelles nous collaborons font preuve d'un niveau technologique \u00e9lev\u00e9 et d'excellente qualit\u00e9, depuis de nombreuse ann\u00e9es. Notre large \u00e9ventail de marque, nous permet de vous proposer une s\u00e9lection de produits adapt\u00e9s \u00e0 vos besoins et \u00e0 vos exigences. La simplicit\u00e9 d'utilisation est souvent une demande de nos utilisateurs. Nous nous concentrons donc sur des appareils faciles \u00e0 utiliser et qui tiennent compte de vos besoins sp\u00e9cifiques.<\/p><\/div><\/div><\/div><\/div><div id=\"pg-4297-1\"  class=\"panel-grid\" ><div class=\"panel-grid-core\"><div id=\"pgc-4297-1-0\"  class=\"panel-grid-cell     \" ><div class=\"panel-widget-style\" ><h1><a href=\"https:\/\/www.tresmer.ch\/deposits-recycler\/\"><span style=\"font-size: 18pt;\">D\u00e9p\u00f4ts \/ Recycleurs<\/span><\/a><\/h1><\/div><div class=\"panel-widget-style\" ><p><img decoding=\"async\" src=\"https:\/\/www.tresmer.ch\/wp-content\/uploads\/2019\/10\/AST-7016-e1571666613867.png\" alt=\"\" \/ ><\/p><\/div><div class=\"panel-widget-style\" ><p>D\u00e9p\u00f4ts en esp\u00e8ces pour le stockage de pi\u00e8ces de monnaie et de billets.<\/p><\/div><div class=\"panel-widget-style\" style=\"text-align: left !important; padding-top: 0px !important; padding-bottom: 0px !important; padding-left: 0px !important; padding-right: 0px !important; margin-top: 0px !important; margin-bottom: 0px !important; margin-left: 0px !important; margin-right: 15px !important;\" ><div id=\"thinkupshortcodesthinkup_builder_calltoaction\" class=\"thinkupshortcodesthinkup_builder_calltoaction sc-action\"><div class=\"sc-action-core\"><div class=\"action-message\"><div class=\"action-text\"><\/div><div class=\"action-teaser\"><\/div><\/div><div class=\"action-link\"><a class=\"themebutton\" href=\"https:\/\/www.tresmer.ch\/deposits-recycler\/\"current>Plus d'informations<\/a><\/div><div class=\"clearboth\"><\/div><\/div><\/div><\/div><div class=\"panel-widget-style\" ><div class=\"divider\"><\/div><\/div><\/div><div id=\"pgc-4297-1-1\"  class=\"panel-grid-cell     \" ><\/div><div id=\"pgc-4297-1-2\"  class=\"panel-grid-cell     \" ><div class=\"panel-widget-style\" ><h1><a href=\"https:\/\/www.tresmer.ch\/zahlungssysteme\/\"><span style=\"font-size: 18pt;\">Syst\u00e8mes de paiement<\/span><\/a><\/h1><\/div><div class=\"panel-widget-style\" ><p><img decoding=\"async\" src=\"https:\/\/www.tresmer.ch\/wp-content\/uploads\/2019\/11\/IMG_668578.jpg\" alt=\"\" \/ ><\/p><\/div><div class=\"panel-widget-style\" ><p>Le num\u00e9ro 1 des solutions de paiement innovantes !<br \/>Divers domaines d'application<\/p><\/div><div class=\"panel-widget-style\" style=\"text-align: left !important; padding-top: 0px !important; padding-bottom: 0px !important; padding-left: 0px !important; padding-right: 0px !important; margin-top: 0px !important; margin-bottom: 0px !important; margin-left: 0px !important; margin-right: 15px !important;\" ><div id=\"thinkupshortcodesthinkup_builder_calltoaction1\" class=\"thinkupshortcodesthinkup_builder_calltoaction1 sc-action\"><div class=\"sc-action-core\"><div class=\"action-message\"><div class=\"action-text\"><\/div><div class=\"action-teaser\"><\/div><\/div><div class=\"action-link\"><a class=\"themebutton\" href=\"https:\/\/www.tresmer.ch\/zahlungssysteme\/\"current>Plus d'informations<\/a><\/div><div class=\"clearboth\"><\/div><\/div><\/div><\/div><div class=\"panel-widget-style\" ><div class=\"divider\"><\/div><\/div><\/div><div id=\"pgc-4297-1-3\"  class=\"panel-grid-cell     \" ><\/div><div id=\"pgc-4297-1-4\"  class=\"panel-grid-cell     \" ><div class=\"panel-widget-style\" ><h1><a href=\"https:\/\/www.tresmer.ch\/verkaufsautomaten\/\"><span style=\"font-size: 18pt;\">Distributeurs automatiques<\/span><\/a><\/h1><\/div><div class=\"panel-widget-style\" ><p><img decoding=\"async\" src=\"https:\/\/www.tresmer.ch\/wp-content\/uploads\/2020\/02\/VisionXL500x500.png\" alt=\"\" \/ ><\/p><\/div><div class=\"panel-widget-style\" ><p>Efficacit\u00e9 et fiabilit\u00e9<br \/>Solutions pour le marketing direct.<\/p><\/div><div class=\"panel-widget-style\" style=\"text-align: left !important; padding-top: 0px !important; padding-bottom: 0px !important; padding-left: 0px !important; padding-right: 0px !important; margin-top: 0px !important; margin-bottom: 0px !important; margin-left: 0px !important; margin-right: 15px !important;\" ><div id=\"thinkupshortcodesthinkup_builder_calltoaction2\" class=\"thinkupshortcodesthinkup_builder_calltoaction2 sc-action\"><div class=\"sc-action-core\"><div class=\"action-message\"><div class=\"action-text\"><\/div><div class=\"action-teaser\"><\/div><\/div><div class=\"action-link\"><a class=\"themebutton\" href=\"https:\/\/www.tresmer.ch\/verkaufsautomaten\/\" target=\"_blank\">Plus d'informations<\/a><\/div><div class=\"clearboth\"><\/div><\/div><\/div><\/div><div class=\"panel-widget-style\" ><div class=\"divider\"><\/div><\/div><\/div><\/div><\/div><div id=\"pg-4297-2\"  class=\"panel-grid\" ><div class=\"panel-grid-core\"><div id=\"pgc-4297-2-0\"  class=\"panel-grid-cell\" ><\/div><\/div><\/div><div id=\"pg-4297-3\"  class=\"panel-grid\" ><div class=\"panel-grid-core\"><div id=\"pgc-4297-3-0\"  class=\"panel-grid-cell     \" ><div class=\"panel-widget-style\" ><h1><a href=\"https:\/\/www.tresmer.ch\/geldwechsler\/\"><span style=\"font-size: 18pt;\">Changeurs de monnaie<\/span><\/a><\/h1><\/div><div class=\"panel-widget-style\" ><p><img decoding=\"async\" src=\"https:\/\/www.tresmer.ch\/wp-content\/uploads\/2020\/02\/CRD500.png\" alt=\"\" \/ ><\/p><\/div><div class=\"panel-widget-style\" ><p>Des changeurs de monnaie solides et simples <br \/>Pour les billets et les pi\u00e8ces<\/p><\/div><div class=\"panel-widget-style\" style=\"text-align: left !important; padding-top: 0px !important; padding-bottom: 0px !important; padding-left: 0px !important; padding-right: 0px !important; margin-top: 0px !important; margin-bottom: 0px !important; margin-left: 0px !important; margin-right: 15px !important;\" ><div id=\"thinkupshortcodesthinkup_builder_calltoaction3\" class=\"thinkupshortcodesthinkup_builder_calltoaction3 sc-action\"><div class=\"sc-action-core\"><div class=\"action-message\"><div class=\"action-text\"><\/div><div class=\"action-teaser\"><\/div><\/div><div class=\"action-link\"><a class=\"themebutton\" href=\"https:\/\/www.tresmer.ch\/geldwechsler\/\"current>Plus d'informations<\/a><\/div><div class=\"clearboth\"><\/div><\/div><\/div><\/div><div class=\"panel-widget-style\" ><div class=\"divider\"><\/div><\/div><\/div><div id=\"pgc-4297-3-1\"  class=\"panel-grid-cell     \" ><\/div><div id=\"pgc-4297-3-2\"  class=\"panel-grid-cell     \" ><div class=\"panel-widget-style\" ><h1><a href=\"https:\/\/www.tresmer.ch\/muenzen-2-2\/\"><span style=\"font-size: 18pt;\">Syst\u00e8mes d'acc\u00e8s<\/span><\/a><\/h1><\/div><div class=\"panel-widget-style\" ><p><img decoding=\"async\" src=\"https:\/\/www.tresmer.ch\/wp-content\/uploads\/2020\/02\/Unbenannt.png\" alt=\"\" \/ ><\/p><\/div><div class=\"panel-widget-style\" ><p>Tourniquets, syst\u00e8mes d'acc\u00e8s,<br \/>Portes s\u00e9curis\u00e9es<\/p><\/div><div class=\"panel-widget-style\" style=\"text-align: left !important; padding-top: 0px !important; padding-bottom: 0px !important; padding-left: 0px !important; padding-right: 0px !important; margin-top: 0px !important; margin-bottom: 0px !important; margin-left: 0px !important; margin-right: 15px !important;\" ><div id=\"thinkupshortcodesthinkup_builder_calltoaction4\" class=\"thinkupshortcodesthinkup_builder_calltoaction4 sc-action\"><div class=\"sc-action-core\"><div class=\"action-message\"><div class=\"action-text\"><\/div><div class=\"action-teaser\"><\/div><\/div><div class=\"action-link\"><a class=\"themebutton\" href=\"https:\/\/www.tresmer.ch\/muenzen-2-2\/\" target=\"_blank\">Plus d'informations<\/a><\/div><div class=\"clearboth\"><\/div><\/div><\/div><\/div><div class=\"panel-widget-style\" ><div class=\"divider\"><\/div><\/div><\/div><div id=\"pgc-4297-3-3\"  class=\"panel-grid-cell     \" ><\/div><div id=\"pgc-4297-3-4\"  class=\"panel-grid-cell     \" ><div class=\"panel-widget-style\" ><h1><a href=\"https:\/\/www.tresmer.ch\/noten\/\"><span style=\"font-size: 18pt;\">Trieuses de billets<\/span><\/a><\/h1><\/div><div class=\"panel-widget-style\" ><p><img decoding=\"async\" src=\"https:\/\/www.tresmer.ch\/wp-content\/uploads\/2018\/05\/ep100_03-2.png\" alt=\"\" \/ ><\/p><\/div><div class=\"panel-widget-style\" ><p>Traitement efficace de billets\u00a0<br \/>Comptage et triage\u00a0<\/p><\/div><div class=\"panel-widget-style\" style=\"text-align: left !important; padding-top: 0px !important; padding-bottom: 0px !important; padding-left: 0px !important; padding-right: 0px !important; margin-top: 0px !important; margin-bottom: 0px !important; margin-left: 0px !important; margin-right: 15px !important;\" ><div id=\"thinkupshortcodesthinkup_builder_calltoaction5\" class=\"thinkupshortcodesthinkup_builder_calltoaction5 sc-action\"><div class=\"sc-action-core\"><div class=\"action-message\"><div class=\"action-text\"><\/div><div class=\"action-teaser\"><\/div><\/div><div class=\"action-link\"><a class=\"themebutton\" href=\"https:\/\/www.tresmer.ch\/noten\/\"current>Plus d'informations<\/a><\/div><div class=\"clearboth\"><\/div><\/div><\/div><\/div><div class=\"panel-widget-style\" ><div class=\"divider\"><\/div><\/div><\/div><\/div><\/div><div id=\"pg-4297-4\"  class=\"panel-grid\" ><div class=\"panel-grid-core\"><div id=\"pgc-4297-4-0\"  class=\"panel-grid-cell\" ><\/div><\/div><\/div><div id=\"pg-4297-5\"  class=\"panel-grid\" ><div class=\"panel-grid-core\"><div id=\"pgc-4297-5-0\"  class=\"panel-grid-cell     \" ><div class=\"panel-widget-style\" ><h1><a href=\"https:\/\/www.tresmer.ch\/muenzverarbeitung\/\"><span style=\"font-size: 18pt;\">Trieuses de pi\u00e8ces<\/span><\/a><\/h1><\/div><div class=\"panel-widget-style\" ><p><img decoding=\"async\" src=\"https:\/\/www.tresmer.ch\/wp-content\/uploads\/2018\/05\/Coin300-2.jpg\" alt=\"\" \/ ><\/p><\/div><div class=\"panel-widget-style\" ><div>Machines de tri et d'emballage pour les pi\u00e8ces de monnaie<br \/>Traitement simple et rapide<\/div><\/div><div class=\"panel-widget-style\" style=\"text-align: left !important; padding-top: 0px !important; padding-bottom: 0px !important; padding-left: 0px !important; padding-right: 0px !important; margin-top: 0px !important; margin-bottom: 0px !important; margin-left: 0px !important; margin-right: 15px !important;\" ><div id=\"thinkupshortcodesthinkup_builder_calltoaction6\" class=\"thinkupshortcodesthinkup_builder_calltoaction6 sc-action\"><div class=\"sc-action-core\"><div class=\"action-message\"><div class=\"action-text\"><\/div><div class=\"action-teaser\"><\/div><\/div><div class=\"action-link\"><a class=\"themebutton\" href=\"https:\/\/www.tresmer.ch\/muenzverarbeitung\/\" target=\"_blank\">Plus d'informations<\/a><\/div><div class=\"clearboth\"><\/div><\/div><\/div><\/div><div class=\"panel-widget-style\" ><div class=\"divider\"><\/div><\/div><\/div><div id=\"pgc-4297-5-1\"  class=\"panel-grid-cell     \" ><\/div><div id=\"pgc-4297-5-2\"  class=\"panel-grid-cell     \" ><div class=\"panel-widget-style\" ><h1><a href=\"https:\/\/www.tresmer.ch\/stimmzettel-zaehlmaschinen\/\"><span style=\"font-size: 18pt;\">D\u00e9pouillement de bulletins<\/span><\/a><\/h1><\/div><div class=\"panel-widget-style\" ><p><img decoding=\"async\" src=\"https:\/\/www.tresmer.ch\/wp-content\/uploads\/2018\/05\/TBM-M1-Air-2.png\" alt=\"\" \/ ><\/p><\/div><div class=\"panel-widget-style\" ><p>Proc\u00e9dez \u00e0 vos d\u00e9comptes de fa\u00e7on efficace et rapide, s\u00fbr !<br \/>Le tout sans aucune difficult\u00e9\u00a0<\/p><\/div><div class=\"panel-widget-style\" style=\"text-align: left !important; padding-top: 0px !important; padding-bottom: 0px !important; padding-left: 0px !important; padding-right: 0px !important; margin-top: 0px !important; margin-bottom: 0px !important; margin-left: 0px !important; margin-right: 15px !important;\" ><div id=\"thinkupshortcodesthinkup_builder_calltoaction7\" class=\"thinkupshortcodesthinkup_builder_calltoaction7 sc-action\"><div class=\"sc-action-core\"><div class=\"action-message\"><div class=\"action-text\"><\/div><div class=\"action-teaser\"><\/div><\/div><div class=\"action-link\"><a class=\"themebutton\" href=\"https:\/\/www.tresmer.ch\/stimmzettel-zaehlmaschinen\/\"current>Plus d'informations<\/a><\/div><div class=\"clearboth\"><\/div><\/div><\/div><\/div><div class=\"panel-widget-style\" ><div class=\"divider\"><\/div><\/div><\/div><div id=\"pgc-4297-5-3\"  class=\"panel-grid-cell     \" ><\/div><div id=\"pgc-4297-5-4\"  class=\"panel-grid-cell     \" ><div class=\"panel-widget-style\" ><h1><a href=\"https:\/\/www.tresmer.ch\/geldzaehlwaagen\/\"><span style=\"font-size: 18pt;\">Balances pour compter l'argent<\/span><\/a><\/h1><\/div><div class=\"panel-widget-style\" ><p><img decoding=\"async\" src=\"https:\/\/www.tresmer.ch\/wp-content\/uploads\/2018\/06\/Omega-230.png\" alt=\"\" \/ ><\/p><\/div><div class=\"panel-widget-style\" ><div>Comptez les billets et les pi\u00e8ces de monnaie de mani\u00e8re rapide et fiable.<\/div><div>\u00a0<\/div><\/div><div class=\"panel-widget-style\" style=\"text-align: left !important; padding-top: 0px !important; padding-bottom: 0px !important; padding-left: 0px !important; padding-right: 0px !important; margin-top: 0px !important; margin-bottom: 0px !important; margin-left: 0px !important; margin-right: 15px !important;\" ><div id=\"thinkupshortcodesthinkup_builder_calltoaction8\" class=\"thinkupshortcodesthinkup_builder_calltoaction8 sc-action\"><div class=\"sc-action-core\"><div class=\"action-message\"><div class=\"action-text\"><\/div><div class=\"action-teaser\"><\/div><\/div><div class=\"action-link\"><a class=\"themebutton\" href=\"https:\/\/www.tresmer.ch\/geldzaehlwaagen\/\"current>Plus d'informations<\/a><\/div><div class=\"clearboth\"><\/div><\/div><\/div><\/div><div class=\"panel-widget-style\" ><div class=\"divider\"><\/div><\/div><\/div><\/div><\/div><div id=\"pg-4297-6\"  class=\"panel-grid\" ><div class=\"panel-grid-core\"><div id=\"pgc-4297-6-0\"  class=\"panel-grid-cell\" ><\/div><\/div><\/div><div id=\"pg-4297-7\"  class=\"panel-grid\" ><div class=\"panel-grid-core\"><div id=\"pgc-4297-7-0\"  class=\"panel-grid-cell     \" ><div class=\"panel-widget-style\" ><h1><a href=\"https:\/\/www.tresmer.ch\/bestellungen-2\/\"><span style=\"font-size: 18pt;\">Kit de nettoyage<\/span><\/a><\/h1><\/div><div class=\"panel-widget-style\" ><p><img decoding=\"async\" src=\"https:\/\/www.tresmer.ch\/wp-content\/uploads\/2018\/06\/ECS-2.jpg\" alt=\"\" \/ ><\/p><\/div><div class=\"panel-widget-style\" ><p>Divers mat\u00e9riels de nettoyage pour votre \u00e9quipement.<\/p><\/div><div class=\"panel-widget-style\" style=\"text-align: left !important; padding-top: 0px !important; padding-bottom: 0px !important; padding-left: 0px !important; padding-right: 0px !important; margin-top: 0px !important; margin-bottom: 0px !important; margin-left: 0px !important; margin-right: 15px !important;\" ><div id=\"thinkupshortcodesthinkup_builder_calltoaction9\" class=\"thinkupshortcodesthinkup_builder_calltoaction9 sc-action\"><div class=\"sc-action-core\"><div class=\"action-message\"><div class=\"action-text\"><\/div><div class=\"action-teaser\"><\/div><\/div><div class=\"action-link\"><a class=\"themebutton\" href=\"https:\/\/www.tresmer.ch\/bestellungen-2\/\"current>Plus d'informations<\/a><\/div><div class=\"clearboth\"><\/div><\/div><\/div><\/div><div class=\"panel-widget-style\" ><div class=\"divider\"><\/div><\/div><\/div><div id=\"pgc-4297-7-1\"  class=\"panel-grid-cell     \" ><\/div><div id=\"pgc-4297-7-2\"  class=\"panel-grid-cell     \" ><div class=\"panel-widget-style\" ><h1><a href=\"https:\/\/www.tresmer.ch\/mieten\/\"><span style=\"font-size: 18pt;\">Locations &amp; occasions<\/span><\/a><\/h1><\/div><div class=\"panel-widget-style\" ><p><img decoding=\"async\" src=\"https:\/\/www.tresmer.ch\/wp-content\/uploads\/2018\/05\/SB-9_R1.jpg\" alt=\"\" \/ ><\/p><\/div><div class=\"panel-widget-style\" ><div>Locations de machines pour vos \u00e9v\u00e9nements et mat\u00e9riels d'occasions \u00e0 des prix int\u00e9ressants<\/div><\/div><div class=\"panel-widget-style\" style=\"text-align: left !important; padding-top: 0px !important; padding-bottom: 0px !important; padding-left: 0px !important; padding-right: 0px !important; margin-top: 0px !important; margin-bottom: 0px !important; margin-left: 0px !important; margin-right: 15px !important;\" ><div id=\"thinkupshortcodesthinkup_builder_calltoaction10\" class=\"thinkupshortcodesthinkup_builder_calltoaction10 sc-action\"><div class=\"sc-action-core\"><div class=\"action-message\"><div class=\"action-text\"><\/div><div class=\"action-teaser\"><\/div><\/div><div class=\"action-link\"><a class=\"themebutton\" href=\"https:\/\/www.tresmer.ch\/mieten\/\"current>Plus d'informations<\/a><\/div><div class=\"clearboth\"><\/div><\/div><\/div><\/div><div class=\"panel-widget-style\" ><div class=\"divider\"><\/div><\/div><\/div><div id=\"pgc-4297-7-3\"  class=\"panel-grid-cell     \" ><\/div><div id=\"pgc-4297-7-4\"  class=\"panel-grid-cell     \" ><\/div><\/div><\/div>","protected":false},"excerpt":{"rendered":"<p>TRESMER AG vous propose une gamme de produits s\u00e9lectionn\u00e9s avec soin. Les entreprises avec lesquelles nous collaborons font preuve d&rsquo;un niveau technologique \u00e9lev\u00e9 et d&rsquo;excellente qualit\u00e9, depuis de nombreuse ann\u00e9es. Notre large \u00e9ventail de marque, nous permet de vous proposer une s\u00e9lection de produits adapt\u00e9s \u00e0 vos besoins et \u00e0 vos exigences. La simplicit\u00e9 d&rsquo;utilisation&hellip;<\/p>\n<p class=\"more-link\"><a href=\"https:\/\/www.tresmer.ch\/fr\/produits-page-sauvegarde\/\" class=\"themebutton\">Read More<\/a><\/p>\n","protected":false},"author":4,"featured_media":0,"parent":0,"menu_order":0,"comment_status":"closed","ping_status":"closed","template":"","meta":{"_sitemap_exclude":false,"_sitemap_priority":"","_sitemap_frequency":"","footnotes":""},"categories":[],"tags":[],"class_list":["post-4297","page","type-page","status-publish","hentry"],"jetpack_sharing_enabled":true,"_links":{"self":[{"href":"https:\/\/www.tresmer.ch\/fr\/wp-json\/wp\/v2\/pages\/4297","targetHints":{"allow":["GET"]}}],"collection":[{"href":"https:\/\/www.tresmer.ch\/fr\/wp-json\/wp\/v2\/pages"}],"about":[{"href":"https:\/\/www.tresmer.ch\/fr\/wp-json\/wp\/v2\/types\/page"}],"author":[{"embeddable":true,"href":"https:\/\/www.tresmer.ch\/fr\/wp-json\/wp\/v2\/users\/4"}],"replies":[{"embeddable":true,"href":"https:\/\/www.tresmer.ch\/fr\/wp-json\/wp\/v2\/comments?post=4297"}],"version-history":[{"count":8,"href":"https:\/\/www.tresmer.ch\/fr\/wp-json\/wp\/v2\/pages\/4297\/revisions"}],"predecessor-version":[{"id":4368,"href":"https:\/\/www.tresmer.ch\/fr\/wp-json\/wp\/v2\/pages\/4297\/revisions\/4368"}],"wp:attachment":[{"href":"https:\/\/www.tresmer.ch\/fr\/wp-json\/wp\/v2\/media?parent=4297"}],"wp:term":[{"taxonomy":"category","embeddable":true,"href":"https:\/\/www.tresmer.ch\/fr\/wp-json\/wp\/v2\/categories?post=4297"},{"taxonomy":"post_tag","embeddable":true,"href":"https:\/\/www.tresmer.ch\/fr\/wp-json\/wp\/v2\/tags?post=4297"}],"curies":[{"name":"wp","href":"https:\/\/api.w.org\/{rel}","templated":true}]}}