{"id":4221,"date":"2020-07-27T17:08:55","date_gmt":"2020-07-27T15:08:55","guid":{"rendered":"http:\/\/www.tresmer.ch\/?page_id=4221"},"modified":"2026-04-29T11:05:36","modified_gmt":"2026-04-29T09:05:36","slug":"unser-standort","status":"publish","type":"page","link":"https:\/\/www.tresmer.ch\/fr\/unser-standort\/","title":{"rendered":"Nos emplacements"},"content":{"rendered":"<div id=\"pg-4221-0\"  class=\"panel-grid\" ><div class=\"panel-grid-core\"><div id=\"pgc-4221-0-0\"  class=\"panel-grid-cell \" ><div class=\"panel-widget-style\" ><h2>Si\u00e8ge Social - Showroom<\/h2><\/div><\/div><\/div><\/div><div id=\"pg-4221-1\"  class=\"panel-grid\" ><div class=\"panel-grid-core\"><div id=\"pgc-4221-1-0\"  class=\"panel-grid-cell \" ><div class=\"panel-widget-style\" ><div class=\"sc-gmap3\"><div class=\"gmap3\" data-wide=\"\" data-scrollwheel=\"on\"><div class=\"gmap3-scroll\" data-scrollwheel=\"on\"><\/div><iframe loading=\"lazy\" style=\"max-height: 400px;\" width=\"1800\" height=\"400\" frameborder=\"0\" scrolling=\"no\" marginheight=\"0\" marginwidth=\"0\" src=\"https:\/\/maps.google.com\/maps?f=q&source=s_q&hl=en&geocode=&q=Grindelstrasse+17,+8303+Bassersdorf&ie=UTF8&t=m&z=15&output=embed\"><\/iframe><\/div><\/div><\/div><\/div><div id=\"pgc-4221-1-1\"  class=\"panel-grid-cell \" ><div class=\"panel-widget-style\" ><p>8 minutes de l'a\u00e9roport et de la gare CFF (Flughafen ) ou<br \/>5 minutes de la gare CFF de Bassersdorf<\/p><blockquote><p>Depuis la gare de Bassersdorf ou l'a\u00e9roport de Zurich :<br \/><strong>Bus n\u00b0 765 ou n\u00b0 766<\/strong> -&gt; 10 minutes jusqu'\u00e0 l'arr\u00eat de bus <strong>Bassersdorf<\/strong>, situ\u00e9 entre le complexe sportif et nous.<\/p><\/blockquote><p>Nous nous ferons un plaisir de venir vous chercher \u00e0 la gare, sur rendez-vous t\u00e9l\u00e9phonique.<\/p><p>Bureau germanophone :\u00a0 \u00a0 \u00a0 \u00a0 \u00a0 \u00a0 \u00a0 \u00a0\u00a0<\/p><p>TRESMER AG\u00a0 \u00a0 \u00a0 \u00a0 \u00a0 \u00a0 \u00a0 \u00a0 \u00a0 \u00a0 \u00a0 \u00a0 \u00a0 \u00a0 \u00a0 \u00a0<br \/>Grindelstrasse 17\u00a0 \u00a0 \u00a0 \u00a0 \u00a0 \u00a0 \u00a0 \u00a0 \u00a0 \u00a0 \u00a0 \u00a0 \u00a0 \u00a0\u00a0<br \/>8303 Bassersdorf\u00a0 \u00a0 \u00a0 \u00a0 \u00a0 \u00a0 \u00a0 \u00a0 \u00a0 \u00a0 \u00a0 \u00a0 \u00a0 \u00a0<\/p><p>T <strong><a href=\"tel:+41449412112\">+41 44 941 21 12<\/a><\/strong><br \/>E-Mail <strong><a href=\"mailto:info@tresmer.ch\">info@tresmer.ch<\/a><\/strong><\/p><\/div><\/div><\/div><\/div><div id=\"pg-4221-2\"  class=\"panel-grid\" ><div class=\"panel-grid-core\"><div id=\"pgc-4221-2-0\"  class=\"panel-grid-cell \" ><div class=\"panel-widget-style\" ><div class=\"divider\"><\/div><\/div><\/div><\/div><\/div><div id=\"pg-4221-3\"  class=\"panel-grid\" ><div class=\"panel-grid-core\"><div id=\"pgc-4221-3-0\"  class=\"panel-grid-cell \" ><div class=\"panel-widget-style\" ><h2>Succursale romande<\/h2><\/div><\/div><\/div><\/div><div id=\"pg-4221-4\"  class=\"panel-grid\" ><div class=\"panel-grid-core\"><div id=\"pgc-4221-4-0\"  class=\"panel-grid-cell \" ><div class=\"panel-widget-style\" ><div class=\"sc-gmap3\"><div class=\"gmap3\" data-wide=\"\" data-scrollwheel=\"on\"><div class=\"gmap3-scroll\" data-scrollwheel=\"on\"><\/div><iframe loading=\"lazy\" style=\"max-height: 400px;\" width=\"1800\" height=\"400\" frameborder=\"0\" scrolling=\"no\" marginheight=\"0\" marginwidth=\"0\" src=\"https:\/\/maps.google.com\/maps?f=q&source=s_q&hl=en&geocode=&q=Rue+du+Borgeau+20,+1084+Carrouge&ie=UTF8&t=m&z=15&output=embed\"><\/iframe><\/div><\/div><\/div><\/div><div id=\"pgc-4221-4-1\"  class=\"panel-grid-cell \" ><div class=\"panel-widget-style\" ><p>Nous nous ferons un plaisir de venir vous chercher \u00e0 la gare, sur rendez-vous t\u00e9l\u00e9phonique.<\/p><p>Bureau francophone :<\/p><p>TRESMER AG<br \/>Rue du Borgeau 20<br \/>1084 Carrouge (VD)<\/p><div>T <strong><a href=\"tel:+41788300381\">+41 78 830 03 81<\/a><\/strong><br \/>E-Mail: <strong><a href=\"mailto:info@tresmer.ch\">info@tresmer.ch<\/a><\/strong><\/div><\/div><\/div><\/div><\/div>","protected":false},"excerpt":{"rendered":"<p>Si\u00e8ge Social &#8211; Showroom8 minutes de l&rsquo;a\u00e9roport et de la gare CFF (Flughafen ) ou5 minutes de la gare CFF de BassersdorfDepuis la gare de Bassersdorf ou l&rsquo;a\u00e9roport de Zurich :Bus n\u00b0 765 ou n\u00b0 766 -&gt; 10 minutes jusqu&rsquo;\u00e0 l&rsquo;arr\u00eat de bus Bassersdorf, situ\u00e9 entre le complexe sportif et nous.Nous nous ferons un plaisir&hellip;<\/p>\n<p class=\"more-link\"><a href=\"https:\/\/www.tresmer.ch\/fr\/unser-standort\/\" class=\"themebutton\">Read More<\/a><\/p>\n","protected":false},"author":2,"featured_media":0,"parent":0,"menu_order":0,"comment_status":"closed","ping_status":"closed","template":"","meta":{"_sitemap_exclude":false,"_sitemap_priority":"","_sitemap_frequency":"","footnotes":""},"categories":[],"tags":[],"class_list":["post-4221","page","type-page","status-publish","hentry"],"jetpack_sharing_enabled":true,"_links":{"self":[{"href":"https:\/\/www.tresmer.ch\/fr\/wp-json\/wp\/v2\/pages\/4221","targetHints":{"allow":["GET"]}}],"collection":[{"href":"https:\/\/www.tresmer.ch\/fr\/wp-json\/wp\/v2\/pages"}],"about":[{"href":"https:\/\/www.tresmer.ch\/fr\/wp-json\/wp\/v2\/types\/page"}],"author":[{"embeddable":true,"href":"https:\/\/www.tresmer.ch\/fr\/wp-json\/wp\/v2\/users\/2"}],"replies":[{"embeddable":true,"href":"https:\/\/www.tresmer.ch\/fr\/wp-json\/wp\/v2\/comments?post=4221"}],"version-history":[{"count":28,"href":"https:\/\/www.tresmer.ch\/fr\/wp-json\/wp\/v2\/pages\/4221\/revisions"}],"predecessor-version":[{"id":11484,"href":"https:\/\/www.tresmer.ch\/fr\/wp-json\/wp\/v2\/pages\/4221\/revisions\/11484"}],"wp:attachment":[{"href":"https:\/\/www.tresmer.ch\/fr\/wp-json\/wp\/v2\/media?parent=4221"}],"wp:term":[{"taxonomy":"category","embeddable":true,"href":"https:\/\/www.tresmer.ch\/fr\/wp-json\/wp\/v2\/categories?post=4221"},{"taxonomy":"post_tag","embeddable":true,"href":"https:\/\/www.tresmer.ch\/fr\/wp-json\/wp\/v2\/tags?post=4221"}],"curies":[{"name":"wp","href":"https:\/\/api.w.org\/{rel}","templated":true}]}}