{"id":4204,"date":"2020-07-27T12:02:55","date_gmt":"2020-07-27T10:02:55","guid":{"rendered":"http:\/\/www.tresmer.ch\/?page_id=4204"},"modified":"2022-12-08T16:12:05","modified_gmt":"2022-12-08T15:12:05","slug":"unsere-geschichte","status":"publish","type":"page","link":"https:\/\/www.tresmer.ch\/fr\/unsere-geschichte\/","title":{"rendered":"Notre histoire"},"content":{"rendered":"<div id=\"pg-4204-0\"  class=\"panel-grid\" ><div class=\"panel-grid-core\"><div id=\"pgc-4204-0-0\"  class=\"panel-grid-cell \" ><div class=\"panel-widget-style\" ><h1>Histoire<\/h1><div class=\"xperto_fliesstext\"><p><span style=\"color: #008000;\"><strong>1979<\/strong><\/span><\/p><p>Walter Denz fond la soci\u00e9t\u00e9 en 1979. Afin de rendre la partie Spark\u00e4sseli ind\u00e9pendante de la soci\u00e9t\u00e9 Ruf. Walter Denz a accept\u00e9 ce d\u00e9fi avec Samuel Vetterli comme vendeur.<\/p><p>Le nom TRESMER a \u00e9t\u00e9 choisi car un fournisseur de tirelires et d'alarme automatique en Finlande \u00e9tait tr\u00e8s proche de l'entreprise. Cette soci\u00e9t\u00e9 s'appelait et s'appelle toujours MK-Tresmer.<\/p><p><span style=\"color: #008000;\"><strong>1982<\/strong><\/span><br \/>Les premi\u00e8res exp\u00e9riences visent \u00e0 faciliter le comptage de l'argent liquide des tirelires. La premi\u00e8re machine \u00e0 compter les billets de banque, vendue par TRESMER, est la BILLCON fabriqu\u00e9e au Japon.<\/p><p><span style=\"color: #008000;\"><strong>1983 \u2013 1990<\/strong><\/span><br \/>Durant cette p\u00e9riode, plusieurs nouveaux fournisseurs se sont ajout\u00e9s. Dans le secteur du traitement des pi\u00e8ces, TRESMER propose des machines Prema et notamment la Perconta Sortovit pour le traitement industriel.<br \/>TRESMER introduit \u00e9galement un service technique, \u00e0 disposition des nombreux clients de l'industrie du traitement des pi\u00e8ces.<\/p><p><span style=\"color: #008000;\"><strong>1990 \u2013 2000<\/strong><\/span><br \/>Pendant cette p\u00e9riode, les changeurs de monnaie sont particuli\u00e8rement demand\u00e9s pour les studios de solarium.<\/p><p><span style=\"color: #008000;\"><strong>2004<\/strong><\/span><br \/>L'entreprise est vendue \u00e0 Ropeco, qui est une entreprise active dans le m\u00eame secteur mais pr\u00e9sente \u00e0 l'\u00e9tranger.<\/p><p><span style=\"color: #008000;\"><strong>2011<\/strong><\/span><br \/>Suite au d\u00e9part \u00e0 la retraite des propri\u00e9taires, une solution est recherch\u00e9e pour transf\u00e9rer l'entreprise dans des mains plus jeunes et tourn\u00e9es vers l'avenir.<\/p><p><span style=\"color: #008000;\"><strong>2012<\/strong><\/span><br \/>L'ensemble des actions est vendu \u00e0 Beat Schwarz. Le nouveau propri\u00e9taire commencera ses activit\u00e9s en tant que directeur g\u00e9n\u00e9ral le 1er janvier 2012. Des consultants et des techniciens commerciaux suppl\u00e9mentaires seront engag\u00e9s.<\/p><p><span style=\"color: #008000;\"><strong>2013<\/strong><\/span><br \/>L'entreprise \u00e9largit sa gamme de produits et ses ressources humaines.<\/p><p><span style=\"color: #008000;\"><strong>2015<\/strong><\/span><\/p><p>TRESMER lance un appareil d\u00e9velopp\u00e9 et produit en interne. En octobre 2015, apr\u00e8s une phase de d\u00e9veloppement et de test d'une ann\u00e9e, les premiers appareils du type Shuffle Board TSB-1000 sont disponible sur le march\u00e9. Ce dispositif permet de classer les billets de banque provenant des Safe Bags et des Free Fall Bags dans la bonne position afin qu'ils puissent ensuite \u00eatre ins\u00e9r\u00e9s dans les machines de tri et de comptage des billets.<\/p><p>Le nouveau bureau de Bassersdorf ouvre ses portes le 1er octobre 2015. Nous pouvons y produire le TSB-1000, nous disposons \u00e9galement d'un d\u00e9partement technique et l'espace d'une future salle d'exposition.<\/p><\/div><div class=\"xperto_fliesstext\"><p><span style=\"color: #008000;\"><strong>2018<\/strong><\/span><\/p><p>Cr\u00e9ation et d\u00e9marrage d'un secteur de d\u00e9veloppement avec une \u00e9quipe d'ing\u00e9nierie logicielle et mat\u00e9rielle.<br \/>Lancement des produits de LAUREL BANKING MACHINE<\/p><p><span style=\"color: #008000;\"><strong>2019<\/strong><\/span><\/p><div class=\"xperto_fliesstext\"><p>La machine de paiement TRESOMAT, un d\u00e9veloppement propri\u00e9taire de TRESMER, est lanc\u00e9e avec succ\u00e8s sur le march\u00e9.<\/p><p>Nous sommes autoris\u00e9s \u00e0 prendre en charge la repr\u00e9sentation officielle de CIMA(It) pour la Suisse.<br \/>Les produits de CIMA, leaders mondiaux dans le domaine des d\u00e9p\u00f4ts d'esp\u00e8ces et des recycleurs de billets et de pi\u00e8ces, sont officiellement inclus dans la gamme de produits de base de la vente et du service.<\/p><p>Nous ouvrons la premi\u00e8re salle de formation pour les clients et les employ\u00e9s pour les machines CIMA et d'autres appareils.<\/p><p>TRESMER ouvre sa premi\u00e8re succursale \u00e0 Oron, en Suisse romande.<\/p><p><span style=\"color: #008000;\"><strong>2020<\/strong><\/span><\/p><div class=\"xperto_fliesstext\"><p>Les distributeurs automatiques deviennent une tendance du marketing direct. Nous \u00e9largissons la gamme actuelle de MAGEX Italie par 4 autres mod\u00e8les.<br \/>Magex devient le principal fournisseur et partenaire strat\u00e9gique.<\/p><p>CIMA pr\u00e9sente les nouveaux distributeurs automatiques de billets et monnaie InLane pour le point de vente. L'acceptation et la distribution automatiques d'esp\u00e8ces deviennent une tendance au point de vente ou \u00e0 la caisse.<br \/>InLane peut \u00eatre facilement int\u00e9gr\u00e9 dans les syst\u00e8mes logiciels de caisse enregistreuse.<\/p><p><span style=\"color: #008000;\"><strong>2021<\/strong><\/span><\/p><p>Notre entreprise se d\u00e9veloppe r\u00e9guli\u00e8rement. Nous avons aujourd'hui une douzaine de techniciens de service dans toute la Suisse qui travaillent pour nos clients.<\/p><p>MAGEX c\u00e8de l'exclusivit\u00e9 du march\u00e9 suisse \u00e0 TRESMER AG pour ses produits.<\/p><p><span style=\"color: #008000;\"><strong>2022<\/strong><\/span><\/p><p>Le box \u00e0 emporter BoxMax fait son entr\u00e9e dans l'assortiment. Des casiers r\u00e9frig\u00e9r\u00e9s et non r\u00e9frig\u00e9r\u00e9s pour commander \u00e0 l'avance et retirer des produits. BoxMax peut \u00eatre raccord\u00e9 \u00e0 n'importe quel distributeur automatique.\u00a0<\/p><\/div><\/div><\/div><\/div><\/div><\/div><\/div>","protected":false},"excerpt":{"rendered":"<p>Histoire1979Walter Denz fond la soci\u00e9t\u00e9 en 1979. Afin de rendre la partie Spark\u00e4sseli ind\u00e9pendante de la soci\u00e9t\u00e9 Ruf. Walter Denz a accept\u00e9 ce d\u00e9fi avec Samuel Vetterli comme vendeur.Le nom TRESMER a \u00e9t\u00e9 choisi car un fournisseur de tirelires et d&rsquo;alarme automatique en Finlande \u00e9tait tr\u00e8s proche de l&rsquo;entreprise. Cette soci\u00e9t\u00e9 s&rsquo;appelait et s&rsquo;appelle toujours&hellip;<\/p>\n<p class=\"more-link\"><a href=\"https:\/\/www.tresmer.ch\/fr\/unsere-geschichte\/\" class=\"themebutton\">Read More<\/a><\/p>\n","protected":false},"author":4,"featured_media":0,"parent":0,"menu_order":0,"comment_status":"closed","ping_status":"closed","template":"","meta":{"_sitemap_exclude":false,"_sitemap_priority":"","_sitemap_frequency":"","footnotes":""},"categories":[],"tags":[],"class_list":["post-4204","page","type-page","status-publish","hentry"],"jetpack_sharing_enabled":true,"_links":{"self":[{"href":"https:\/\/www.tresmer.ch\/fr\/wp-json\/wp\/v2\/pages\/4204","targetHints":{"allow":["GET"]}}],"collection":[{"href":"https:\/\/www.tresmer.ch\/fr\/wp-json\/wp\/v2\/pages"}],"about":[{"href":"https:\/\/www.tresmer.ch\/fr\/wp-json\/wp\/v2\/types\/page"}],"author":[{"embeddable":true,"href":"https:\/\/www.tresmer.ch\/fr\/wp-json\/wp\/v2\/users\/4"}],"replies":[{"embeddable":true,"href":"https:\/\/www.tresmer.ch\/fr\/wp-json\/wp\/v2\/comments?post=4204"}],"version-history":[{"count":10,"href":"https:\/\/www.tresmer.ch\/fr\/wp-json\/wp\/v2\/pages\/4204\/revisions"}],"predecessor-version":[{"id":6915,"href":"https:\/\/www.tresmer.ch\/fr\/wp-json\/wp\/v2\/pages\/4204\/revisions\/6915"}],"wp:attachment":[{"href":"https:\/\/www.tresmer.ch\/fr\/wp-json\/wp\/v2\/media?parent=4204"}],"wp:term":[{"taxonomy":"category","embeddable":true,"href":"https:\/\/www.tresmer.ch\/fr\/wp-json\/wp\/v2\/categories?post=4204"},{"taxonomy":"post_tag","embeddable":true,"href":"https:\/\/www.tresmer.ch\/fr\/wp-json\/wp\/v2\/tags?post=4204"}],"curies":[{"name":"wp","href":"https:\/\/api.w.org\/{rel}","templated":true}]}}