{"id":4066,"date":"2020-07-17T14:26:33","date_gmt":"2020-07-17T12:26:33","guid":{"rendered":"http:\/\/www.tresmer.ch\/?page_id=4066"},"modified":"2024-07-23T14:09:51","modified_gmt":"2024-07-23T12:09:51","slug":"cima-inlane-300-table","status":"publish","type":"page","link":"https:\/\/www.tresmer.ch\/fr\/cima-inlane-300-table\/","title":{"rendered":"CIMA InLane 300 Table"},"content":{"rendered":"<div id=\"pg-4066-0\"  class=\"panel-grid\" ><div class=\"panel-grid-core\"><div id=\"pgc-4066-0-0\"  class=\"panel-grid-cell \" ><div class=\"panel-widget-style\" ><p>La solution CIMA InLane est un syst\u00e8me de paiement aux points de vente flexible avec recyclage des billets et des pi\u00e8ces.<\/p><\/div><\/div><\/div><\/div><div id=\"pg-4066-1\"  class=\"panel-grid\" ><div class=\"panel-grid-core\"><div id=\"pgc-4066-1-0\"  class=\"panel-grid-cell \" ><div class=\"panel-widget-style\" ><a href=\"https:\/\/www.tresmer.ch\/wp-content\/uploads\/2024\/07\/file2.webp\"><img decoding=\"async\" src=\"https:\/\/www.tresmer.ch\/wp-content\/uploads\/2024\/07\/file2.webp\" alt=\"\" \/ ><\/a><\/div><\/div><div id=\"pgc-4066-1-1\"  class=\"panel-grid-cell \" ><div class=\"panel-widget-style\" ><ul><li>Largeur 455 mm<\/li><li>Profondeur 685 mm<\/li><li>Hauteur 1025 mm<\/li><li>Poids 270 Kg<\/li><li>Vitesse d'encaissement 6 billets\/seconde<\/li><li>Capacit\u00e9 de billets empil\u00e9s par sacs empilables pouvant contenir jusqu'\u00e0 3000 billets<\/li><li>Capacit\u00e9 d'entr\u00e9e jusqu'\u00e0 50 billets<\/li><li>Capacit\u00e9 de sortie jusqu'\u00e0 15 billets<\/li><li>Capacit\u00e9 de recyclage pour les billets de 10\/20\/50 CHF : 120\/110\/100\u00a0<\/li><\/ul><\/div><\/div><\/div><\/div><div id=\"pg-4066-2\"  class=\"panel-grid\" ><div class=\"panel-grid-core\"><div id=\"pgc-4066-2-0\"  class=\"panel-grid-cell \" ><div class=\"panel-widget-style\" ><a href=\"https:\/\/www.tresmer.ch\/wp-content\/uploads\/2024\/07\/Flyer_FR_Tresmer_INLANE_A4.pdf\" id=\"thinkupshortcodesthinkup_builder_buttontheme\" class=\"button style1 themebutton small standard\">Plus d'informations<\/a><\/div><\/div><\/div><\/div>","protected":false},"excerpt":{"rendered":"<p>La solution CIMA InLane est un syst\u00e8me de paiement aux points de vente flexible avec recyclage des billets et des pi\u00e8ces.Largeur 455 mmProfondeur 685 mmHauteur 1025 mmPoids 270 KgVitesse d&rsquo;encaissement 6 billets\/secondeCapacit\u00e9 de billets empil\u00e9s par sacs empilables pouvant contenir jusqu&rsquo;\u00e0 3000 billetsCapacit\u00e9 d&rsquo;entr\u00e9e jusqu&rsquo;\u00e0 50 billetsCapacit\u00e9 de sortie jusqu&rsquo;\u00e0 15 billetsCapacit\u00e9 de recyclage pour&hellip;<\/p>\n<p class=\"more-link\"><a href=\"https:\/\/www.tresmer.ch\/fr\/cima-inlane-300-table\/\" class=\"themebutton\">Read More<\/a><\/p>\n","protected":false},"author":2,"featured_media":0,"parent":0,"menu_order":0,"comment_status":"closed","ping_status":"closed","template":"","meta":{"_sitemap_exclude":false,"_sitemap_priority":"","_sitemap_frequency":"","footnotes":""},"categories":[],"tags":[],"class_list":["post-4066","page","type-page","status-publish","hentry"],"jetpack_sharing_enabled":true,"_links":{"self":[{"href":"https:\/\/www.tresmer.ch\/fr\/wp-json\/wp\/v2\/pages\/4066","targetHints":{"allow":["GET"]}}],"collection":[{"href":"https:\/\/www.tresmer.ch\/fr\/wp-json\/wp\/v2\/pages"}],"about":[{"href":"https:\/\/www.tresmer.ch\/fr\/wp-json\/wp\/v2\/types\/page"}],"author":[{"embeddable":true,"href":"https:\/\/www.tresmer.ch\/fr\/wp-json\/wp\/v2\/users\/2"}],"replies":[{"embeddable":true,"href":"https:\/\/www.tresmer.ch\/fr\/wp-json\/wp\/v2\/comments?post=4066"}],"version-history":[{"count":33,"href":"https:\/\/www.tresmer.ch\/fr\/wp-json\/wp\/v2\/pages\/4066\/revisions"}],"predecessor-version":[{"id":9005,"href":"https:\/\/www.tresmer.ch\/fr\/wp-json\/wp\/v2\/pages\/4066\/revisions\/9005"}],"wp:attachment":[{"href":"https:\/\/www.tresmer.ch\/fr\/wp-json\/wp\/v2\/media?parent=4066"}],"wp:term":[{"taxonomy":"category","embeddable":true,"href":"https:\/\/www.tresmer.ch\/fr\/wp-json\/wp\/v2\/categories?post=4066"},{"taxonomy":"post_tag","embeddable":true,"href":"https:\/\/www.tresmer.ch\/fr\/wp-json\/wp\/v2\/tags?post=4066"}],"curies":[{"name":"wp","href":"https:\/\/api.w.org\/{rel}","templated":true}]}}