{"id":3938,"date":"2020-04-20T09:57:03","date_gmt":"2020-04-20T07:57:03","guid":{"rendered":"https:\/\/www.tresmer.ch\/entreprise\/"},"modified":"2020-04-20T10:06:00","modified_gmt":"2020-04-20T08:06:00","slug":"entreprise","status":"publish","type":"page","link":"https:\/\/www.tresmer.ch\/fr\/entreprise\/","title":{"rendered":"Entreprise"},"content":{"rendered":"<div id=\"pg-8-0\" class=\"panel-grid\">\n<div class=\"panel-grid-core\">\n<div id=\"pgc-8-0-0\" class=\"panel-grid-cell \" data-weight=\"1\">\n<div class=\"panel-widget-style\">\n<h1><strong>Qui sommes-nous<\/strong><\/h1>\n<p>La soci\u00e9t\u00e9 a \u00e9t\u00e9 fond\u00e9e en 1979 en tant que soci\u00e9t\u00e9 anonyme publique. Depuis sa cr\u00e9ation, Tresmer AG s\u2019est sp\u00e9cialis\u00e9e dans les produits pour le traitement de l\u2019argent. Produkte f\u00fcr die Geldverarbeitung \u00a0Au cours de ces ann\u00e9es, Tresmer AG a servi plus de 5000 clients, par exemple dans les domaines des banques, des transporteurs de valeur, des soci\u00e9t\u00e9s de transport, des distributeurs en gros, des grands magasins, des distributeurs, de la restauration, du commerce et des administrations municipales. Nos relations d\u2019affaires sont des partenariats dans le but de trouver et de mettre en \u0153uvre des processus optimis\u00e9s et rentables \u00e0 l\u2019aide d\u2019appareils.<\/p>\n<p>La qualit\u00e9 et la vitesse jouent un r\u00f4le majeur dans le traitement professionnel de l\u2019argent.<\/p>\n<p>Nous vous soutenons dans ces processus avec notre expertise. Les employ\u00e9s de longue date et comp\u00e9tents offrent une continuit\u00e9 et un service optimis\u00e9 pour le temps.<\/p>\n<p>V\u00e9rifiez nos relations d\u2019affaires du c\u00f4t\u00e9 client et fournisseur. Elles sont caract\u00e9ris\u00e9es par des principes d\u2019affaires et de partenariat.<\/p>\n<p>Une \u00e9quipe qui est heureuse de vous soutenir et de travailler pour vous.<\/p>\n<\/div>\n<\/div>\n<\/div>\n<\/div>\n","protected":false},"excerpt":{"rendered":"<p>Qui sommes-nous La soci\u00e9t\u00e9 a \u00e9t\u00e9 fond\u00e9e en 1979 en tant que soci\u00e9t\u00e9 anonyme publique. Depuis sa cr\u00e9ation, Tresmer AG s\u2019est sp\u00e9cialis\u00e9e dans les produits pour le traitement de l\u2019argent. Produkte f\u00fcr die Geldverarbeitung \u00a0Au cours de ces ann\u00e9es, Tresmer AG a servi plus de 5000 clients, par exemple dans les domaines des banques, des&hellip;<\/p>\n<p class=\"more-link\"><a href=\"https:\/\/www.tresmer.ch\/fr\/entreprise\/\" class=\"themebutton\">Read More<\/a><\/p>\n","protected":false},"author":1,"featured_media":0,"parent":0,"menu_order":0,"comment_status":"closed","ping_status":"closed","template":"","meta":{"_sitemap_exclude":false,"_sitemap_priority":"","_sitemap_frequency":"","footnotes":""},"categories":[],"tags":[],"class_list":["post-3938","page","type-page","status-publish","hentry"],"jetpack_sharing_enabled":true,"_links":{"self":[{"href":"https:\/\/www.tresmer.ch\/fr\/wp-json\/wp\/v2\/pages\/3938","targetHints":{"allow":["GET"]}}],"collection":[{"href":"https:\/\/www.tresmer.ch\/fr\/wp-json\/wp\/v2\/pages"}],"about":[{"href":"https:\/\/www.tresmer.ch\/fr\/wp-json\/wp\/v2\/types\/page"}],"author":[{"embeddable":true,"href":"https:\/\/www.tresmer.ch\/fr\/wp-json\/wp\/v2\/users\/1"}],"replies":[{"embeddable":true,"href":"https:\/\/www.tresmer.ch\/fr\/wp-json\/wp\/v2\/comments?post=3938"}],"version-history":[{"count":1,"href":"https:\/\/www.tresmer.ch\/fr\/wp-json\/wp\/v2\/pages\/3938\/revisions"}],"predecessor-version":[{"id":3941,"href":"https:\/\/www.tresmer.ch\/fr\/wp-json\/wp\/v2\/pages\/3938\/revisions\/3941"}],"wp:attachment":[{"href":"https:\/\/www.tresmer.ch\/fr\/wp-json\/wp\/v2\/media?parent=3938"}],"wp:term":[{"taxonomy":"category","embeddable":true,"href":"https:\/\/www.tresmer.ch\/fr\/wp-json\/wp\/v2\/categories?post=3938"},{"taxonomy":"post_tag","embeddable":true,"href":"https:\/\/www.tresmer.ch\/fr\/wp-json\/wp\/v2\/tags?post=3938"}],"curies":[{"name":"wp","href":"https:\/\/api.w.org\/{rel}","templated":true}]}}