{"id":10801,"date":"2025-01-07T10:07:10","date_gmt":"2025-01-07T09:07:10","guid":{"rendered":"https:\/\/www.tresmer.ch\/?page_id=10801"},"modified":"2025-01-22T11:27:35","modified_gmt":"2025-01-22T10:27:35","slug":"cima-inlane-300-depo-plus","status":"publish","type":"page","link":"https:\/\/www.tresmer.ch\/fr\/cima-inlane-300-depo-plus\/","title":{"rendered":"CIMA InLane"},"content":{"rendered":"<div id=\"pg-10801-0\"  class=\"panel-grid\" ><div class=\"panel-grid-core\"><div id=\"pgc-10801-0-0\"  class=\"panel-grid-cell  \" ><div class=\"panel-widget-style\" ><h2 style=\"font-style: normal;\"><span>CIMA InLane POS Automate de paiement avec recyclage<\/span><\/h2><\/div><div class=\"panel-widget-style\" ><h1 style=\"font-style: normal;\"><span>Paiement automatique en esp\u00e8ces au point de vente avec int\u00e9gration du syst\u00e8me<\/span><\/h1><\/div><\/div><\/div><\/div><div id=\"pg-10801-1\"  class=\"panel-grid\" ><div class=\"panel-grid-core\"><div id=\"pgc-10801-1-0\"  class=\"panel-grid-cell \" ><div class=\"panel-widget-style\" ><h2>INLANE300 DEPO PLUS<br \/>Recycleur d'esp\u00e8ces back-office ultra-compact<\/h2><p>INLANE 300 DEPO PLUS est une solution ultracompacte pour le recyclage des billets et des pi\u00e8ces, sp\u00e9cialement con\u00e7ue pour les petits commerces de d\u00e9tail tels que les magasins de proximit\u00e9 et les restaurants rapides (QSR). Dans le pass\u00e9, ces magasins ne pouvaient utiliser que des coffres-forts intelligents, qui \u00e9taient de simples distributeurs automatiques de billets. Cela signifiait qu'ils devaient g\u00e9rer manuellement l'argent liquide pour la pr\u00e9paration de la caisse et la monnaie. Avec l'INLANE 300 DEPO PLUS, ces d\u00e9taillants et tous ceux pour qui l'espace repr\u00e9sente un d\u00e9fi peuvent d\u00e9sormais profiter des avantages d'un recyclage complet de l'argent liquide. Cela inclut une pr\u00e9cision accrue, un gain de temps, une s\u00e9curit\u00e9 renforc\u00e9e, une meilleure responsabilit\u00e9 et une meilleure visibilit\u00e9 des transactions en esp\u00e8ces. L'INLANE 300 DEPO PLUS est \u00e9quip\u00e9e de la propre technologie innovante de CIMA pour le traitement des esp\u00e8ces, comme par exemple un v\u00e9rificateur de billets, une toute nouvelle technologie de tri des pi\u00e8ces et une technologie unique de sac d'empilage \u00e0 fermeture automatique pour les d\u00e9bordements.<\/p><\/div><\/div><\/div><\/div><div id=\"pg-10801-2\"  class=\"panel-grid\" ><div class=\"panel-grid-core\"><div id=\"pgc-10801-2-0\"  class=\"panel-grid-cell \" ><div class=\"panel-widget-style\" ><p>Caract\u00e9ristiques et avantages:<\/p><ul><li>Encombrement compact - peut \u00eatre plac\u00e9 dans un petit back-office ou sous le guichet du point de vente (face au caissier).<\/li><li>Fonctionnalit\u00e9 de recyclage de la tr\u00e9sorerie - permet le d\u00e9p\u00f4t et la distribution de billets et de pi\u00e8ces.<\/li><li>Processus de sortie de caisse\/float rapide et simple<\/li><li>Acc\u00e8s \u00e0 la monnaie en fonction des besoins en cas de besoin<\/li><li>Les fonds exc\u00e9dentaires peuvent \u00eatre d\u00e9pos\u00e9s \u00e0 tout moment<\/li><li>Tra\u00e7abilit\u00e9 et visibilit\u00e9 compl\u00e8tes des transactions<\/li><li>La poche d'empilage auto-scell\u00e9e dans le coffre-fort \u00e0 d\u00e9bordement rend les cassettes et le d\u00e9sencaissement sur place superflus<\/li><li>Enti\u00e8rement compatible avec CAOS, le principal logiciel d'application sur appareil de CIMA<\/li><li>Enti\u00e8rement compatible avec C-Link, la plateforme flexible de CIMA bas\u00e9e sur le cloud pour la surveillance des appareils, les rapports et les analyses<\/li><\/ul><\/div><\/div><\/div><\/div><div id=\"pg-10801-3\"  class=\"panel-grid\" ><div class=\"panel-grid-core\"><div id=\"pgc-10801-3-0\"  class=\"panel-grid-cell\" ><\/div><div id=\"pgc-10801-3-1\"  class=\"panel-grid-cell\" ><div class=\"panel-widget-style\" ><div id=\"thinkupshortcodesthinkup_builder_calltoaction\" class=\"thinkupshortcodesthinkup_builder_calltoaction sc-action\"><div class=\"sc-action-core\"><div class=\"action-message\"><div class=\"action-text\"><\/div><div class=\"action-teaser\"><\/div><\/div><div class=\"action-link\"><a class=\"themebutton\" href=\"https:\/\/www.tresmer.ch\/wp-content\/uploads\/2024\/11\/Flyer_FR_Depot-Plus_A4.pdf\"current>Fiche techique<\/a><\/div><div class=\"clearboth\"><\/div><\/div><\/div><\/div><\/div><div id=\"pgc-10801-3-2\"  class=\"panel-grid-cell\" ><\/div><\/div><\/div><div id=\"pg-10801-4\"  class=\"panel-grid\" ><div class=\"panel-grid-core\"><div id=\"pgc-10801-4-0\"  class=\"panel-grid-cell \" ><div class=\"panel-widget-style\" ><div class=\"margin30\"><\/div><\/div><\/div><\/div><\/div><div id=\"pg-10801-5\"  class=\"panel-grid\" ><div class=\"panel-grid-core\"><div id=\"pgc-10801-5-0\"  class=\"panel-grid-cell   \" ><div class=\"panel-widget-style\" ><div class=\"sc-lightbox image\"><span><img decoding=\"async\" class=\"lightbox\" src=\"https:\/\/www.tresmer.ch\/wp-content\/uploads\/2025\/01\/Inlane-300-Depo-Plus_2-1-300x271.jpg\"><\/span><div class=\"image-overlay style2\"><div class=\"image-overlay-inner\"><div class=\"hover-icons\"><a class=\"hover-zoom prettyPhoto\" href=\"https:\/\/www.tresmer.ch\/wp-content\/uploads\/2025\/01\/Inlane-300-Depo-Plus_2-1-scaled.jpg\"><\/a><\/div><\/div><\/div><\/div><\/div><div class=\"panel-widget-style\" ><div class=\"margin20\"><\/div><\/div><div class=\"panel-widget-style\" ><div class=\"sc-lightbox image\"><span><img decoding=\"async\" class=\"lightbox\" src=\"https:\/\/www.tresmer.ch\/wp-content\/uploads\/2025\/01\/Inlane-300-Depo-Plus_3-1-231x300.jpg\"><\/span><div class=\"image-overlay style2\"><div class=\"image-overlay-inner\"><div class=\"hover-icons\"><a class=\"hover-zoom prettyPhoto\" href=\"https:\/\/www.tresmer.ch\/wp-content\/uploads\/2025\/01\/Inlane-300-Depo-Plus_3-1-scaled.jpg\"><\/a><\/div><\/div><\/div><\/div><\/div><\/div><div id=\"pgc-10801-5-1\"  class=\"panel-grid-cell   \" ><div class=\"panel-widget-style\" ><div class=\"sc-lightbox image\"><span><img decoding=\"async\" class=\"lightbox\" src=\"https:\/\/www.tresmer.ch\/wp-content\/uploads\/2025\/01\/Inlane-300-Depo-Plus_5-1-300x300.png\"><\/span><div class=\"image-overlay style2\"><div class=\"image-overlay-inner\"><div class=\"hover-icons\"><a class=\"hover-zoom prettyPhoto\" href=\"https:\/\/www.tresmer.ch\/wp-content\/uploads\/2025\/01\/Inlane-300-Depo-Plus_5-1.png\"><\/a><\/div><\/div><\/div><\/div><\/div><div class=\"panel-widget-style\" ><div class=\"sc-lightbox image\"><span><img decoding=\"async\" class=\"lightbox\" src=\"https:\/\/www.tresmer.ch\/wp-content\/uploads\/2025\/01\/Migros-Nuerensdorf_2-1-225x300.jpg\"><\/span><div class=\"image-overlay style2\"><div class=\"image-overlay-inner\"><div class=\"hover-icons\"><a class=\"hover-zoom prettyPhoto\" href=\"https:\/\/www.tresmer.ch\/wp-content\/uploads\/2025\/01\/Migros-Nuerensdorf_2-1.jpg\"><\/a><\/div><\/div><\/div><\/div><\/div><\/div><\/div><\/div><div id=\"pg-10801-6\"  class=\"panel-grid\" ><div class=\"panel-grid-core\"><div id=\"pgc-10801-6-0\"  class=\"panel-grid-cell\" ><\/div><div id=\"pgc-10801-6-1\"  class=\"panel-grid-cell\" ><div class=\"panel-widget-style\" ><div class=\"sc-lightbox image\"><span><img decoding=\"async\" class=\"lightbox\" src=\"https:\/\/www.tresmer.ch\/wp-content\/uploads\/2025\/01\/Inlane-300-Depo-Plus_10-1-300x300.png\"><\/span><div class=\"image-overlay style2\"><div class=\"image-overlay-inner\"><div class=\"hover-icons\"><a class=\"hover-zoom prettyPhoto\" href=\"https:\/\/www.tresmer.ch\/wp-content\/uploads\/2025\/01\/Inlane-300-Depo-Plus_10-1.png\"><\/a><\/div><\/div><\/div><\/div><\/div><\/div><div id=\"pgc-10801-6-2\"  class=\"panel-grid-cell\" ><\/div><\/div><\/div><div id=\"pg-10801-7\"  class=\"panel-grid\" ><div class=\"panel-grid-core\"><div id=\"pgc-10801-7-0\"  class=\"panel-grid-cell \" ><div class=\"panel-widget-style\" ><div class=\"divider\"><\/div><\/div><\/div><\/div><\/div>","protected":false},"excerpt":{"rendered":"<p>CIMA InLane POS Automate de paiement avec recyclagePaiement automatique en esp\u00e8ces au point de vente avec int\u00e9gration du syst\u00e8meINLANE300 DEPO PLUSRecycleur d&rsquo;esp\u00e8ces back-office ultra-compactINLANE 300 DEPO PLUS est une solution ultracompacte pour le recyclage des billets et des pi\u00e8ces, sp\u00e9cialement con\u00e7ue pour les petits commerces de d\u00e9tail tels que les magasins de proximit\u00e9 et les&hellip;<\/p>\n<p class=\"more-link\"><a href=\"https:\/\/www.tresmer.ch\/fr\/cima-inlane-300-depo-plus\/\" class=\"themebutton\">Read More<\/a><\/p>\n","protected":false},"author":6,"featured_media":0,"parent":0,"menu_order":0,"comment_status":"closed","ping_status":"closed","template":"","meta":{"_sitemap_exclude":false,"_sitemap_priority":"","_sitemap_frequency":"","footnotes":""},"categories":[],"tags":[],"class_list":["post-10801","page","type-page","status-publish","hentry"],"jetpack_sharing_enabled":true,"_links":{"self":[{"href":"https:\/\/www.tresmer.ch\/fr\/wp-json\/wp\/v2\/pages\/10801","targetHints":{"allow":["GET"]}}],"collection":[{"href":"https:\/\/www.tresmer.ch\/fr\/wp-json\/wp\/v2\/pages"}],"about":[{"href":"https:\/\/www.tresmer.ch\/fr\/wp-json\/wp\/v2\/types\/page"}],"author":[{"embeddable":true,"href":"https:\/\/www.tresmer.ch\/fr\/wp-json\/wp\/v2\/users\/6"}],"replies":[{"embeddable":true,"href":"https:\/\/www.tresmer.ch\/fr\/wp-json\/wp\/v2\/comments?post=10801"}],"version-history":[{"count":9,"href":"https:\/\/www.tresmer.ch\/fr\/wp-json\/wp\/v2\/pages\/10801\/revisions"}],"predecessor-version":[{"id":11087,"href":"https:\/\/www.tresmer.ch\/fr\/wp-json\/wp\/v2\/pages\/10801\/revisions\/11087"}],"wp:attachment":[{"href":"https:\/\/www.tresmer.ch\/fr\/wp-json\/wp\/v2\/media?parent=10801"}],"wp:term":[{"taxonomy":"category","embeddable":true,"href":"https:\/\/www.tresmer.ch\/fr\/wp-json\/wp\/v2\/categories?post=10801"},{"taxonomy":"post_tag","embeddable":true,"href":"https:\/\/www.tresmer.ch\/fr\/wp-json\/wp\/v2\/tags?post=10801"}],"curies":[{"name":"wp","href":"https:\/\/api.w.org\/{rel}","templated":true}]}}