{"id":10778,"date":"2025-01-07T09:13:31","date_gmt":"2025-01-07T08:13:31","guid":{"rendered":"https:\/\/www.tresmer.ch\/?page_id=10778"},"modified":"2025-01-22T11:22:31","modified_gmt":"2025-01-22T10:22:31","slug":"cima-inlane-300-depo","status":"publish","type":"page","link":"https:\/\/www.tresmer.ch\/fr\/cima-inlane-300-depo\/","title":{"rendered":"CIMA InLane 300 Depo"},"content":{"rendered":"<div id=\"pg-10778-0\"  class=\"panel-grid\" ><div class=\"panel-grid-core\"><div id=\"pgc-10778-0-0\"  class=\"panel-grid-cell  \" ><div class=\"panel-widget-style\" ><h2 style=\"font-style: normal;\"><span>CIMA InLane POS Automate de paiement avec recyclage<\/span><\/h2><\/div><div class=\"panel-widget-style\" ><h1 style=\"font-style: normal;\"><span>Paiement automatique en esp\u00e8ces au point de vente avec int\u00e9gration du syst\u00e8me<\/span><\/h1><\/div><\/div><\/div><\/div><div id=\"pg-10778-1\"  class=\"panel-grid\" ><div class=\"panel-grid-core\"><div id=\"pgc-10778-1-0\"  class=\"panel-grid-cell \" ><div class=\"panel-widget-style\" ><h1>INLANE 300 DEPO : Solution front office<\/h1><p>lnLane est une solution CIMA pour les caisses frontales automatis\u00e9es. Cette ligne modulaire a un design compact et \u00e9l\u00e9gant et se compose de InLane 300, InLane 300 DEPO et InLane Kiosk.<\/p><p>InLane 300 DEPO accepte, v\u00e9rifie et stocke les billets et les pi\u00e8ces en un temps record. Il dispose de 3 RSM pouvant contenir chacun jusqu'\u00e0 100 billets, de 8 bacs \u00e0 pi\u00e8ces et d'une cassette de d\u00e9bordement pouvant contenir jusqu'\u00e0 350 billets.<br \/>lnLane300 DEPO combine les fonctions de l'InLane300 avec un coffre-fort de 8 mm qui permet de stocker 1500 billets suppl\u00e9mentaires dans un sac dans le coffre-fort de l'appareil et jusqu'\u00e0 18 kg de pi\u00e8ces dans un deuxi\u00e8me sac. Les deux sacs peuvent \u00eatre r\u00e9cup\u00e9r\u00e9s par le convoyeur de fonds. Gr\u00e2ce \u00e0 sa grande capacit\u00e9 de stockage, l'appareil s'adapte \u00e0 toutes les exigences du march\u00e9, des petits commerces aux supermarch\u00e9s et hypermarch\u00e9s.<br \/>lnLane300 DEPO peut \u00eatre connect\u00e9 par logiciel aux appareils de back-office de CIMA.<\/p><\/div><\/div><\/div><\/div><div id=\"pg-10778-2\"  class=\"panel-grid\" ><div class=\"panel-grid-core\"><div id=\"pgc-10778-2-0\"  class=\"panel-grid-cell\" ><\/div><div id=\"pgc-10778-2-1\"  class=\"panel-grid-cell\" ><div class=\"panel-widget-style\" ><div id=\"thinkupshortcodesthinkup_builder_calltoaction\" class=\"thinkupshortcodesthinkup_builder_calltoaction sc-action\"><div class=\"sc-action-core\"><div class=\"action-message\"><div class=\"action-text\"><\/div><div class=\"action-teaser\"><\/div><\/div><div class=\"action-link\"><a class=\"themebutton\" href=\"https:\/\/www.tresmer.ch\/wp-content\/uploads\/2024\/11\/Flyer_FR_Tresmer_INLANE_A4.pdf\"current>Fiche technique<\/a><\/div><div class=\"clearboth\"><\/div><\/div><\/div><\/div><\/div><div id=\"pgc-10778-2-2\"  class=\"panel-grid-cell\" ><\/div><\/div><\/div><div id=\"pg-10778-3\"  class=\"panel-grid\" ><div class=\"panel-grid-core\"><div id=\"pgc-10778-3-0\"  class=\"panel-grid-cell  \" ><div class=\"panel-widget-style\" ><div class=\"margin30\"><\/div><\/div><div class=\"panel-widget-style\" ><a href=\"https:\/\/www.tresmer.ch\/wp-content\/uploads\/2025\/01\/Inlane-300-Depo_7-1.jpg\"><img decoding=\"async\" src=\"https:\/\/www.tresmer.ch\/wp-content\/uploads\/2025\/01\/Inlane-300-Depo_7-1.jpg\" alt=\"\" \/ ><\/a><\/div><\/div><\/div><\/div><div id=\"pg-10778-4\"  class=\"panel-grid\" ><div class=\"panel-grid-core\"><div id=\"pgc-10778-4-0\"  class=\"panel-grid-cell  \" ><div class=\"panel-widget-style\" ><div class=\"sc-lightbox image\"><span><img decoding=\"async\" class=\"lightbox\" src=\"https:\/\/www.tresmer.ch\/wp-content\/uploads\/2025\/01\/IMG_8993-bearbeitet-1-169x300.jpg\"><\/span><div class=\"image-overlay style2\"><div class=\"image-overlay-inner\"><div class=\"hover-icons\"><a class=\"hover-zoom prettyPhoto\" href=\"https:\/\/www.tresmer.ch\/wp-content\/uploads\/2025\/01\/IMG_8993-bearbeitet-1.jpg\"><\/a><\/div><\/div><\/div><\/div><\/div><div class=\"panel-widget-style\" ><div class=\"sc-lightbox image\"><span><img decoding=\"async\" class=\"lightbox\" src=\"https:\/\/www.tresmer.ch\/wp-content\/uploads\/2025\/01\/InLane-300-Depo-mit-Moebel-1-225x300.jpg\"><\/span><div class=\"image-overlay style2\"><div class=\"image-overlay-inner\"><div class=\"hover-icons\"><a class=\"hover-zoom prettyPhoto\" href=\"https:\/\/www.tresmer.ch\/wp-content\/uploads\/2025\/01\/InLane-300-Depo-mit-Moebel-1.jpg\"><\/a><\/div><\/div><\/div><\/div><\/div><\/div><div id=\"pgc-10778-4-1\"  class=\"panel-grid-cell  \" ><div class=\"panel-widget-style\" ><div class=\"sc-lightbox image\"><span><img decoding=\"async\" class=\"lightbox\" src=\"https:\/\/www.tresmer.ch\/wp-content\/uploads\/2025\/01\/IMG_8992-bearbeitet-1-169x300.jpg\"><\/span><div class=\"image-overlay style2\"><div class=\"image-overlay-inner\"><div class=\"hover-icons\"><a class=\"hover-zoom prettyPhoto\" href=\"https:\/\/www.tresmer.ch\/wp-content\/uploads\/2025\/01\/IMG_8992-bearbeitet-1.jpg\"><\/a><\/div><\/div><\/div><\/div><\/div><div class=\"panel-widget-style\" ><div class=\"margin30\"><\/div><\/div><div class=\"panel-widget-style\" ><div class=\"sc-lightbox image\"><span><img decoding=\"async\" class=\"lightbox\" src=\"https:\/\/www.tresmer.ch\/wp-content\/uploads\/2025\/01\/InLane-300-Depo_9-e1736237528750-275x300.png\"><\/span><div class=\"image-overlay style2\"><div class=\"image-overlay-inner\"><div class=\"hover-icons\"><a class=\"hover-zoom prettyPhoto\" href=\"https:\/\/www.tresmer.ch\/wp-content\/uploads\/2025\/01\/InLane-300-Depo_9-e1736237528750.png\"><\/a><\/div><\/div><\/div><\/div><\/div><\/div><\/div><\/div><div id=\"pg-10778-5\"  class=\"panel-grid\" ><div class=\"panel-grid-core\"><div id=\"pgc-10778-5-0\"  class=\"panel-grid-cell \" ><div class=\"panel-widget-style\" ><div class=\"divider\"><\/div><\/div><\/div><\/div><\/div>","protected":false},"excerpt":{"rendered":"<p>CIMA InLane POS Automate de paiement avec recyclagePaiement automatique en esp\u00e8ces au point de vente avec int\u00e9gration du syst\u00e8meINLANE 300 DEPO : Solution front officelnLane est une solution CIMA pour les caisses frontales automatis\u00e9es. Cette ligne modulaire a un design compact et \u00e9l\u00e9gant et se compose de InLane 300, InLane 300 DEPO et InLane Kiosk.InLane&hellip;<\/p>\n<p class=\"more-link\"><a href=\"https:\/\/www.tresmer.ch\/fr\/cima-inlane-300-depo\/\" class=\"themebutton\">Read More<\/a><\/p>\n","protected":false},"author":6,"featured_media":0,"parent":0,"menu_order":0,"comment_status":"closed","ping_status":"closed","template":"","meta":{"_sitemap_exclude":false,"_sitemap_priority":"","_sitemap_frequency":"","footnotes":""},"categories":[],"tags":[],"class_list":["post-10778","page","type-page","status-publish","hentry"],"jetpack_sharing_enabled":true,"_links":{"self":[{"href":"https:\/\/www.tresmer.ch\/fr\/wp-json\/wp\/v2\/pages\/10778","targetHints":{"allow":["GET"]}}],"collection":[{"href":"https:\/\/www.tresmer.ch\/fr\/wp-json\/wp\/v2\/pages"}],"about":[{"href":"https:\/\/www.tresmer.ch\/fr\/wp-json\/wp\/v2\/types\/page"}],"author":[{"embeddable":true,"href":"https:\/\/www.tresmer.ch\/fr\/wp-json\/wp\/v2\/users\/6"}],"replies":[{"embeddable":true,"href":"https:\/\/www.tresmer.ch\/fr\/wp-json\/wp\/v2\/comments?post=10778"}],"version-history":[{"count":12,"href":"https:\/\/www.tresmer.ch\/fr\/wp-json\/wp\/v2\/pages\/10778\/revisions"}],"predecessor-version":[{"id":11083,"href":"https:\/\/www.tresmer.ch\/fr\/wp-json\/wp\/v2\/pages\/10778\/revisions\/11083"}],"wp:attachment":[{"href":"https:\/\/www.tresmer.ch\/fr\/wp-json\/wp\/v2\/media?parent=10778"}],"wp:term":[{"taxonomy":"category","embeddable":true,"href":"https:\/\/www.tresmer.ch\/fr\/wp-json\/wp\/v2\/categories?post=10778"},{"taxonomy":"post_tag","embeddable":true,"href":"https:\/\/www.tresmer.ch\/fr\/wp-json\/wp\/v2\/tags?post=10778"}],"curies":[{"name":"wp","href":"https:\/\/api.w.org\/{rel}","templated":true}]}}