{"id":10538,"date":"2018-07-11T11:45:48","date_gmt":"2018-07-11T09:45:48","guid":{"rendered":"https:\/\/www.tresmer.ch\/billcon-ep-100\/"},"modified":"2025-10-29T15:43:10","modified_gmt":"2025-10-29T14:43:10","slug":"trieuse-de-billets-ep-100-2","status":"publish","type":"page","link":"https:\/\/www.tresmer.ch\/fr\/trieuse-de-billets-ep-100-2\/","title":{"rendered":"Trieuse de billets EP-100"},"content":{"rendered":"<div id=\"pg-10538-0\"  class=\"panel-grid\" ><div class=\"panel-grid-core\"><div id=\"pgc-10538-0-0\"  class=\"panel-grid-cell    \" ><div class=\"panel-widget-style\" ><h1>Billcon EP-100<\/h1><h1 class=\"page-title\">Trieuse de billets avec compartiment de rejet<\/h1><hr \/><p>L'EP-100 est une machine \u00e0 compter les billets compacte et puissante.<\/p><p>Elle n'occupe que tr\u00e8s peu de place et convient aux zones de caisses, de comptoirs ainsi qu'aux petits postes de travail \u00e0 espace limit\u00e9. Sa conception simple et intuitive permet un large \u00e9ventail de possibilit\u00e9s d'utilisation; pour les banques, les caisses, les centres de paiement, les casinos et les bureaux de change.<\/p><\/div><div class=\"panel-widget-style\" ><a href=\"https:\/\/www.tresmer.ch\/wp-content\/uploads\/2018\/05\/ep100_03.webp\"><img decoding=\"async\" src=\"https:\/\/www.tresmer.ch\/wp-content\/uploads\/2018\/05\/ep100_03.webp\" alt=\"\" \/ ><\/a><\/div><div class=\"panel-widget-style\" >\r\n\t<div class=\"tabs style1\">\r\n\r\n\t\t<div id=\"thinkupshortcodesthinkup_builder_tabs\" class=\"tab-buttons tab-buttons-left\">\r\n\t\t<ul class=\"nav nav-tabs\">\r\n\t\t\r\n\t\t\t\t\r\n\t\t\r\n\t\t<li class=\"active\"><a href=\"#thinkupshortcodesthinkup_builder_tabs-0\" data-toggle=\"tab\">Caract\u00e9ristiques<\/a><\/li>\r\n\r\n\t\t\r\n\t\t\t\t\r\n\t\t\r\n\t\t<li><a href=\"#thinkupshortcodesthinkup_builder_tabs-1\" data-toggle=\"tab\">Donn\u00e9es techniques<\/a><\/li>\r\n\r\n\t\t\r\n\t\t\t\t\r\n\t\t<\/ul><div class=\"clearboth\"><\/div>\r\n\t\t<\/div>\r\n\t\r\n\t\t\t\r\n\t\t<div class=\"tab-content\">\r\n\t\t\r\n\t\t\t\t\t\r\n\t\t\r\n\t\t<div class=\"tab-pane fade  active in\" id=\"thinkupshortcodesthinkup_builder_tabs-0\">\u2022\tMachine \u00e0 2 poches <br> - Silencieuse, propre, s\u00fbre, fiable, ergonomique !<br>\n\u2022\tD\u00e9tection et comptage de devises m\u00e9lang\u00e9es<br>\n\u2022\tComptage continu sans arr\u00eats<br>\n\u2022\tClassement par lieu\/alignement et d\u00e9nomination<br>\n\u2022\tAuthentification UV, IR, MG et reconnaissance d'images recto-verso<br>\n\u2022\tContr\u00f4le de la taille et de l'\u00e9paisseur du billet<br>\n\u2022\tAuthentification selon les normes de la BCE<br><\/div>\r\n\r\n\t\t\r\n\t\t\t\t\t\r\n\t\t\r\n\t\t<div class=\"tab-pane fade\" id=\"thinkupshortcodesthinkup_builder_tabs-1\"> \u2022 Dimensions : L x P x H : 286 x 250 x 305 mm <br>\n \u2022 Vitesse de traitement : jusqu'\u00e0 1000 billet\/minute <br>\n \u2022 Poids : environ 7.6 kg<\/div>\r\n\r\n\t\t\r\n\t\t\r\n\t\t\r\n\t\t<\/div>\r\n\r\n\t<\/div><\/div><div class=\"panel-widget-style\" ><a href=\"https:\/\/www.tresmer.ch\/wp-content\/uploads\/2025\/10\/EP-100_2024_FR_Version-1.1.pdf\" id=\"thinkupshortcodesthinkup_builder_buttontheme\" class=\"button style1 themebutton large standard\">Fiche technique<\/a><\/div><\/div><\/div><\/div>","protected":false},"excerpt":{"rendered":"<p>Billcon EP-100Trieuse de billets avec compartiment de rejetL&rsquo;EP-100 est une machine \u00e0 compter les billets compacte et puissante.Elle n&rsquo;occupe que tr\u00e8s peu de place et convient aux zones de caisses, de comptoirs ainsi qu&rsquo;aux petits postes de travail \u00e0 espace limit\u00e9. Sa conception simple et intuitive permet un large \u00e9ventail de possibilit\u00e9s d&rsquo;utilisation; pour les&hellip;<\/p>\n<p class=\"more-link\"><a href=\"https:\/\/www.tresmer.ch\/fr\/trieuse-de-billets-ep-100-2\/\" class=\"themebutton\">Read More<\/a><\/p>\n","protected":false},"author":2,"featured_media":0,"parent":0,"menu_order":0,"comment_status":"closed","ping_status":"closed","template":"","meta":{"_sitemap_exclude":false,"_sitemap_priority":"","_sitemap_frequency":"","footnotes":""},"categories":[],"tags":[],"class_list":["post-10538","page","type-page","status-publish","hentry"],"jetpack_sharing_enabled":true,"_links":{"self":[{"href":"https:\/\/www.tresmer.ch\/fr\/wp-json\/wp\/v2\/pages\/10538","targetHints":{"allow":["GET"]}}],"collection":[{"href":"https:\/\/www.tresmer.ch\/fr\/wp-json\/wp\/v2\/pages"}],"about":[{"href":"https:\/\/www.tresmer.ch\/fr\/wp-json\/wp\/v2\/types\/page"}],"author":[{"embeddable":true,"href":"https:\/\/www.tresmer.ch\/fr\/wp-json\/wp\/v2\/users\/2"}],"replies":[{"embeddable":true,"href":"https:\/\/www.tresmer.ch\/fr\/wp-json\/wp\/v2\/comments?post=10538"}],"version-history":[{"count":7,"href":"https:\/\/www.tresmer.ch\/fr\/wp-json\/wp\/v2\/pages\/10538\/revisions"}],"predecessor-version":[{"id":11275,"href":"https:\/\/www.tresmer.ch\/fr\/wp-json\/wp\/v2\/pages\/10538\/revisions\/11275"}],"wp:attachment":[{"href":"https:\/\/www.tresmer.ch\/fr\/wp-json\/wp\/v2\/media?parent=10538"}],"wp:term":[{"taxonomy":"category","embeddable":true,"href":"https:\/\/www.tresmer.ch\/fr\/wp-json\/wp\/v2\/categories?post=10538"},{"taxonomy":"post_tag","embeddable":true,"href":"https:\/\/www.tresmer.ch\/fr\/wp-json\/wp\/v2\/tags?post=10538"}],"curies":[{"name":"wp","href":"https:\/\/api.w.org\/{rel}","templated":true}]}}