{"id":10080,"date":"2024-09-13T15:28:58","date_gmt":"2024-09-13T13:28:58","guid":{"rendered":"https:\/\/www.tresmer.ch\/?page_id=10080"},"modified":"2024-09-13T15:45:00","modified_gmt":"2024-09-13T13:45:00","slug":"quest-ce-que-la-telemetrie","status":"publish","type":"page","link":"https:\/\/www.tresmer.ch\/fr\/quest-ce-que-la-telemetrie\/","title":{"rendered":"Qu&rsquo;est-ce que la t\u00e9l\u00e9m\u00e9trie?"},"content":{"rendered":"<div id=\"pg-10080-0\" class=\"panel-grid\">\n<div class=\"panel-grid-core\">\n<div id=\"pgc-10080-0-0\" class=\"panel-grid-cell\" data-weight=\"1\">\n<div class=\"panel-widget-style\">\n<h2><strong>Qu\u2019est-ce que la \u00ab t\u00e9l\u00e9m\u00e9trie \u00bb ?<\/strong><\/h2>\n<div class=\"textwidget\">\n<p>Ce logiciel permet de contr\u00f4ler et de g\u00e9rer le distributeur et l\u2019exploitation. Les produits avec photo et donn\u00e9es, que vous cr\u00e9ez vous-m\u00eame, sont charg\u00e9s sur le distributeur automatique afin de remplir l\u2019affichage avec le prix, la photo et d\u2019autres d\u00e9tails sur le produit.<\/p>\n<p>Vous pouvez surveiller \u00e0 distance la temp\u00e9rature, le chiffre d\u2019affaires, mais aussi le montant que vous avez encaiss\u00e9 et par quel moyen de paiement. Vous pouvez acc\u00e9der \u00e0 tout moment aux donn\u00e9es du distributeur et consulter et t\u00e9l\u00e9charger vos \u00e9valuations. Il est \u00e9galement important de savoir quel produit vous devez r\u00e9approvisionner pour que le distributeur soit suffisamment rempli.<\/p>\n<p>Si le distributeur \u00e9met une alarme en raison d\u2019un dysfonctionnement ou si la temp\u00e9rature n\u2019est plus dans les normes, il vous envoie une alerte sur votre e-mail ou votre appareil mobile via la t\u00e9l\u00e9m\u00e9trie.<\/p>\n<\/div>\n<\/div>\n<\/div>\n<\/div>\n<\/div>\n","protected":false},"excerpt":{"rendered":"<p>Qu\u2019est-ce que la \u00ab t\u00e9l\u00e9m\u00e9trie \u00bb ? Ce logiciel permet de contr\u00f4ler et de g\u00e9rer le distributeur et l\u2019exploitation. Les produits avec photo et donn\u00e9es, que vous cr\u00e9ez vous-m\u00eame, sont charg\u00e9s sur le distributeur automatique afin de remplir l\u2019affichage avec le prix, la photo et d\u2019autres d\u00e9tails sur le produit. Vous pouvez surveiller \u00e0 distance&hellip;<\/p>\n<p class=\"more-link\"><a href=\"https:\/\/www.tresmer.ch\/fr\/quest-ce-que-la-telemetrie\/\" class=\"themebutton\">Read More<\/a><\/p>\n","protected":false},"author":6,"featured_media":0,"parent":0,"menu_order":0,"comment_status":"closed","ping_status":"closed","template":"","meta":{"_sitemap_exclude":false,"_sitemap_priority":"","_sitemap_frequency":"","footnotes":""},"categories":[],"tags":[],"class_list":["post-10080","page","type-page","status-publish","hentry"],"jetpack_sharing_enabled":true,"_links":{"self":[{"href":"https:\/\/www.tresmer.ch\/fr\/wp-json\/wp\/v2\/pages\/10080","targetHints":{"allow":["GET"]}}],"collection":[{"href":"https:\/\/www.tresmer.ch\/fr\/wp-json\/wp\/v2\/pages"}],"about":[{"href":"https:\/\/www.tresmer.ch\/fr\/wp-json\/wp\/v2\/types\/page"}],"author":[{"embeddable":true,"href":"https:\/\/www.tresmer.ch\/fr\/wp-json\/wp\/v2\/users\/6"}],"replies":[{"embeddable":true,"href":"https:\/\/www.tresmer.ch\/fr\/wp-json\/wp\/v2\/comments?post=10080"}],"version-history":[{"count":7,"href":"https:\/\/www.tresmer.ch\/fr\/wp-json\/wp\/v2\/pages\/10080\/revisions"}],"predecessor-version":[{"id":10088,"href":"https:\/\/www.tresmer.ch\/fr\/wp-json\/wp\/v2\/pages\/10080\/revisions\/10088"}],"wp:attachment":[{"href":"https:\/\/www.tresmer.ch\/fr\/wp-json\/wp\/v2\/media?parent=10080"}],"wp:term":[{"taxonomy":"category","embeddable":true,"href":"https:\/\/www.tresmer.ch\/fr\/wp-json\/wp\/v2\/categories?post=10080"},{"taxonomy":"post_tag","embeddable":true,"href":"https:\/\/www.tresmer.ch\/fr\/wp-json\/wp\/v2\/tags?post=10080"}],"curies":[{"name":"wp","href":"https:\/\/api.w.org\/{rel}","templated":true}]}}